{"id":4724,"date":"2021-03-01T18:17:50","date_gmt":"2021-03-01T17:17:51","guid":{"rendered":"https:\/\/jamonesibericosmadrid.com\/?post_type=product&#038;p=4724"},"modified":"2023-07-03T19:31:53","modified_gmt":"2023-07-03T17:31:53","slug":"epaule-iberique-de-bellota-aoc-guijuelo-coupe-au-couteau","status":"publish","type":"product","link":"https:\/\/jamonesibericosmadrid.com\/fr\/producto\/epaule-iberique-de-bellota-aoc-guijuelo-coupe-au-couteau\/","title":{"rendered":"Epaule ib\u00e9rique de bellota AOC Guijuelo coup\u00e9 au couteau"},"content":{"rendered":"<h2>Epaule 100% ib\u00e9rique AOC Guijuelo de bellota coup\u00e9 au couteau<\/h2>\n<p>Originaire de Guijuelo,\u00a0 au coeur de la montagne de Salamanca. Les \u00e9paules proviennent de porcs ib\u00e9riques nourris aux glands et p\u00e2turage lors de la saison sur les domaines. D\u00fb \u00e0 son moindre volume, l&rsquo;\u00e9paule acquiert une grande saveur lors du s\u00e9chage gr\u00e2ce \u00e0 la perte d&rsquo;eau et de volume. L&rsquo;\u00e9paule ateint sa maturit\u00e9 au bout de deux ann\u00e9es de s\u00e9chage dans des grottes naturelles. C&rsquo;est une production limit\u00e9e.<\/p>\n<p>Ingr\u00e9dients : jambon d&rsquo;\u00e9paule de porc ib\u00e9rique, sel marin et temps. Sans agents nitrifiants, lactose, gluten ni allerg\u00e8nes.<\/p>\n","protected":false},"excerpt":{"rendered":"<h3><strong>Epaule ib\u00e9rique de bellota coup\u00e9 au couteau<\/strong><\/h3>\n<p>Originaire de Guijuelo,<span class=\"Apple-converted-space\">\u00a0 <\/span>au coeur de la montagne de Salamanca.<\/p>\n","protected":false},"featured_media":4739,"comment_status":"open","ping_status":"closed","template":"","meta":[],"product_brand":[],"product_cat":[402,397],"product_tag":[],"class_list":{"0":"post-4724","1":"product","2":"type-product","3":"status-publish","4":"has-post-thumbnail","6":"product_cat-coupe-a-la-main-epaule","7":"product_cat-epaule-iberique","8":"tm-no-options","10":"first","11":"instock","12":"taxable","13":"shipping-taxable","14":"purchasable","15":"product-type-variable"},"_links":{"self":[{"href":"https:\/\/jamonesibericosmadrid.com\/fr\/wp-json\/wp\/v2\/product\/4724","targetHints":{"allow":["GET"]}}],"collection":[{"href":"https:\/\/jamonesibericosmadrid.com\/fr\/wp-json\/wp\/v2\/product"}],"about":[{"href":"https:\/\/jamonesibericosmadrid.com\/fr\/wp-json\/wp\/v2\/types\/product"}],"replies":[{"embeddable":true,"href":"https:\/\/jamonesibericosmadrid.com\/fr\/wp-json\/wp\/v2\/comments?post=4724"}],"wp:featuredmedia":[{"embeddable":true,"href":"https:\/\/jamonesibericosmadrid.com\/fr\/wp-json\/wp\/v2\/media\/4739"}],"wp:attachment":[{"href":"https:\/\/jamonesibericosmadrid.com\/fr\/wp-json\/wp\/v2\/media?parent=4724"}],"wp:term":[{"taxonomy":"product_brand","embeddable":true,"href":"https:\/\/jamonesibericosmadrid.com\/fr\/wp-json\/wp\/v2\/product_brand?post=4724"},{"taxonomy":"product_cat","embeddable":true,"href":"https:\/\/jamonesibericosmadrid.com\/fr\/wp-json\/wp\/v2\/product_cat?post=4724"},{"taxonomy":"product_tag","embeddable":true,"href":"https:\/\/jamonesibericosmadrid.com\/fr\/wp-json\/wp\/v2\/product_tag?post=4724"}],"curies":[{"name":"wp","href":"https:\/\/api.w.org\/{rel}","templated":true}]}}