{"id":4915,"date":"2021-03-02T10:48:25","date_gmt":"2021-03-02T09:48:25","guid":{"rendered":"https:\/\/jamonesibericosmadrid.com\/?post_type=product&#038;p=4915"},"modified":"2025-01-28T20:30:09","modified_gmt":"2025-01-28T19:30:09","slug":"jambon-iberique-de-bellota-3-annees","status":"publish","type":"product","link":"https:\/\/jamonesibericosmadrid.com\/fr\/producto\/jambon-iberique-de-bellota-3-annees\/","title":{"rendered":"Jambon ib\u00e9rique de bellota 3 ann\u00e9es Gabriel Casta\u00f1o coup\u00e9."},"content":{"rendered":"<h1>Jambon ib\u00e9rique de bellota 3 ann\u00e9es Gabriel Casta\u00f1o<\/h1>\n<div id=\"attachment_7721\" style=\"width: 310px\" class=\"wp-caption alignleft\"><img decoding=\"async\" aria-describedby=\"caption-attachment-7721\" class=\"wp-image-7721 size-medium\" src=\"https:\/\/jamonesibericosmadrid.com\/wp-content\/uploads\/2024\/04\/6-300x169.jpg\" alt=\"Jambon ib\u00e9rique de bellota 3 ann\u00e9es Gabriel Casta\u00f1o\" width=\"300\" height=\"169\" srcset=\"https:\/\/jamonesibericosmadrid.com\/wp-content\/uploads\/2024\/04\/6-200x113.jpg 200w, https:\/\/jamonesibericosmadrid.com\/wp-content\/uploads\/2024\/04\/6-300x169.jpg 300w, https:\/\/jamonesibericosmadrid.com\/wp-content\/uploads\/2024\/04\/6-400x225.jpg 400w, https:\/\/jamonesibericosmadrid.com\/wp-content\/uploads\/2024\/04\/6-500x281.jpg 500w, https:\/\/jamonesibericosmadrid.com\/wp-content\/uploads\/2024\/04\/6-600x338.jpg 600w, https:\/\/jamonesibericosmadrid.com\/wp-content\/uploads\/2024\/04\/6-700x394.jpg 700w, https:\/\/jamonesibericosmadrid.com\/wp-content\/uploads\/2024\/04\/6-768x432.jpg 768w, https:\/\/jamonesibericosmadrid.com\/wp-content\/uploads\/2024\/04\/6-800x450.jpg 800w, https:\/\/jamonesibericosmadrid.com\/wp-content\/uploads\/2024\/04\/6-1024x576.jpg 1024w, https:\/\/jamonesibericosmadrid.com\/wp-content\/uploads\/2024\/04\/6-1200x675.jpg 1200w, https:\/\/jamonesibericosmadrid.com\/wp-content\/uploads\/2024\/04\/6-1536x864.jpg 1536w\" sizes=\"(max-width: 300px) 100vw, 300px\" \/><p id=\"caption-attachment-7721\" class=\"wp-caption-text\">Jambon ib\u00e9rique de bellota 3 ann\u00e9es Gabriel Casta\u00f1o<\/p><\/div>\n<p>Ces jambons proviennent de porcs \u00e9lev\u00e9s \u00e0 l&rsquo;air libre, puis mis \u00e0 s\u00e9cher pendant au moins 36 mois dans des grottes. C&rsquo;est ce processus qui leur donne cette saveur intense et si particuli\u00e8re<span class=\"Apple-converted-space\">\u00a0 <\/span>floraison typique de cette maison v\u00e9ritablement artisanale. Production limit\u00e9e.<br \/>\nIngr\u00e9dients. jambon de porc ib\u00e9rique pur, sel marin et temps.\u00a0 Sans agents nitrifiants, lactose, gluten ni allerg\u00e8nes.<\/p>\n<h2>Jambon ib\u00e9rique de bellota 3 ann\u00e9es<\/h2>\n<p>Le jambon ib\u00e9rique : c\u2019est LE produit le plus connu d\u2019Espagne, un incontournable de la gastronomie espagnole. Les jambons L\u00f3pez Pascual Gabriel Casta\u00f1o sont s\u00e9lectionn\u00e9s parmi les meilleurs jambons, directement chez les producteurs en Espagne, dans chaque r\u00e9gion d\u2019affinage.<\/p>\n<p>Issus du fameux cochon ib\u00e9rique aux pattes noires, ces jambons sont produits artisanalement avec un processus de fabrication qui dure des ann\u00e9es. Salage, post-salage, s\u00e9chage et affinage\u00a0: ce sont les quatre \u00e9tapes qui fa\u00e7onnent chaque jambon, lui donnent son aspect, son go\u00fbt, ses saveurs, ses ar\u00f4mes et sa texture unique.<\/p>\n<p><strong>En Andalousie, L\u00f3pez Pascual s\u00e9lectionne des jambons au go\u00fbt puissant, savoureux et g\u00e9n\u00e9reux \u00e0 la fois.<\/strong><\/p>\n<p>Tranch\u00e9 en p\u00e9tales, <a href=\"https:\/\/gabrielcastano.com\/\" rel=\"nofollow noopener\" target=\"_blank\">le Jambon ib\u00e9rique de bellota<\/a> 3 ann\u00e9es\u00a0est mis sous vide pour une conservation optimale. Avant de le d\u00e9guster, suivez les conseils ci-dessous pour une exp\u00e9rience parfaite de d\u00e9gustation.<\/p>\n<p>Ingr\u00e9dients : <a href=\"https:\/\/jamonesibericosmadrid.com\/fr\/produit\/jambon-iberique-de-bellota-gabriel-castano-naturel-2020\/\" target=\"_blank\" rel=\"nofollow noopener\">Jambon de bellota 100% ib\u00e9rique<\/a> (origine Espagne \/ Andalousie), sel, et temp.<\/p>\n<p>Pour en d\u00e9couvrir encore plus, consultez notre blog<\/p>\n<p><strong>Valeurs nutritionnelles pour 100g<\/strong><br \/>\n<strong>Nutrition facts per 100g :<\/strong><\/p>\n<p>Energie \/ Energy value368kcal\u00a0 Mati\u00e8res grasses \/ Fats20gDont acides gras satur\u00e9s \/ of which saturated7,2gGlucides \/&lt; 0,5gProt\u00e9ines \/ Protein34gSel \/ salt 4,4g<\/p>\n","protected":false},"excerpt":{"rendered":"<h3><\/h3>\n<h1>Jambon ib\u00e9rique de bellota 3 ann\u00e9es<\/h1>\n<h3><\/h3>\n[caption id=\"attachment_6690\" align=\"alignleft\" width=\"300\"]<img decoding=\"async\" class=\"wp-image-6690 size-medium\" src=\"https:\/\/jamonesibericosmadrid.com\/wp-content\/uploads\/2023\/02\/el-mundo-del-jamon-y-el-jamon-en-el-mundo-300x169.jpg\" alt=\"Jambon ib\u00e9rique de bellota 3 ann\u00e9es\" width=\"300\" height=\"169\" srcset=\"https:\/\/jamonesibericosmadrid.com\/wp-content\/uploads\/2023\/02\/el-mundo-del-jamon-y-el-jamon-en-el-mundo-200x112.jpg 200w, https:\/\/jamonesibericosmadrid.com\/wp-content\/uploads\/2023\/02\/el-mundo-del-jamon-y-el-jamon-en-el-mundo-300x169.jpg 300w, https:\/\/jamonesibericosmadrid.com\/wp-content\/uploads\/2023\/02\/el-mundo-del-jamon-y-el-jamon-en-el-mundo-400x225.jpg 400w, https:\/\/jamonesibericosmadrid.com\/wp-content\/uploads\/2023\/02\/el-mundo-del-jamon-y-el-jamon-en-el-mundo-500x281.jpg 500w, https:\/\/jamonesibericosmadrid.com\/wp-content\/uploads\/2023\/02\/el-mundo-del-jamon-y-el-jamon-en-el-mundo-600x337.jpg 600w, https:\/\/jamonesibericosmadrid.com\/wp-content\/uploads\/2023\/02\/el-mundo-del-jamon-y-el-jamon-en-el-mundo-700x393.jpg 700w, https:\/\/jamonesibericosmadrid.com\/wp-content\/uploads\/2023\/02\/el-mundo-del-jamon-y-el-jamon-en-el-mundo-768x432.jpg 768w, https:\/\/jamonesibericosmadrid.com\/wp-content\/uploads\/2023\/02\/el-mundo-del-jamon-y-el-jamon-en-el-mundo-800x450.jpg 800w, https:\/\/jamonesibericosmadrid.com\/wp-content\/uploads\/2023\/02\/el-mundo-del-jamon-y-el-jamon-en-el-mundo.jpg 1000w\" sizes=\"(max-width: 300px) 100vw, 300px\" \/> Jambon ib\u00e9rique de bellota 3 ann\u00e9es[\/caption]\n<p>Ces jambons proviennent de porcs \u00e9lev\u00e9s \u00e0 l&rsquo;air libre, puis mis \u00e0 s\u00e9cher pendant au moins 36 mois dans des grottes.<\/p>\n<p>Tranch\u00e9 en p\u00e9tales, <a href=\"https:\/\/gabrielcastano.com\/\" rel=\"nofollow\">le Jambon ib\u00e9rique de bellota<\/a> 3 ann\u00e9es\u00a0est mis sous vide pour une conservation optimale. Avant de le d\u00e9guster, suivez les conseils ci-dessous pour une exp\u00e9rience parfaite de d\u00e9gustation.<\/p>\n<p>Ingr\u00e9dients : <a href=\"https:\/\/jamonesibericosmadrid.com\/fr\/produit\/jambon-iberique-de-bellota-gabriel-castano-naturel-2020\/\" target=\"_blank\" rel=\"nofollow noopener\">Jambon de bellota 100% ib\u00e9rique<\/a> (origine Espagne \/ Andalousie), sel, et temp.<\/p>\n","protected":false},"featured_media":5037,"comment_status":"open","ping_status":"closed","template":"","meta":[],"product_brand":[],"product_cat":[267,66],"product_tag":[],"class_list":{"0":"post-4915","1":"product","2":"type-product","3":"status-publish","4":"has-post-thumbnail","6":"product_cat-coupe-a-la-main","7":"product_cat-jambon-iberique","8":"tm-no-options","10":"first","11":"instock","12":"taxable","13":"shipping-taxable","14":"purchasable","15":"product-type-variable"},"_links":{"self":[{"href":"https:\/\/jamonesibericosmadrid.com\/fr\/wp-json\/wp\/v2\/product\/4915","targetHints":{"allow":["GET"]}}],"collection":[{"href":"https:\/\/jamonesibericosmadrid.com\/fr\/wp-json\/wp\/v2\/product"}],"about":[{"href":"https:\/\/jamonesibericosmadrid.com\/fr\/wp-json\/wp\/v2\/types\/product"}],"replies":[{"embeddable":true,"href":"https:\/\/jamonesibericosmadrid.com\/fr\/wp-json\/wp\/v2\/comments?post=4915"}],"wp:featuredmedia":[{"embeddable":true,"href":"https:\/\/jamonesibericosmadrid.com\/fr\/wp-json\/wp\/v2\/media\/5037"}],"wp:attachment":[{"href":"https:\/\/jamonesibericosmadrid.com\/fr\/wp-json\/wp\/v2\/media?parent=4915"}],"wp:term":[{"taxonomy":"product_brand","embeddable":true,"href":"https:\/\/jamonesibericosmadrid.com\/fr\/wp-json\/wp\/v2\/product_brand?post=4915"},{"taxonomy":"product_cat","embeddable":true,"href":"https:\/\/jamonesibericosmadrid.com\/fr\/wp-json\/wp\/v2\/product_cat?post=4915"},{"taxonomy":"product_tag","embeddable":true,"href":"https:\/\/jamonesibericosmadrid.com\/fr\/wp-json\/wp\/v2\/product_tag?post=4915"}],"curies":[{"name":"wp","href":"https:\/\/api.w.org\/{rel}","templated":true}]}}