{"id":5136,"date":"2021-03-12T18:38:42","date_gmt":"2021-03-12T17:38:42","guid":{"rendered":"https:\/\/jamonesibericosmadrid.com\/producto\/la-sonrisa-del-nomada-do-toro\/"},"modified":"2023-11-30T19:24:38","modified_gmt":"2023-11-30T18:24:38","slug":"la-sonrisa-del-nomada-do-toro","status":"publish","type":"product","link":"https:\/\/jamonesibericosmadrid.com\/fr\/producto\/la-sonrisa-del-nomada-do-toro\/","title":{"rendered":"La Sonrisa del N\u00f3mada DO Toro"},"content":{"rendered":"<h2>La Sonrisa del N\u00f3mada DO Toro<\/h2>\n<p>C\u2019est un grand vin, avec du caract\u00e8re, en accords avec les nouvelles tendances.\u00a0 A la d\u00e9gustation, il pr\u00e9sente une robe d\u2019un intense rouge cerise griotte.<\/p>\n<h3 class=\"fusion-woocommerce-tab-title fusion-responsive-typography-calculated\" data-fontsize=\"18\" data-lineheight=\"27px\">Description<\/h3>\n<p>La Sonrisa del N\u00f3mada<br \/>\n<strong>AOC<\/strong>\u00a0 \u00a0 DO. TORO<br \/>\nFinesse et l\u00e9g\u00e8ret\u00e9<\/p>\n<p>EPUISE \u2013 . N\u00d3MADA AOC Toro est \u00e9labor\u00e9 uniquement des meilleurs ann\u00e9es de vendanges, \u00e0 partir de Tinta de Toro issus nos parcelles choisis Grand Cru de Toro. Fin et l\u00e9ger, d\u2019une robe rubis, ce vin tranquille d\u00e9veloppe des ar\u00f4mes de petits fruits rouges, tout particuli\u00e8rement de framboise.<\/p>\n<p>ANNEE 2018<\/p>\n<p>CARACT\u00c9RISTIQUES<br \/>\n100% Tinta de Toro, s\u00e9lection rigoureuse des grappes, vinification artisanale par le foulage et l\u2019\u00e9grappage<\/p>\n<p>D\u00c9GUSTATION<br \/>\nSe d\u00e9guste chambr\u00e9 avec des viandes blanches et rouges ou des fromages, et s\u2019appr\u00e9cie l\u00e9g\u00e8rement frais avec des crustac\u00e9s et poissons grill\u00e9es.<\/p>\n","protected":false},"excerpt":{"rendered":"<h2>La Sonrisa del N\u00f3mada DO Toro<\/h2>\n<p>C\u2019est un grand vin, avec du caract\u00e8re, en accords avec les nouvelles tendances.\u00a0 A la d\u00e9gustation, il pr\u00e9sente une robe d\u2019un intense rouge cerise griotte.<\/p>\n","protected":false},"featured_media":5134,"comment_status":"open","ping_status":"closed","template":"","meta":[],"product_brand":[],"product_cat":[68],"product_tag":[],"class_list":{"0":"post-5136","1":"product","2":"type-product","3":"status-publish","4":"has-post-thumbnail","6":"product_cat-vins","7":"tm-no-options","9":"first","10":"instock","11":"taxable","12":"shipping-taxable","13":"purchasable","14":"product-type-simple"},"_links":{"self":[{"href":"https:\/\/jamonesibericosmadrid.com\/fr\/wp-json\/wp\/v2\/product\/5136","targetHints":{"allow":["GET"]}}],"collection":[{"href":"https:\/\/jamonesibericosmadrid.com\/fr\/wp-json\/wp\/v2\/product"}],"about":[{"href":"https:\/\/jamonesibericosmadrid.com\/fr\/wp-json\/wp\/v2\/types\/product"}],"replies":[{"embeddable":true,"href":"https:\/\/jamonesibericosmadrid.com\/fr\/wp-json\/wp\/v2\/comments?post=5136"}],"wp:featuredmedia":[{"embeddable":true,"href":"https:\/\/jamonesibericosmadrid.com\/fr\/wp-json\/wp\/v2\/media\/5134"}],"wp:attachment":[{"href":"https:\/\/jamonesibericosmadrid.com\/fr\/wp-json\/wp\/v2\/media?parent=5136"}],"wp:term":[{"taxonomy":"product_brand","embeddable":true,"href":"https:\/\/jamonesibericosmadrid.com\/fr\/wp-json\/wp\/v2\/product_brand?post=5136"},{"taxonomy":"product_cat","embeddable":true,"href":"https:\/\/jamonesibericosmadrid.com\/fr\/wp-json\/wp\/v2\/product_cat?post=5136"},{"taxonomy":"product_tag","embeddable":true,"href":"https:\/\/jamonesibericosmadrid.com\/fr\/wp-json\/wp\/v2\/product_tag?post=5136"}],"curies":[{"name":"wp","href":"https:\/\/api.w.org\/{rel}","templated":true}]}}