{"id":5137,"date":"2021-03-12T18:30:13","date_gmt":"2021-03-12T17:30:13","guid":{"rendered":"https:\/\/jamonesibericosmadrid.com\/producto\/vega-sauco-seleccion-do-toro\/"},"modified":"2024-02-21T10:26:34","modified_gmt":"2024-02-21T09:26:34","slug":"quinta-quietud-reserva-2017","status":"publish","type":"product","link":"https:\/\/jamonesibericosmadrid.com\/fr\/producto\/quinta-quietud-reserva-2017\/","title":{"rendered":"Quinta Quietud Reserva 2017"},"content":{"rendered":"<h2>Quinta Quietud Reserva 2017<\/h2>\n<p>Le Vega Sa\u00faco produit exclusivement sur des parcelles de vigne de plus de 50 ans. Un D.O. Toro rigoureusement s\u00e9lectionn\u00e9. Toute sa production est vieillie en barriques de ch\u00eane pendant 18 mois et b\u00e9n\u00e9ficie des soins les plus attentifs. On y retrouve toutes les qualit\u00e9s de ce terroir. Un tr\u00e8s grand vin de Toro, r\u00e9serv\u00e9 a quelques privil\u00e9gi\u00e9s compte tenu de sa production limit\u00e9e.<br \/>\nCes dispositions naturelles ont toujours fait du Toro, et de Zamora en particulier, l&rsquo;une des r\u00e9gions viticoles les plus anciennes du Espagne. C&rsquo;est \u00e0 cet environnement que s&rsquo;expriment le potentiel et la richesse des vins issus de ce merveilleux terroir.<\/p>\n","protected":false},"excerpt":{"rendered":"<h2>Quinta Quietud Reserva 2017<\/h2>\n<p>Un D.O. Toro rigoureusement s\u00e9lectionn\u00e9. Toute sa production est vieillie en barriques de ch\u00eane pendant 18 mois et b\u00e9n\u00e9ficie des soins les plus attentifs. On y retrouve toutes les qualit\u00e9s de ce terroir. Un tr\u00e8s grand vin de Toro, r\u00e9serv\u00e9 a quelques privil\u00e9gi\u00e9s compte tenu de sa production limit\u00e9e.<br \/>\nCes dispositions naturelles ont toujours fait du Toro, et de Zamora en particulier, l&rsquo;une des r\u00e9gions viticoles les plus anciennes du Espagne. C&rsquo;est \u00e0 cet environnement que s&rsquo;expriment le potentiel et la richesse des vins issus de ce merveilleux terroir.<\/p>\n","protected":false},"featured_media":7504,"comment_status":"open","ping_status":"closed","template":"","meta":[],"product_brand":[],"product_cat":[68],"product_tag":[],"class_list":{"0":"post-5137","1":"product","2":"type-product","3":"status-publish","4":"has-post-thumbnail","6":"product_cat-vins","7":"tm-no-options","9":"first","10":"outofstock","11":"taxable","12":"shipping-taxable","13":"purchasable","14":"product-type-simple"},"_links":{"self":[{"href":"https:\/\/jamonesibericosmadrid.com\/fr\/wp-json\/wp\/v2\/product\/5137","targetHints":{"allow":["GET"]}}],"collection":[{"href":"https:\/\/jamonesibericosmadrid.com\/fr\/wp-json\/wp\/v2\/product"}],"about":[{"href":"https:\/\/jamonesibericosmadrid.com\/fr\/wp-json\/wp\/v2\/types\/product"}],"replies":[{"embeddable":true,"href":"https:\/\/jamonesibericosmadrid.com\/fr\/wp-json\/wp\/v2\/comments?post=5137"}],"wp:featuredmedia":[{"embeddable":true,"href":"https:\/\/jamonesibericosmadrid.com\/fr\/wp-json\/wp\/v2\/media\/7504"}],"wp:attachment":[{"href":"https:\/\/jamonesibericosmadrid.com\/fr\/wp-json\/wp\/v2\/media?parent=5137"}],"wp:term":[{"taxonomy":"product_brand","embeddable":true,"href":"https:\/\/jamonesibericosmadrid.com\/fr\/wp-json\/wp\/v2\/product_brand?post=5137"},{"taxonomy":"product_cat","embeddable":true,"href":"https:\/\/jamonesibericosmadrid.com\/fr\/wp-json\/wp\/v2\/product_cat?post=5137"},{"taxonomy":"product_tag","embeddable":true,"href":"https:\/\/jamonesibericosmadrid.com\/fr\/wp-json\/wp\/v2\/product_tag?post=5137"}],"curies":[{"name":"wp","href":"https:\/\/api.w.org\/{rel}","templated":true}]}}