{"id":5421,"date":"2021-02-25T14:43:49","date_gmt":"2021-02-25T13:43:49","guid":{"rendered":"https:\/\/jamonesibericosmadrid.com\/producto\/fromage-au-lait-cru-avec-truffe\/"},"modified":"2023-12-08T07:26:12","modified_gmt":"2023-12-08T06:26:12","slug":"fromage-de-brebis-affine-a-la-truffe","status":"publish","type":"product","link":"https:\/\/jamonesibericosmadrid.com\/fr\/producto\/fromage-de-brebis-affine-a-la-truffe\/","title":{"rendered":"Fromage de Brebis Affin\u00e9 \u00e0 la Truffe"},"content":{"rendered":"<h2>Fromage de Brebis Affin\u00e9 \u00e0 la Truffe<\/h2>\n<p>Ce fromage \u00e9labor\u00e9 \u00e0 base de lait cru de brebis et de <a href=\"https:\/\/www.manjaresdelatierra.com\/es\/content\/32-la-trufa-todo-sobre#\" target=\"_blank\" rel=\"noopener\">truffe noire<\/a>. Durant ses 6 mois d\u2019affinage, le fromage va gagner en saveur gr\u00e2ce au travail de la microflore naturelle du fromage et l\u2019ar\u00f4me de la truffe va s\u2019\u00e9panouir \u00e0 mesure que le fromage va perdre son humidit\u00e9 initiale.Cette association de fromage de brebis et de truffe conf\u00e8rent \u00e0 ce nouveau produit un go\u00fbt unique.<\/p>\n<p>Les truffes sont l\u2019un des aliments les plus appr\u00e9ci\u00e9s, c\u2019est pourquoi nous apportons les meilleures truffes du Soria (Espa\u00f1a) pour faire notre fromage truff\u00e9. Avec une maturit\u00e9 d\u2019environ 5 mois dans les meilleures conditions atmosph\u00e9riques, augmentant tous les ar\u00f4mes \u00e0 mesure que le fromage perd son humidit\u00e9 initiale. La truffe est ajout\u00e9e directement au lait, sans ar\u00f4mes,<a href=\"https:\/\/jamonesibericosmadrid.com\/fr\/produit\/artajo-albador-arbequina-frutado-bio-botella-1-litro-copia-copia-copia-copia\/\" target=\"_blank\" rel=\"noopener\"> huiles<\/a> ou essences utilis\u00e9es, conf\u00e9rant au fromage de brebis cru des caract\u00e9ristiques uniques.<\/p>\n<p>Avec un affinage d&rsquo;au minimum six mois, le marbrage aux truffes<br \/>\nde la p\u00e2te dure du Queso Curado lui apportera une singularit\u00e9 bien appr\u00e9ciable.<\/p>\n","protected":false},"excerpt":{"rendered":"<h2>Fromage au lait cru avec truffe<\/h2>\n<p>Ce fromage \u00e9labor\u00e9 \u00e0 base de lait cru de brebis et de <a href=\"https:\/\/jamonesibericosmadrid.com\/fr\/produit\/saucisson-iberique-de-bellota-trufee-en-boyau-naturel-fisan\/\" target=\"_blank\" rel=\"noopener\">truffe noire<\/a>. Durant ses 6 mois d\u2019affinage, le fromage va gagner en saveur gr\u00e2ce au travail de la microflore naturelle du fromage et l\u2019ar\u00f4me de la truffe va s\u2019\u00e9panouir \u00e0 mesure que le fromage va perdre son humidit\u00e9 initiale.Cette association de fromage de brebis et de truffe conf\u00e8rent \u00e0 ce nouveau produit un go\u00fbt unique.<\/p>\n","protected":false},"featured_media":4390,"comment_status":"open","ping_status":"closed","template":"","meta":[],"product_brand":[],"product_cat":[335],"product_tag":[],"class_list":{"0":"post-5421","1":"product","2":"type-product","3":"status-publish","4":"has-post-thumbnail","6":"product_cat-fromages","7":"tm-no-options","9":"first","10":"outofstock","11":"taxable","12":"shipping-taxable","13":"purchasable","14":"product-type-simple"},"_links":{"self":[{"href":"https:\/\/jamonesibericosmadrid.com\/fr\/wp-json\/wp\/v2\/product\/5421","targetHints":{"allow":["GET"]}}],"collection":[{"href":"https:\/\/jamonesibericosmadrid.com\/fr\/wp-json\/wp\/v2\/product"}],"about":[{"href":"https:\/\/jamonesibericosmadrid.com\/fr\/wp-json\/wp\/v2\/types\/product"}],"replies":[{"embeddable":true,"href":"https:\/\/jamonesibericosmadrid.com\/fr\/wp-json\/wp\/v2\/comments?post=5421"}],"wp:featuredmedia":[{"embeddable":true,"href":"https:\/\/jamonesibericosmadrid.com\/fr\/wp-json\/wp\/v2\/media\/4390"}],"wp:attachment":[{"href":"https:\/\/jamonesibericosmadrid.com\/fr\/wp-json\/wp\/v2\/media?parent=5421"}],"wp:term":[{"taxonomy":"product_brand","embeddable":true,"href":"https:\/\/jamonesibericosmadrid.com\/fr\/wp-json\/wp\/v2\/product_brand?post=5421"},{"taxonomy":"product_cat","embeddable":true,"href":"https:\/\/jamonesibericosmadrid.com\/fr\/wp-json\/wp\/v2\/product_cat?post=5421"},{"taxonomy":"product_tag","embeddable":true,"href":"https:\/\/jamonesibericosmadrid.com\/fr\/wp-json\/wp\/v2\/product_tag?post=5421"}],"curies":[{"name":"wp","href":"https:\/\/api.w.org\/{rel}","templated":true}]}}