{"id":5654,"date":"2019-09-27T10:46:09","date_gmt":"2019-09-27T08:46:09","guid":{"rendered":"https:\/\/jamonesibericosmadrid.com\/producto\/vina-arana-gran-reserva-2012\/"},"modified":"2024-03-22T19:36:44","modified_gmt":"2024-03-22T18:36:44","slug":"vina-arana-gran-reserva-2012","status":"publish","type":"product","link":"https:\/\/jamonesibericosmadrid.com\/fr\/producto\/vina-arana-gran-reserva-2012\/","title":{"rendered":"Vi\u00f1a Arana Gran Reserva 2016"},"content":{"rendered":"<h1>Vi\u00f1a Arana Gran Reserva 2016<\/h1>\n<p>La premi\u00e8re Vi\u00f1a Arana Gran Reserva de Rioja Alta est un mill\u00e9sime caract\u00e9ris\u00e9 par la s\u00e9cheresse, qui a donn\u00e9 une grande h\u00e9t\u00e9rog\u00e9n\u00e9it\u00e9 dans les raisins. Les pluies de la fin septembre ont eu une influence tr\u00e8s positive sur l&rsquo;\u00e9volution des vignobles, permettant une maturation parfaite des baies. Les raisins sont entr\u00e9s dans la cave dans un magnifique \u00e9tat de sant\u00e9 et avec un excellent \u00e9quilibre entre la teneur en alcool et les polyph\u00e9nols, ce qui nous a permis de produire des vins de grande qualit\u00e9, avec une bonne structure polyph\u00e9nolique et une magnifique typicit\u00e9 aromatique, facteurs cl\u00e9s des vins de garde et d\u00e9cisifs dans notre d\u00e9cision de produire le premier Vi\u00f1a Arana Gran Reserva.<br \/>\nVi\u00f1a Arana Gran Reserva de notre histoire.<\/p>\n<p>Nous avons commenc\u00e9 les vendanges avec le Tempranillo et, 17 jours plus tard, nous avons r\u00e9colt\u00e9 le Graciano de Montecillo, la derni\u00e8re parcelle r\u00e9colt\u00e9e.<br \/>\nTous les raisins ont \u00e9t\u00e9 transport\u00e9s r\u00e9frig\u00e9r\u00e9s dans de petites bo\u00eetes afin de pr\u00e9server leur int\u00e9grit\u00e9. La fermentation alcoolique a eu lieu en cuve pendant 16 jours pour le Tempranillo et 18 jours pour le Graciano.<\/p>\n<p>La fermentation malolactique a eu lieu naturellement et, en mars 2013, les vins s\u00e9lectionn\u00e9s ont \u00e9t\u00e9 transf\u00e9r\u00e9s dans nos propres f\u00fbts de ch\u00eane am\u00e9ricain d&rsquo;un \u00e2ge moyen de 3 ans. Pendant leur vieillissement de trois ans, ils ont \u00e9t\u00e9 soutir\u00e9s selon la m\u00e9thode traditionnelle tous les 6 mois. En mars 2016, le dernier coupage a \u00e9t\u00e9 effectu\u00e9, m\u00e9langeant les deux vari\u00e9t\u00e9s pour atteindre le magnifique \u00e9quilibre qui caract\u00e9rise cette premi\u00e8re Vi\u00f1a.<br \/>\nArana Gran Reserva.<\/p>\n<p>Accord mets et vins<br \/>\nParticuli\u00e8rement recommand\u00e9 avec toutes sortes de viandes et de rago\u00fbts, les charcuteries ib\u00e9riques puissantes, les poissons \u00e9pic\u00e9s, les desserts napp\u00e9s de chocolat ou de fruits rouges. Parfait comme boisson d&rsquo;apr\u00e8s-d\u00eener.<\/p>\n<p>Notes de d\u00e9gustation<br \/>\nCouleur rouge cerise, avec un bord grenat. Haute intensit\u00e9 aromatique, avec des ar\u00f4mes de fruits rouges m\u00fbrs, de baies rouges, de fraise des bois et de confiture de prunes noires, qui laissent place aux ar\u00f4mes tertiaires de l&rsquo;\u00e9levage soign\u00e9 en bois : vanille, c\u00e8dre, tabac, caf\u00e9, caramel et notes sucr\u00e9es de p\u00e2tisserie. En bouche, sa fra\u00eecheur initiale et sa structure, typique de la marque, pr\u00e9dominent. \u00c9quilibr\u00e9, avec des tanins doux et sucr\u00e9s. Finale \u00e9l\u00e9gante et complexe.<\/p>\n<p>La vari\u00e9t\u00e9 de base est le Tempranillo (95%) avec 5% de Mazuelo provenant des domaines El Palo et Las Monjas \u00e0 Rodezno. Propres vignobles plant\u00e9s sur des sols limoneux en 1973.<br \/>\nCouleur rouge cerise, avec un bord grenat.<\/p>\n<p>Haute intensit\u00e9 aromatique, avec des ar\u00f4mes de fruits rouges m\u00fbrs, de baies rouges, de fraise des bois et de confiture de prunes noires, qui laissent place aux ar\u00f4mes tertiaires de l&rsquo;\u00e9levage soign\u00e9 en bois : vanille, c\u00e8dre, tabac, caf\u00e9, caramel et notes de p\u00e2tisserie sucr\u00e9e.<\/p>\n<p>En bouche, sa fra\u00eecheur initiale et sa structure, typiques de cette marque, pr\u00e9dominent. \u00c9quilibr\u00e9, avec des tanins doux et sucr\u00e9s. Une finale \u00e9l\u00e9gante et complexe, avec des notes de fruits rouges m\u00fbrs et des notes balsamiques qui laissent une finale splendide. Un vin qui a une longue capacit\u00e9 \u00e0 continuer \u00e0 se bonifier en bouteille.<\/p>\n<p>C&rsquo;est donc un vin avec de la fra\u00eecheur, de l&rsquo;intensit\u00e9, de la sophistication et surtout, un grand nom et un potentiel de vieillissement. En bref, un excellent vin.<\/p>\n<p>Type de vin : Vin rouge Pr\u00e9sentation : Coffret en bois<br \/>\nVari\u00e9t\u00e9s : Tempranillo 95% et Mazuelo 5%.<br \/>\nD.O. RIOJA.<br \/>\nVintage : Tr\u00e8s bien.<\/p>\n","protected":false},"excerpt":{"rendered":"<h2>Vi\u00f1a Arana Gran Reserva 2016<\/h2>\n<p>La premi\u00e8re Vi\u00f1a Arana Gran Reserva de Rioja Alta est un mill\u00e9sime caract\u00e9ris\u00e9 par la s\u00e9cheresse, qui a donn\u00e9 une grande h\u00e9t\u00e9rog\u00e9n\u00e9it\u00e9 dans les raisins. Les pluies de la fin septembre ont eu une influence tr\u00e8s positive sur l&rsquo;\u00e9volution des vignobles, permettant une maturation parfaite des baies.<\/p>\n","protected":false},"featured_media":3810,"comment_status":"open","ping_status":"closed","template":"","meta":[],"product_brand":[],"product_cat":[68],"product_tag":[],"class_list":{"0":"post-5654","1":"product","2":"type-product","3":"status-publish","4":"has-post-thumbnail","6":"product_cat-vins","7":"tm-no-options","9":"first","10":"instock","11":"taxable","12":"shipping-taxable","13":"purchasable","14":"product-type-simple"},"_links":{"self":[{"href":"https:\/\/jamonesibericosmadrid.com\/fr\/wp-json\/wp\/v2\/product\/5654","targetHints":{"allow":["GET"]}}],"collection":[{"href":"https:\/\/jamonesibericosmadrid.com\/fr\/wp-json\/wp\/v2\/product"}],"about":[{"href":"https:\/\/jamonesibericosmadrid.com\/fr\/wp-json\/wp\/v2\/types\/product"}],"replies":[{"embeddable":true,"href":"https:\/\/jamonesibericosmadrid.com\/fr\/wp-json\/wp\/v2\/comments?post=5654"}],"wp:featuredmedia":[{"embeddable":true,"href":"https:\/\/jamonesibericosmadrid.com\/fr\/wp-json\/wp\/v2\/media\/3810"}],"wp:attachment":[{"href":"https:\/\/jamonesibericosmadrid.com\/fr\/wp-json\/wp\/v2\/media?parent=5654"}],"wp:term":[{"taxonomy":"product_brand","embeddable":true,"href":"https:\/\/jamonesibericosmadrid.com\/fr\/wp-json\/wp\/v2\/product_brand?post=5654"},{"taxonomy":"product_cat","embeddable":true,"href":"https:\/\/jamonesibericosmadrid.com\/fr\/wp-json\/wp\/v2\/product_cat?post=5654"},{"taxonomy":"product_tag","embeddable":true,"href":"https:\/\/jamonesibericosmadrid.com\/fr\/wp-json\/wp\/v2\/product_tag?post=5654"}],"curies":[{"name":"wp","href":"https:\/\/api.w.org\/{rel}","templated":true}]}}