{"id":5695,"date":"2021-01-14T19:57:48","date_gmt":"2021-01-14T18:57:48","guid":{"rendered":"https:\/\/jamonesibericosmadrid.com\/producto\/tobia-seleccion-de-autor-2017\/"},"modified":"2023-10-04T10:31:45","modified_gmt":"2023-10-04T08:31:45","slug":"tobia-seleccion-de-autor-2018","status":"publish","type":"product","link":"https:\/\/jamonesibericosmadrid.com\/fr\/producto\/tobia-seleccion-de-autor-2018\/","title":{"rendered":"Tob\u00eda Selecci\u00f3n de Autor 2018"},"content":{"rendered":"<h3>Tob\u00eda Selecci\u00f3n de Autor 2018<\/h3>\n<p>Aspect propre et brillant. Couleur rouge cerise intense avec un bord grenat. Ar\u00f4me parfum\u00e9 de fruits rouges m\u00fbrs (fraises, groseilles), de r\u00e9glisse, de fruits noirs comme les prunes, de notes lactiques et de cacao sur un fond d&rsquo;eucalyptus et de violettes. En bouche, il est onctueux, volumineux, charnu et d&rsquo;une bonne fra\u00eecheur. Tannins vifs mais polis. Bouche ronde, avec un arri\u00e8re-go\u00fbt de fruits m\u00fbrs et de cacao. Long et persistant.<\/p>\n<p>Temp\u00e9rature de service : 15-16\u00baC.<\/p>\n<p>&nbsp;<\/p>\n","protected":false},"excerpt":{"rendered":"<h3>Tob\u00eda Selecci\u00f3n de Autor 2018<\/h3>\n<p>Aspect propre et brillant. Couleur rouge cerise intense avec un bord grenat.<\/p>\n","protected":false},"featured_media":3623,"comment_status":"open","ping_status":"closed","template":"","meta":[],"product_brand":[],"product_cat":[68],"product_tag":[],"class_list":{"0":"post-5695","1":"product","2":"type-product","3":"status-publish","4":"has-post-thumbnail","6":"product_cat-vins","7":"tm-no-options","9":"first","10":"outofstock","11":"taxable","12":"shipping-taxable","13":"purchasable","14":"product-type-simple"},"_links":{"self":[{"href":"https:\/\/jamonesibericosmadrid.com\/fr\/wp-json\/wp\/v2\/product\/5695","targetHints":{"allow":["GET"]}}],"collection":[{"href":"https:\/\/jamonesibericosmadrid.com\/fr\/wp-json\/wp\/v2\/product"}],"about":[{"href":"https:\/\/jamonesibericosmadrid.com\/fr\/wp-json\/wp\/v2\/types\/product"}],"replies":[{"embeddable":true,"href":"https:\/\/jamonesibericosmadrid.com\/fr\/wp-json\/wp\/v2\/comments?post=5695"}],"wp:featuredmedia":[{"embeddable":true,"href":"https:\/\/jamonesibericosmadrid.com\/fr\/wp-json\/wp\/v2\/media\/3623"}],"wp:attachment":[{"href":"https:\/\/jamonesibericosmadrid.com\/fr\/wp-json\/wp\/v2\/media?parent=5695"}],"wp:term":[{"taxonomy":"product_brand","embeddable":true,"href":"https:\/\/jamonesibericosmadrid.com\/fr\/wp-json\/wp\/v2\/product_brand?post=5695"},{"taxonomy":"product_cat","embeddable":true,"href":"https:\/\/jamonesibericosmadrid.com\/fr\/wp-json\/wp\/v2\/product_cat?post=5695"},{"taxonomy":"product_tag","embeddable":true,"href":"https:\/\/jamonesibericosmadrid.com\/fr\/wp-json\/wp\/v2\/product_tag?post=5695"}],"curies":[{"name":"wp","href":"https:\/\/api.w.org\/{rel}","templated":true}]}}