{"id":5702,"date":"2021-03-04T13:24:41","date_gmt":"2021-03-04T12:24:41","guid":{"rendered":"https:\/\/jamonesibericosmadrid.com\/producto\/5702\/"},"modified":"2021-05-06T13:06:26","modified_gmt":"2021-05-06T11:06:26","slug":"extra-de-boeuf-seche","status":"publish","type":"product","link":"https:\/\/jamonesibericosmadrid.com\/fr\/producto\/extra-de-boeuf-seche\/","title":{"rendered":"Extra de boeuf s\u00e9ch\u00e9"},"content":{"rendered":"<h2>Extra de boeuf s\u00e9ch\u00e9<\/h2>\n<p>La meilleure cecina du monde, sous le Conseil r\u00e9gulateur de l&rsquo;Indication g\u00e9ographique prot\u00e9g\u00e9e (IGP) \u00ab\u00a0Cecina de Le\u00f3n\u00a0\u00bb, qui certifie que ce produit respecte toutes les garanties de qualit\u00e9, ce qui en fait une d\u00e9licatesse exquise.<\/p>\n<p>La mati\u00e8re premi\u00e8re est fondamentale dans l&rsquo;essence de cecina. Nous s\u00e9lectionnons toujours des viandes adultes de premi\u00e8re qualit\u00e9. Chaque pi\u00e8ce passe par une phase de salage d\u00e9termin\u00e9e par nos ma\u00eetres, qui est suivie d&rsquo;une d\u00e9licate \u00e9tape de dessalage. De cette fa\u00e7on, seul le sel n\u00e9cessaire accompagne la saucisse.<\/p>\n<p>Viande s\u00e9ch\u00e9e de b\u0153uf extra-s\u00fbre provenant des montagnes de Le\u00f3n. S\u00e9chage lent et artisanal jusqu&rsquo;\u00e0 16 mois. L\u00e9g\u00e8rement fum\u00e9 avec du ch\u00eane vert et du ch\u00eane. La Cecina peut \u00eatre d\u00e9sign\u00e9e par le terme \u00ab\u00a0jambon de vache\u00a0\u00bb.<\/p>\n<p>Extra de boeuf s\u00e9ch\u00e9<br \/>\nVous serez surpris par la saveur et le caract\u00e8re juteux de la viande, ainsi que par la touche fum\u00e9e qui offre des saveurs intenses. Il est recommand\u00e9 de prendre le produit \u00e0 temp\u00e9rature ambiante.<\/p>\n<p>D\u00e9finition<\/p>\n<p>\u00c9tymologiquement, le mot cecina d\u00e9rive du terme latin siccus, qui signifie sec, ou du terme celte ciercina qui d\u00e9signe le vent.<\/p>\n<p>Mati\u00e8re premi\u00e8re<\/p>\n<p>La mati\u00e8re premi\u00e8re utilis\u00e9e pour l&rsquo;\u00e9laboration de la \u00ab\u00a0Cecina de Le\u00f3n\u00a0\u00bb, conform\u00e9ment au r\u00e8glement du conseil r\u00e9gulateur de l&rsquo;IGP \u00ab\u00a0Cecina de Le\u00f3n\u00a0\u00bb, est le quartier arri\u00e8re de bovins \u00e2g\u00e9s d&rsquo;au moins cinq ans et d&rsquo;un poids vif minimal de 400 kilos, provenant de pr\u00e9f\u00e9rence de races bovines autochtones de Castille-et-Le\u00f3n.<\/p>\n<p>Quatre parties ou coupes de ces quartiers arri\u00e8re sont utilis\u00e9es &#8211; tapa, contra, babilla et hip &#8211; toutes \u00e9tant class\u00e9es selon la M.A.P.A. dans la cat\u00e9gorie des viandes de 1\u00e8re cat\u00e9gorie.<\/p>\n<p>Processus d&rsquo;\u00e9laboration de l&rsquo;extra de b\u0153uf Cecina<\/p>\n<p>Les seuls ingr\u00e9dients utilis\u00e9s dans la production de la \u00ab\u00a0Cecina de Le\u00f3n\u00a0\u00bb sont le b\u0153uf et le sel.<\/p>\n<p>On utilise essentiellement deux proc\u00e9d\u00e9s, l&rsquo;un qui peut \u00eatre consid\u00e9r\u00e9 comme \u00ab\u00a0artisanal\u00a0\u00bb et qui est r\u00e9alis\u00e9 selon des syst\u00e8mes traditionnels et co\u00efncide avec les p\u00e9riodes les plus froides de l&rsquo;ann\u00e9e &#8211; de novembre \u00e0 mars &#8211; et l&rsquo;autre \u00ab\u00a0industriel\u00a0\u00bb ou \u00ab\u00a0semi-industriel\u00a0\u00bb qui utilise des techniques plus modernes de s\u00e9chage de la viande et qui peut \u00eatre r\u00e9alis\u00e9 tout au long de l&rsquo;ann\u00e9e.<\/p>\n<p>Le processus de production comprend six op\u00e9rations ou phases qui sont chronologiquement : le profilage, le salage, le lavage, la d\u00e9cantation, le fumage et le s\u00e9chage ou la maturation. L&rsquo;ensemble de ce processus de production aura une dur\u00e9e minimale de sept mois \u00e0 compter du salage.<\/p>\n<p>Processus de profilage<\/p>\n<p>Le profilage est l&rsquo;op\u00e9ration par laquelle on fa\u00e7onne les diff\u00e9rentes pi\u00e8ces qui seront sal\u00e9es.<\/p>\n<p>Le salage a pour but d&rsquo;incorporer le sel commun dans la masse musculaire, favorisant la d\u00e9shydratation des morceaux et leur parfaite conservation, ainsi que de contribuer au d\u00e9veloppement de la couleur et de l&rsquo;ar\u00f4me typiques des produits de salaison.<\/p>\n<p>Processus de salage<\/p>\n<p>Pour ce faire, selon les syst\u00e8mes traditionnels, les pi\u00e8ces sont empil\u00e9es et recouvertes de sel marin \u00e0 gros grains. Le temps de salage a une dur\u00e9e minimale de 0,3 jour et maximale de 0,6 jour par kg. de poids, en fonction du poids et des caract\u00e9ristiques de la pi\u00e8ce. Le processus de salage a lieu \u00e0 une temp\u00e9rature comprise entre 2\u00ba C et 5\u00ba C, et \u00e0 une humidit\u00e9 relative comprise entre 80 et 90%.<\/p>\n<p>Plus de 2000 ans d&rsquo;histoire et sa pr\u00e9sence dans L&rsquo;ing\u00e9nieux Hidalgo Don Quichotte de La Mancha ne peuvent qu&rsquo;ent\u00e9riner une r\u00e9alit\u00e9 : nous sommes devant un joyau gastronomique incontestable.<\/p>\n<p>Processus de fumage<\/p>\n<p>Ensuite, les pi\u00e8ces peuvent \u00eatre fum\u00e9es, en utilisant du bois de ch\u00eane ou de ch\u00eane vert. La dur\u00e9e de cette phase est comprise entre 12 et 16 jours.<\/p>\n<p>Processus de maturation de la Cecina de Le\u00f3n<\/p>\n<p>Ensuite, les pi\u00e8ces sont suspendues dans des hangars de s\u00e9chage. Pendant la phase de s\u00e9chage ou de maturation, les pi\u00e8ces sont class\u00e9es en fonction de leur poids et de leur conformation. Cette phase se d\u00e9roule dans des s\u00e9choirs naturels \u00e9quip\u00e9s de fen\u00eatres \u00e0 ouverture r\u00e9glable qui permettent de contr\u00f4ler \u00e0 la fois la temp\u00e9rature et l&rsquo;humidit\u00e9 au moyen du syst\u00e8me traditionnel \u00ab\u00a0d&rsquo;ouverture et de fermeture des fen\u00eatres\u00a0\u00bb. La temp\u00e9rature \u00e0 laquelle le produit doit se trouver dans cette phase est comprise entre 10\u00ba C et 12\u00ba C et une humidit\u00e9 relative de 75% &#8211; 80%. Ils resteront dans ces locaux ou dans des caves jusqu&rsquo;\u00e0 leur pleine maturation, qui ne devrait pas \u00eatre inf\u00e9rieure \u00e0 7 mois.<\/p>\n","protected":false},"excerpt":{"rendered":"<h2>Extra de boeuf s\u00e9ch\u00e9<\/h2>\n<p>La meilleure cecina du monde, sous le Conseil r\u00e9gulateur de l&rsquo;Indication g\u00e9ographique prot\u00e9g\u00e9e (IGP) \u00ab\u00a0Cecina de Le\u00f3n\u00a0\u00bb, qui certifie que ce produit respecte toutes les garanties de qualit\u00e9, ce qui en fait une d\u00e9licatesse exquise.<\/p>\n","protected":false},"featured_media":5013,"comment_status":"open","ping_status":"closed","template":"","meta":[],"product_brand":[],"product_cat":[64],"product_tag":[],"class_list":{"0":"post-5702","1":"product","2":"type-product","3":"status-publish","4":"has-post-thumbnail","6":"product_cat-charcuterie-iberique","7":"tm-no-options","9":"first","10":"instock","11":"taxable","12":"shipping-taxable","13":"purchasable","14":"product-type-simple"},"_links":{"self":[{"href":"https:\/\/jamonesibericosmadrid.com\/fr\/wp-json\/wp\/v2\/product\/5702","targetHints":{"allow":["GET"]}}],"collection":[{"href":"https:\/\/jamonesibericosmadrid.com\/fr\/wp-json\/wp\/v2\/product"}],"about":[{"href":"https:\/\/jamonesibericosmadrid.com\/fr\/wp-json\/wp\/v2\/types\/product"}],"replies":[{"embeddable":true,"href":"https:\/\/jamonesibericosmadrid.com\/fr\/wp-json\/wp\/v2\/comments?post=5702"}],"wp:featuredmedia":[{"embeddable":true,"href":"https:\/\/jamonesibericosmadrid.com\/fr\/wp-json\/wp\/v2\/media\/5013"}],"wp:attachment":[{"href":"https:\/\/jamonesibericosmadrid.com\/fr\/wp-json\/wp\/v2\/media?parent=5702"}],"wp:term":[{"taxonomy":"product_brand","embeddable":true,"href":"https:\/\/jamonesibericosmadrid.com\/fr\/wp-json\/wp\/v2\/product_brand?post=5702"},{"taxonomy":"product_cat","embeddable":true,"href":"https:\/\/jamonesibericosmadrid.com\/fr\/wp-json\/wp\/v2\/product_cat?post=5702"},{"taxonomy":"product_tag","embeddable":true,"href":"https:\/\/jamonesibericosmadrid.com\/fr\/wp-json\/wp\/v2\/product_tag?post=5702"}],"curies":[{"name":"wp","href":"https:\/\/api.w.org\/{rel}","templated":true}]}}