{"id":5706,"date":"2021-04-19T13:33:50","date_gmt":"2021-04-19T11:33:50","guid":{"rendered":"https:\/\/jamonesibericosmadrid.com\/?post_type=product&#038;p=5706"},"modified":"2021-04-19T19:01:00","modified_gmt":"2021-04-19T17:01:00","slug":"remelluri-reserva-2012","status":"publish","type":"product","link":"https:\/\/jamonesibericosmadrid.com\/fr\/producto\/remelluri-reserva-2012\/","title":{"rendered":"Remelluri Reserva 2012"},"content":{"rendered":"<h2>Remelluri Reserva 2012<\/h2>\n<p>C&rsquo;est un grand vin, avec du caract\u00e8re, en accords avec les nouvelles tendances.\u00a0 A la d\u00e9gustation, il pr\u00e9sente une robe d&rsquo;un intense rouge cerise griotte. Le nez est riche d&rsquo;ar\u00f4mes, de caract\u00e8re fruit\u00e9 uni \u00e0 un excellent bois. En bouche, tr\u00e8s charpent\u00e9 au palais, concentr\u00e9, onctueusement tanique, \u00e9quilibr\u00e9 avec de la rondeur. Gouleyant et long en bouche.<\/p>\n<p>NOTES DE D\u00c9GUSTATION :<\/p>\n<p>Vue : rouge cerise de tr\u00e8s bonne couche et intensit\u00e9. Bordure grenat.<br \/>\nNez : ar\u00f4mes de terre, d&rsquo;orange m\u00fbre, bois tr\u00e8s bien int\u00e9gr\u00e9. Une fois ouvert, des ar\u00f4mes de cerise, de prune, d&rsquo;\u00e9pices et de r\u00e9glisse.<br \/>\nBouche : moyennement cors\u00e9, tanin marqu\u00e9, bonne acidit\u00e9, arri\u00e8re-go\u00fbt doux, ar\u00f4mes li\u00e9s \u00e0 la terre. Tr\u00e8s agr\u00e9able et facile \u00e0 boire.<\/p>\n<p>APPELLATION D&rsquo;ORIGINE : Rioja<\/p>\n<p>VIGNOBLE : Remelluri<\/p>\n<p>GRAPES : Graciano, Tempranillo, Garnacha negra,<\/p>\n<p>VIEILLISSEMENT : 18 mois en barriques de diff\u00e9rentes origines et tailles.<\/p>\n<p>VINIFICATION : Traditionnelle, biologique, avec des traitements biodynamiques.<\/p>\n<p>ACCOMPAGNEMENT DES VINS : \u0152ufs, entr\u00e9es, <a href=\"https:\/\/jamonesibericosmadrid.com\/fr\/produit\/fromage-de-brebis-affine-a-la-truffe\/\" target=\"_blank\" rel=\"noopener\">fromages<\/a>, fromages secs, jambon et charcuterie, jambon ib\u00e9rique, viande rouge, agneau.<\/p>\n<p>TEMP\u00c9RATURE DE SERVICE RECOMMAND\u00c9E : 16-18\u00baC<\/p>\n<p>GRADUATION ALCOOLIQUE : 13,5%.<\/p>\n<p>Un grand vin, de personnalit\u00e9 \u00e9clatante.<\/p>\n<p>Cat\u00e9gorie: Tinto\u00a0 crianza 24 mois (= rouge mill\u00e9sim\u00e9)<\/p>\n<p>C\u00e9pages:\u00a0 Tempranillo.<\/p>\n<p>Vieillissement: \u00a0 24 mois entre f\u00fbt neuf.<\/p>\n<p>D.O. (=AOC): Rioja<\/p>\n<p>Mill\u00e9sime : Excellent<\/p>\n","protected":false},"excerpt":{"rendered":"<h2>Remelluri Reserva 2012<\/h2>\n<p>C&rsquo;est un grand vin, avec du caract\u00e8re, en accords avec les nouvelles tendances.\u00a0 A la d\u00e9gustation, il pr\u00e9sente une robe d&rsquo;un intense rouge cerise griotte.<\/p>\n","protected":false},"featured_media":5709,"comment_status":"open","ping_status":"closed","template":"","meta":[],"product_brand":[],"product_cat":[68],"product_tag":[],"class_list":{"0":"post-5706","1":"product","2":"type-product","3":"status-publish","4":"has-post-thumbnail","6":"product_cat-vins","7":"tm-no-options","9":"first","10":"outofstock","11":"taxable","12":"shipping-taxable","13":"purchasable","14":"product-type-simple"},"_links":{"self":[{"href":"https:\/\/jamonesibericosmadrid.com\/fr\/wp-json\/wp\/v2\/product\/5706","targetHints":{"allow":["GET"]}}],"collection":[{"href":"https:\/\/jamonesibericosmadrid.com\/fr\/wp-json\/wp\/v2\/product"}],"about":[{"href":"https:\/\/jamonesibericosmadrid.com\/fr\/wp-json\/wp\/v2\/types\/product"}],"replies":[{"embeddable":true,"href":"https:\/\/jamonesibericosmadrid.com\/fr\/wp-json\/wp\/v2\/comments?post=5706"}],"wp:featuredmedia":[{"embeddable":true,"href":"https:\/\/jamonesibericosmadrid.com\/fr\/wp-json\/wp\/v2\/media\/5709"}],"wp:attachment":[{"href":"https:\/\/jamonesibericosmadrid.com\/fr\/wp-json\/wp\/v2\/media?parent=5706"}],"wp:term":[{"taxonomy":"product_brand","embeddable":true,"href":"https:\/\/jamonesibericosmadrid.com\/fr\/wp-json\/wp\/v2\/product_brand?post=5706"},{"taxonomy":"product_cat","embeddable":true,"href":"https:\/\/jamonesibericosmadrid.com\/fr\/wp-json\/wp\/v2\/product_cat?post=5706"},{"taxonomy":"product_tag","embeddable":true,"href":"https:\/\/jamonesibericosmadrid.com\/fr\/wp-json\/wp\/v2\/product_tag?post=5706"}],"curies":[{"name":"wp","href":"https:\/\/api.w.org\/{rel}","templated":true}]}}