{"id":6159,"date":"2021-12-14T18:43:09","date_gmt":"2021-12-14T17:43:09","guid":{"rendered":"https:\/\/jamonesibericosmadrid.com\/producto\/6159\/"},"modified":"2024-03-16T11:14:01","modified_gmt":"2024-03-16T10:14:01","slug":"fromage-manchego-de-brebis-artisanal-du-lait-cru-2","status":"publish","type":"product","link":"https:\/\/jamonesibericosmadrid.com\/fr\/producto\/fromage-manchego-de-brebis-artisanal-du-lait-cru-2\/","title":{"rendered":"Fromage manchego de brebis artisanal du lait cru"},"content":{"rendered":"<h2>Fromage manchego de brebis artisanal du lait cru<\/h2>\n<p>Fromage de grande personnalit\u00e9, d\u2019aspect \u00e9l\u00e9gant et riche en nuances tr\u00e8s marqu\u00e9es, \u00e0 la saveur prononc\u00e9e. Fabriqu\u00e9 avec du lait cru.<\/p>\n<p>Ces fromages, \u00e0 base de lait cru, sont fabriqu\u00e9s et affin\u00e9s \u00e0 la main selon les m\u00e9thodes les plus traditionnelles.<\/p>\n<div class=\"post_image\"><strong>Le meilleur fromage Manchego\u00a0<\/strong><\/div>\n<div class=\"post_text\">\n<div class=\"post_text_inner\">\n<div id=\"ez-toc-container\" class=\"ez-toc-v2_0_63 counter-hierarchy ez-toc-counter ez-toc-custom ez-toc-container-direction\">\n<nav>\n<div id=\"attachment_4410\" style=\"width: 235px\" class=\"wp-caption alignleft\"><img decoding=\"async\" aria-describedby=\"caption-attachment-4410\" class=\"wp-image-4410 size-full\" src=\"https:\/\/jamonesibericosmadrid.com\/wp-content\/uploads\/2021\/02\/images-3.jpg\" alt=\"Fromage manchego de brebis artisanal du lait cru\" width=\"225\" height=\"225\" srcset=\"https:\/\/jamonesibericosmadrid.com\/wp-content\/uploads\/2021\/02\/images-3-66x66.jpg 66w, https:\/\/jamonesibericosmadrid.com\/wp-content\/uploads\/2021\/02\/images-3-100x100.jpg 100w, https:\/\/jamonesibericosmadrid.com\/wp-content\/uploads\/2021\/02\/images-3-150x150.jpg 150w, https:\/\/jamonesibericosmadrid.com\/wp-content\/uploads\/2021\/02\/images-3-200x200.jpg 200w, https:\/\/jamonesibericosmadrid.com\/wp-content\/uploads\/2021\/02\/images-3.jpg 225w\" sizes=\"(max-width: 225px) 100vw, 225px\" \/><p id=\"caption-attachment-4410\" class=\"wp-caption-text\">Fromage manchego de brebis artisanal du lait cru<\/p><\/div>\n<p>Sans aucun doute, la qualit\u00e9 du fromage Manchego est une garantie de bon go\u00fbt et, en outre, contribue \u00e0 une alimentation saine. Et dans ce sens, un exemple de qualit\u00e9 et de saveur garanties est le <strong>fromage Manchego<\/strong><\/p>\n<\/nav>\n<\/div>\n<p>Les \u00e9tiquettes AO (appellation d\u2019origine) apparaissent toujours \u00e0 des endroits visibles sur les produits qui distinguent et certifient que vous achetez des aliments de grande qualit\u00e9, \u00e9labor\u00e9s de mani\u00e8re traditionnelle et avec des caract\u00e9ristiques qui les rendent uniques. Le\u00a0<a href=\"https:\/\/artesanoslacteos.com\/categoria-producto\/queso-puro-de-oveja\/\" target=\"_blank\" rel=\"noopener\"><strong>fromage Manchego pur de brebis<\/strong><\/a>\u00a0avec appellation d\u2019origine d\u2019Artesanos L\u00e1cteos El Fontej\u00f3n c\u2019est comme \u00e7a.<\/p>\n<h2>Fromage manchego de brebis artisanal du lait cru<\/h2>\n<p>Les\u00a0<strong>fromages <a href=\"https:\/\/jamonesibericosmadrid.com\/fr\/produit\/fromage-manchego-de-brebis-artisanal-du-lait-cru\/\" target=\"_blank\" rel=\"noopener\">Manchego<\/a>\u00a0<\/strong>sont fabriqu\u00e9s avec du lait de brebis provenant des meilleurs b\u00e9tails de Castille-La Manche. Ces animaux sont \u00e9lev\u00e9s et nourris dans des conditions absolument contr\u00f4l\u00e9es. En offrant \u00e0 votre famille certains de ces fromages de brebis, vous lui garantissez une alimentation saine et \u00e9quilibr\u00e9e.<\/p>\n<p>Comme tous les produits avec appellation d\u2019origine, notre\u00a0<strong>fromage Manchego<\/strong>, renferme tradition et qualit\u00e9, ce qui le rend tr\u00e8s attractif et populaire dans le monde entier. Le fromage le plus c\u00e9l\u00e8bre d\u2019Espagne est un produit fabriqu\u00e9 \u00e0 partir du lait de brebis.<\/p>\n<p>Chez Artesanos L\u00e1cteos vous pourrez trouver un fromage Manchego avec AO de la meilleure qualit\u00e9 et au meilleur prix.<\/p>\n<\/div>\n<\/div>\n","protected":false},"excerpt":{"rendered":"<h2>Fromage manchego de brebis artisanal du lait cru<\/h2>\n<p>Fromage de grande personnalit\u00e9, d\u2019aspect \u00e9l\u00e9gant et riche en nuances tr\u00e8s marqu\u00e9es, \u00e0 la saveur prononc\u00e9e. Fabriqu\u00e9 avec du lait cru.<\/p>\n","protected":false},"featured_media":7146,"comment_status":"open","ping_status":"closed","template":"","meta":[],"product_brand":[],"product_cat":[335],"product_tag":[],"class_list":{"0":"post-6159","1":"product","2":"type-product","3":"status-publish","4":"has-post-thumbnail","6":"product_cat-fromages","7":"tm-no-options","9":"first","10":"outofstock","11":"taxable","12":"shipping-taxable","13":"purchasable","14":"product-type-simple"},"_links":{"self":[{"href":"https:\/\/jamonesibericosmadrid.com\/fr\/wp-json\/wp\/v2\/product\/6159","targetHints":{"allow":["GET"]}}],"collection":[{"href":"https:\/\/jamonesibericosmadrid.com\/fr\/wp-json\/wp\/v2\/product"}],"about":[{"href":"https:\/\/jamonesibericosmadrid.com\/fr\/wp-json\/wp\/v2\/types\/product"}],"replies":[{"embeddable":true,"href":"https:\/\/jamonesibericosmadrid.com\/fr\/wp-json\/wp\/v2\/comments?post=6159"}],"wp:featuredmedia":[{"embeddable":true,"href":"https:\/\/jamonesibericosmadrid.com\/fr\/wp-json\/wp\/v2\/media\/7146"}],"wp:attachment":[{"href":"https:\/\/jamonesibericosmadrid.com\/fr\/wp-json\/wp\/v2\/media?parent=6159"}],"wp:term":[{"taxonomy":"product_brand","embeddable":true,"href":"https:\/\/jamonesibericosmadrid.com\/fr\/wp-json\/wp\/v2\/product_brand?post=6159"},{"taxonomy":"product_cat","embeddable":true,"href":"https:\/\/jamonesibericosmadrid.com\/fr\/wp-json\/wp\/v2\/product_cat?post=6159"},{"taxonomy":"product_tag","embeddable":true,"href":"https:\/\/jamonesibericosmadrid.com\/fr\/wp-json\/wp\/v2\/product_tag?post=6159"}],"curies":[{"name":"wp","href":"https:\/\/api.w.org\/{rel}","templated":true}]}}