{"id":6306,"date":"2022-04-08T13:51:57","date_gmt":"2022-04-08T11:51:57","guid":{"rendered":"https:\/\/jamonesibericosmadrid.com\/?post_type=product&#038;p=6306"},"modified":"2024-03-19T13:54:27","modified_gmt":"2024-03-19T12:54:27","slug":"chorizo-iberique-de-bellota-fisan","status":"publish","type":"product","link":"https:\/\/jamonesibericosmadrid.com\/fr\/producto\/chorizo-iberique-de-bellota-fisan\/","title":{"rendered":"Chorizo ib\u00e9rique de bellota FISAN"},"content":{"rendered":"<h1>Chorizo ib\u00e9rique de bellota FISAN<\/h1>\n<div id=\"attachment_4129\" style=\"width: 310px\" class=\"wp-caption alignleft\"><img decoding=\"async\" aria-describedby=\"caption-attachment-4129\" class=\"wp-image-4129 size-full\" src=\"https:\/\/jamonesibericosmadrid.com\/wp-content\/uploads\/2018\/02\/02-chorizo-bellota-corte-gc-300x200-1.jpg\" alt=\"Chorizo ib\u00e9rique de bellota FISAN\" width=\"300\" height=\"200\" srcset=\"https:\/\/jamonesibericosmadrid.com\/wp-content\/uploads\/2018\/02\/02-chorizo-bellota-corte-gc-300x200-1-200x133.jpg 200w, https:\/\/jamonesibericosmadrid.com\/wp-content\/uploads\/2018\/02\/02-chorizo-bellota-corte-gc-300x200-1.jpg 300w\" sizes=\"(max-width: 300px) 100vw, 300px\" \/><p id=\"caption-attachment-4129\" class=\"wp-caption-text\">Chorizo ib\u00e9rique de bellota FISAN<\/p><\/div>\n<p>C&rsquo;est la charcuterie la plus traditionnelle et populaire. les morceaux de viande maigre et grasse sont mis \u00e0 mariner \u00e0 froid avec du\u00a0 sel marin, ail, paprika et sucre pendant plusieurs jours.<\/p>\n<p>On farcit ensuite des boyaux naturels de porc avec la viande grossi\u00e8remet hach\u00e9e. D&rsquo;un go\u00fbt intense, ce chorizo pr\u00e9sente la saveur reconnaissable du paprika l\u00e9g\u00e8rement piquant qu&rsquo;il contient.<\/p>\n<p>Mis en boyau dans une tripe naturelle Cular, le Chorizo Ib\u00e9rique de bellota de <a href=\"https:\/\/es.wikipedia.org\/wiki\/Guijuelo\" target=\"_blank\" rel=\"noopener\">Guijuelo<\/a> est attrayant et vivant, \u00e0 l\u2019ext\u00e9rieur et \u00e0 l\u2019int\u00e9rieur.<\/p>\n<p>Atteindre son \u00e9quilibre parfait est un d\u00e9fi qui est surmont\u00e9 avec la comp\u00e9tence dans la combinaison sage d\u2019\u00e9pices et la meilleure mati\u00e8re premi\u00e8re.<\/p>\n<h2>Chorizo ib\u00e9rique de bellota FISAN<\/h2>\n<p>Il s\u2019\u00e9labore \u00e0 partir du manto, pluma, secreto et presa. Son assaisonnement, une marinade fruit de l\u2019ing\u00e9niosit\u00e9 et du savoir-faire de notre famille.<\/p>\n<p>Une pr\u00e9cision qui ne r\u00e9pond pas aux mesures math\u00e9matiques mais \u00e0 la comp\u00e9tence que l\u2019exp\u00e9rience donne. Leurs attributs sensoriels sont jumel\u00e9s, de sorte qu\u2019aucun n\u2019\u00e9clipse les autres.<\/p>\n<p>Le paprika est la marque de fabrique du chorizo ib\u00e9rique Fis\u00e1n, toujours subtile mais pas d\u00e9finitif. Il offre un ensemble unique de sensations : pour sa mati\u00e8re premi\u00e8re, pour son s\u00e9chage m\u00e9ticuleux en chemin\u00e9e \u00e0 la chaleur du bois de ch\u00eane vert et pour son lent affinage naturel pendant plus de six mois.<\/p>\n<p>L\u2019emballage en tripe naturelle et ficel\u00e9 \u00e0 la main d\u00e9notent d\u00e9j\u00e0 l\u2019artisanat qui entoure une pi\u00e8ce vraiment fascinante.<\/p>\n<h3>Chorizo ib\u00e9rique de bellota FISAN<\/h3>\n<p>Le chorizo ib\u00e9rique de bellota est succulent et retentissant mais doux, fin et d\u00e9licat. La d\u00e9monstration que les contraires ne sont pas toujours en d\u00e9saccord et ensemble offrent une exp\u00e9rience \u00e9tonnante.<\/p>\n<div class=\"elementor-column elementor-col-50 elementor-inner-column elementor-element elementor-element-6da1c6e3\" data-id=\"6da1c6e3\" data-element_type=\"column\">\n<div class=\"elementor-column-wrap elementor-element-populated\">\n<div class=\"elementor-widget-wrap\">\n<div class=\"elementor-element elementor-element-6d131872 elementor-widget elementor-widget-text-editor\" data-id=\"6d131872\" data-element_type=\"widget\" data-widget_type=\"text-editor.default\">\n<div class=\"elementor-widget-container\">\n<div class=\"elementor-text-editor elementor-clearfix\">\n<p>La g\u00e9n\u00e9ration pr\u00e9c\u00e9dente a \u00e9t\u00e9 la premi\u00e8re \u00e0 le cr\u00e9er et sa recette reste gard\u00e9e sous clef. Mis en boyau dans une tripe Roscal et \u00e9labor\u00e9 \u00e0 partir de presa, pluma et secreto de cochons ib\u00e9riques de bellota de double saison.<\/p>\n<p>Sa recette a \u00e0 peine chang\u00e9 en quarante ans et il n\u2019y a pas de mesures en grammes ou m\u00e9thode d\u2019\u00e9laboration m\u00e9canique, seulement la recette de base, parce que le reste est notre savoir-faire.<\/p>\n<h3>Chorizo ib\u00e9rique de bellota FISAN<\/h3>\n<p>ASPECT<\/p>\n<\/div>\n<\/div>\n<\/div>\n<div class=\"elementor-element elementor-element-2b84f3f elementor-widget elementor-widget-text-editor\" data-id=\"2b84f3f\" data-element_type=\"widget\" data-widget_type=\"text-editor.default\">\n<div class=\"elementor-widget-container\">\n<div class=\"elementor-text-editor elementor-clearfix\">\n<p>L\u2019\u00e9chine de porc ib\u00e9rique nourri aux glands pr\u00e9sente un rev\u00eatement parfait et attrayant gr\u00e2ce \u00e0 la couleur de la marinade naturelle. A la coupe, les tranches sont de couleur ros\u00e9e, alternant avec des stries de graisse asym\u00e9triques. La combinaison typique du porc ib\u00e9rique nourri aux glands et \u00e9lev\u00e9 dans les p\u00e2turages.<\/p>\n<\/div>\n<\/div>\n<\/div>\n<div class=\"elementor-element elementor-element-3866107f elementor-widget elementor-widget-text-editor\" data-id=\"3866107f\" data-element_type=\"widget\" data-widget_type=\"text-editor.default\">\n<div class=\"elementor-widget-container\">\n<div class=\"elementor-text-editor elementor-clearfix\">\n<p>AROMA<\/p>\n<\/div>\n<\/div>\n<\/div>\n<div class=\"elementor-element elementor-element-1850a0e1 elementor-widget elementor-widget-text-editor\" data-id=\"1850a0e1\" data-element_type=\"widget\" data-widget_type=\"text-editor.default\">\n<div class=\"elementor-widget-container\">\n<div class=\"elementor-text-editor elementor-clearfix\">\n<p>L\u2019intensit\u00e9 de l\u2019ar\u00f4me augmente du nez au palais et reste claire en arri\u00e8re-go\u00fbt. Les notes aromatiques de la marinade, de la viande et du bois de ch\u00eane vert fum\u00e9 sont bien int\u00e9gr\u00e9es et peuvent \u00eatre appr\u00e9ci\u00e9es d\u00e8s la coupe.<\/p>\n<\/div>\n<\/div>\n<\/div>\n<\/div>\n<\/div>\n<\/div>\n<div class=\"elementor-column elementor-col-50 elementor-inner-column elementor-element elementor-element-60a8fee3\" data-id=\"60a8fee3\" data-element_type=\"column\">\n<div class=\"elementor-column-wrap elementor-element-populated\">\n<div class=\"elementor-widget-wrap\">\n<div class=\"elementor-element elementor-element-59357c33 elementor-widget elementor-widget-text-editor\" data-id=\"59357c33\" data-element_type=\"widget\" data-widget_type=\"text-editor.default\">\n<div class=\"elementor-widget-container\">\n<div class=\"elementor-text-editor elementor-clearfix\">\n<p>TEXTURE<\/p>\n<\/div>\n<\/div>\n<\/div>\n<div class=\"elementor-element elementor-element-74608d8d elementor-widget elementor-widget-text-editor\" data-id=\"74608d8d\" data-element_type=\"widget\" data-widget_type=\"text-editor.default\">\n<div class=\"elementor-widget-container\">\n<div class=\"elementor-text-editor elementor-clearfix\">\n<p>Ferme et compact. Sensible \u00e0 la pression. Tr\u00e8s agr\u00e9able \u00e0 m\u00e2cher gr\u00e2ce \u00e0 l\u2019alternance entre maigre et fines stries de graisse fondue.<\/p>\n<\/div>\n<\/div>\n<\/div>\n<div class=\"elementor-element elementor-element-5ab45877 elementor-widget elementor-widget-text-editor\" data-id=\"5ab45877\" data-element_type=\"widget\" data-widget_type=\"text-editor.default\">\n<div class=\"elementor-widget-container\">\n<div class=\"elementor-text-editor elementor-clearfix\">\n<p>SABOR<\/p>\n<\/div>\n<\/div>\n<\/div>\n<div class=\"elementor-element elementor-element-1415d195 elementor-widget elementor-widget-text-editor\" data-id=\"1415d195\" data-element_type=\"widget\" data-widget_type=\"text-editor.default\">\n<div class=\"elementor-widget-container\">\n<div class=\"elementor-text-editor elementor-clearfix\">\n<p>Net, croquant, avec des notes de porc ib\u00e9rique et de marinade naturelle. Il reste lin\u00e9aire d\u00e8s l\u2019entr\u00e9e en bouche et offre un long arri\u00e8re-go\u00fbt. C\u2019est une longe savoureuse et ferme gr\u00e2ce \u00e0 l\u2019excellente solubilit\u00e9 des \u00e9pices dans la salive.<\/p>\n<\/div>\n<\/div>\n<\/div>\n<\/div>\n<\/div>\n<\/div>\n<p><strong>INGR\u00c9DIENTS<\/strong>: viande de porc ib\u00e9rique nourrie au gland et graisse, sel, paprika, ail, origan, dextrine, dextrose, sucre,\u00a0 Boyau roscal naturel bovin.<\/p>\n<p>Produit sans gluten et sans lactose.<\/p>\n<p>&nbsp;<\/p>\n","protected":false},"excerpt":{"rendered":"<h3>Chorizo ib\u00e9rique de bellota FISAN<\/h3>\n<p>C&rsquo;est la charcuterie la plus traditionnelle et populaire. les morceaux de viande maigre et grasse sont mis \u00e0 mariner \u00e0 froid avec du\u00a0 sel marin, ail, paprika et sucre pendant plusieurs jours.<\/p>\n[caption id=\"attachment_899\" align=\"alignleft\" width=\"162\"]<img decoding=\"async\" class=\"wp-image-899\" src=\"https:\/\/jamonesibericosmadrid.com\/wp-content\/uploads\/2018\/02\/2.6-Chorizo-Joselito-det-2.jpg\" alt=\"Chorizo ib\u00e9rique de bellota FISAN\" width=\"162\" height=\"162\" srcset=\"https:\/\/jamonesibericosmadrid.com\/wp-content\/uploads\/2018\/02\/2.6-Chorizo-Joselito-det-2-100x100.jpg 100w, https:\/\/jamonesibericosmadrid.com\/wp-content\/uploads\/2018\/02\/2.6-Chorizo-Joselito-det-2.jpg 850w\" sizes=\"(max-width: 162px) 100vw, 162px\" \/> Chorizo ib\u00e9rique de bellota FISAN[\/caption]\n<p>Le chorizo ib\u00e9rique de<a href=\"https:\/\/jamonesibericosmadrid.com\/fr\/produit\/jambon-iberique-de-bellota-naturel-2020\/\" target=\"_blank\" rel=\"noopener\"> bellota<\/a> est succulent et retentissant mais doux, fin et d\u00e9licat. La d\u00e9monstration que les contraires ne sont pas toujours en d\u00e9saccord et ensemble offrent une exp\u00e9rience \u00e9tonnante.<\/p>\n","protected":false},"featured_media":699,"comment_status":"open","ping_status":"closed","template":"","meta":[],"product_brand":[],"product_cat":[64],"product_tag":[],"class_list":{"0":"post-6306","1":"product","2":"type-product","3":"status-publish","4":"has-post-thumbnail","6":"product_cat-charcuterie-iberique","7":"tm-no-options","9":"first","10":"instock","11":"taxable","12":"shipping-taxable","13":"purchasable","14":"product-type-variable"},"_links":{"self":[{"href":"https:\/\/jamonesibericosmadrid.com\/fr\/wp-json\/wp\/v2\/product\/6306","targetHints":{"allow":["GET"]}}],"collection":[{"href":"https:\/\/jamonesibericosmadrid.com\/fr\/wp-json\/wp\/v2\/product"}],"about":[{"href":"https:\/\/jamonesibericosmadrid.com\/fr\/wp-json\/wp\/v2\/types\/product"}],"replies":[{"embeddable":true,"href":"https:\/\/jamonesibericosmadrid.com\/fr\/wp-json\/wp\/v2\/comments?post=6306"}],"wp:featuredmedia":[{"embeddable":true,"href":"https:\/\/jamonesibericosmadrid.com\/fr\/wp-json\/wp\/v2\/media\/699"}],"wp:attachment":[{"href":"https:\/\/jamonesibericosmadrid.com\/fr\/wp-json\/wp\/v2\/media?parent=6306"}],"wp:term":[{"taxonomy":"product_brand","embeddable":true,"href":"https:\/\/jamonesibericosmadrid.com\/fr\/wp-json\/wp\/v2\/product_brand?post=6306"},{"taxonomy":"product_cat","embeddable":true,"href":"https:\/\/jamonesibericosmadrid.com\/fr\/wp-json\/wp\/v2\/product_cat?post=6306"},{"taxonomy":"product_tag","embeddable":true,"href":"https:\/\/jamonesibericosmadrid.com\/fr\/wp-json\/wp\/v2\/product_tag?post=6306"}],"curies":[{"name":"wp","href":"https:\/\/api.w.org\/{rel}","templated":true}]}}