{"id":6776,"date":"2023-04-14T11:54:01","date_gmt":"2023-04-14T09:54:01","guid":{"rendered":"https:\/\/jamonesibericosmadrid.com\/?post_type=product&#038;p=6776"},"modified":"2025-11-24T14:34:30","modified_gmt":"2025-11-24T13:34:30","slug":"jambon-iberique-de-bellota-aoc-guijuelo-2021","status":"publish","type":"product","link":"https:\/\/jamonesibericosmadrid.com\/fr\/producto\/jambon-iberique-de-bellota-aoc-guijuelo-2021\/","title":{"rendered":"Jambon ib\u00e9rique de bellota AOC Guijuelo 2021"},"content":{"rendered":"<h1>Jambon ib\u00e9rique de bellota AOC Guijuelo 2021<\/h1>\n<p>Jambon ib\u00e9rique de bellota d\u00e9nomination d&rsquo;origine Guijuelo Etiquette Noir, Grande Selection. Affinages de 36-40 mois et \u00e9levage en libert\u00e9 et alimentation aux glands (bellotas)<br \/>\nLe producteur veille strictement \u00e0 la qualit\u00e9 des jambons de cette appellation.Cela donne comme r\u00e9sultat les jambons doux et aromatiques de la commune de Guijelo, r\u00e9gion de Salamanca.\u201cQualit\u00e9 certifi\u00e9e\u201d.<\/p>\n<p>Le jambon ib\u00e9rique : c\u2019est LE produit le plus connu d\u2019Espagne, un incontournable de la gastronomie espagnole. Les jambons<a href=\"https:\/\/jamonesibericosmadrid.com\/fr\/offre-boutique-en-ligne\/\" target=\"_blank\" rel=\"noopener\"> L\u00f3pez Pascual<\/a> sont s\u00e9lectionn\u00e9s parmi les meilleurs jambons, directement chez les producteurs en Espagne, dans chaque r\u00e9gion d\u2019affinage.<\/p>\n<h2>Jambon ib\u00e9rique de bellota <a href=\"https:\/\/es.wikipedia.org\/wiki\/Guijuelo\" target=\"_blank\" rel=\"noopener sponsored\">AOC Guijuelo<\/a> 2021<\/h2>\n<p>Issus du fameux cochon ib\u00e9rique aux pattes noires, ces jambons sont produits artisanalement avec un processus de fabrication qui dure des ann\u00e9es.<\/p>\n<p>Salage, post-salage, s\u00e9chage et affinage\u00a0: ce sont les quatre \u00e9tapes qui fa\u00e7onnent chaque jambon, lui donnent son aspect, son go\u00fbt, ses saveurs, ses ar\u00f4mes et sa texture unique.<\/p>\n<p>Porte-drapeau du joyau de la gastronomie, car chaque pi\u00e8ce de jambon de gland 100% ib\u00e9rique est unique : l\u2019aboutissement de la confluence de la meilleure mati\u00e8re premi\u00e8re, \u00e9lev\u00e9e en race pure dans les meilleurs p\u00e2turages, et du processus naturel de maturation dans nos caves de Guijuelo.<\/p>\n<p>Le temps n\u2019est un alli\u00e9 que si l\u2019on sait attendre : deux ans de vie \u00e0 l\u2019\u00e9tat sauvage, dans les p\u00e2turages, avec deux \u201cmontaneras\u201d pour garantir le double apport des glands et leurs saines propri\u00e9t\u00e9s nutritionnelles ; puis un minimum de 36 mois d\u2019affinage \u00e0 Guijuelo, dans des s\u00e9choirs naturels, au vent froid et sec des cha\u00eenes de montagnes de B\u00e9jar et Gredos.<\/p>\n<p>Il en r\u00e9sulte la production d\u2019un jambon de gland 100% ib\u00e9rique, unique au monde et aux caract\u00e9ristiques exceptionnelles, un v\u00e9ritable joyau de la gastronomie.<\/p>\n<h3>Jambon ib\u00e9rique de bellota AOC Guijuelo 2021<\/h3>\n<p>C\u2019est pour cette raison qu\u2019ils atteignent ce d\u00e9veloppement musculaire et squelettique complet, toujours dans les p\u00e2turages, courant en libert\u00e9 et se nourrissant des glands extraordinaires des ch\u00eanes verts et des ch\u00eanes-li\u00e8ges.<\/p>\n<p>Chaque jour est diff\u00e9rent, un v\u00e9ritable d\u00e9fi, et seule la connaissance approfondie de plus de cent ans d\u2019exp\u00e9rience d\u2019une famille qui aime son travail peut garantir que le jambon 100% ib\u00e9rique nourri au gland qui arrive sur votre table est unique parmi les jambons ib\u00e9riques : l\u2019essence d\u2019une saveur pure, \u00e9quilibr\u00e9e et compl\u00e8te. Inoubliable.<\/p>\n<p>Le jambon entier fera son effet aupr\u00e8s de vos convives. Majestueux, imposant, sa d\u00e9coupe est spectaculaire et sa d\u00e9gustation, une exp\u00e9rience gustative unique.<\/p>\n<div class=\"elementor-column elementor-col-50 elementor-inner-column elementor-element elementor-element-d4e28d0\" data-id=\"d4e28d0\" data-element_type=\"column\">\n<div class=\"elementor-column-wrap elementor-element-populated\">\n<div class=\"elementor-widget-wrap\">\n<div class=\"elementor-element elementor-element-a2605ae elementor-widget elementor-widget-text-editor\" data-id=\"a2605ae\" data-element_type=\"widget\" data-widget_type=\"text-editor.default\">\n<div class=\"elementor-widget-container\">\n<div class=\"elementor-text-editor elementor-clearfix\">\n<div id=\"attachment_6692\" style=\"width: 310px\" class=\"wp-caption alignnone\"><img decoding=\"async\" aria-describedby=\"caption-attachment-6692\" class=\"wp-image-6692 size-medium\" src=\"https:\/\/jamonesibericosmadrid.com\/wp-content\/uploads\/2023\/02\/el-mundo-del-jamon-y-el-jamon-en-el-mundo-300x169.jpg\" alt=\"Jambon ib\u00e9rique de bellota AOC Guijuelo 2021\" width=\"300\" height=\"169\" srcset=\"https:\/\/jamonesibericosmadrid.com\/wp-content\/uploads\/2023\/02\/el-mundo-del-jamon-y-el-jamon-en-el-mundo-200x112.jpg 200w, https:\/\/jamonesibericosmadrid.com\/wp-content\/uploads\/2023\/02\/el-mundo-del-jamon-y-el-jamon-en-el-mundo-300x169.jpg 300w, https:\/\/jamonesibericosmadrid.com\/wp-content\/uploads\/2023\/02\/el-mundo-del-jamon-y-el-jamon-en-el-mundo-400x225.jpg 400w, https:\/\/jamonesibericosmadrid.com\/wp-content\/uploads\/2023\/02\/el-mundo-del-jamon-y-el-jamon-en-el-mundo-500x281.jpg 500w, https:\/\/jamonesibericosmadrid.com\/wp-content\/uploads\/2023\/02\/el-mundo-del-jamon-y-el-jamon-en-el-mundo-600x337.jpg 600w, https:\/\/jamonesibericosmadrid.com\/wp-content\/uploads\/2023\/02\/el-mundo-del-jamon-y-el-jamon-en-el-mundo-700x393.jpg 700w, https:\/\/jamonesibericosmadrid.com\/wp-content\/uploads\/2023\/02\/el-mundo-del-jamon-y-el-jamon-en-el-mundo-768x432.jpg 768w, https:\/\/jamonesibericosmadrid.com\/wp-content\/uploads\/2023\/02\/el-mundo-del-jamon-y-el-jamon-en-el-mundo-800x450.jpg 800w, https:\/\/jamonesibericosmadrid.com\/wp-content\/uploads\/2023\/02\/el-mundo-del-jamon-y-el-jamon-en-el-mundo.jpg 1000w\" sizes=\"(max-width: 300px) 100vw, 300px\" \/><p id=\"caption-attachment-6692\" class=\"wp-caption-text\">Jambon ib\u00e9rique de bellota AOC Guijuelo 2021<\/p><\/div>\n<p>ASPECT<\/p>\n<\/div>\n<\/div>\n<\/div>\n<div class=\"elementor-element elementor-element-8399280 elementor-widget elementor-widget-text-editor\" data-id=\"8399280\" data-element_type=\"widget\" data-widget_type=\"text-editor.default\">\n<div class=\"elementor-widget-container\">\n<div class=\"elementor-text-editor elementor-clearfix\">\n<ul>\n<li>Brillant et uniforme, avec une excellente couverture du gras.<\/li>\n<li>Des tranches d\u2019un rouge profond tachet\u00e9es de thyroxine, l\u2019acide amin\u00e9 qui se cristallise sous l\u2019effet d\u2019une excellente maturation.<\/li>\n<\/ul>\n<\/div>\n<\/div>\n<\/div>\n<div class=\"elementor-element elementor-element-6f91fe7 elementor-widget elementor-widget-text-editor\" data-id=\"6f91fe7\" data-element_type=\"widget\" data-widget_type=\"text-editor.default\">\n<div class=\"elementor-widget-container\">\n<div class=\"elementor-text-editor elementor-clearfix\">\n<p>AROMA<\/p>\n<\/div>\n<\/div>\n<\/div>\n<div class=\"elementor-element elementor-element-2ca2220 elementor-widget elementor-widget-text-editor\" data-id=\"2ca2220\" data-element_type=\"widget\" data-widget_type=\"text-editor.default\">\n<div class=\"elementor-widget-container\">\n<div class=\"elementor-text-editor elementor-clearfix\">\n<ul>\n<li>Ar\u00f4mes puissants, agr\u00e9ables, sp\u00e9cifiques, attractifs.<\/li>\n<li>Ils restent longs, tr\u00e8s francs et clairs.<br \/>\nEn arri\u00e8re-plan, il pr\u00e9sente des notes tr\u00e8s sinc\u00e8res de fruits secs frais et de noix.<\/li>\n<\/ul>\n<\/div>\n<\/div>\n<\/div>\n<\/div>\n<\/div>\n<\/div>\n<div class=\"elementor-column elementor-col-50 elementor-inner-column elementor-element elementor-element-1e5484b\" data-id=\"1e5484b\" data-element_type=\"column\">\n<div class=\"elementor-column-wrap elementor-element-populated\">\n<div class=\"elementor-widget-wrap\">\n<div class=\"elementor-element elementor-element-0268830 elementor-widget elementor-widget-text-editor\" data-id=\"0268830\" data-element_type=\"widget\" data-widget_type=\"text-editor.default\">\n<div class=\"elementor-widget-container\">\n<div class=\"elementor-text-editor elementor-clearfix\">\n<p>TEXTURE<\/p>\n<\/div>\n<\/div>\n<\/div>\n<div class=\"elementor-element elementor-element-3149285 elementor-widget elementor-widget-text-editor\" data-id=\"3149285\" data-element_type=\"widget\" data-widget_type=\"text-editor.default\">\n<div class=\"elementor-widget-container\">\n<div class=\"elementor-text-editor elementor-clearfix\">\n<ul>\n<li>Texture juteuse, tr\u00e8s agr\u00e9able en bouche.<\/li>\n<li>Tendre mais ferme : conserve sa structure pendant la mastication.<\/li>\n<\/ul>\n<\/div>\n<\/div>\n<\/div>\n<div class=\"elementor-element elementor-element-d0834bc elementor-widget elementor-widget-text-editor\" data-id=\"d0834bc\" data-element_type=\"widget\" data-widget_type=\"text-editor.default\">\n<div class=\"elementor-widget-container\">\n<div class=\"elementor-text-editor elementor-clearfix\">\n<p>TASTE<\/p>\n<\/div>\n<\/div>\n<\/div>\n<div class=\"elementor-element elementor-element-11ecb1e elementor-widget elementor-widget-text-editor\" data-id=\"11ecb1e\" data-element_type=\"widget\" data-widget_type=\"text-editor.default\">\n<div class=\"elementor-widget-container\">\n<div class=\"elementor-text-editor elementor-clearfix\">\n<ul>\n<li>Fin, personnel, \u00e9quilibr\u00e9, savoureux. C\u2019est un jambon \u00e9l\u00e9gant qui impr\u00e8gne ses saveurs fondamentales d\u00e9j\u00e0 en bouche.<\/li>\n<li>Son excellent \u00e9quilibre en salinit\u00e9 r\u00e9v\u00e8le les justes notes sucr\u00e9es, l\u00e9g\u00e8res et claires, qui nuancent pr\u00e9cis\u00e9ment les points caract\u00e9ristiques de l\u2019amertume.<\/li>\n<\/ul>\n<\/div>\n<\/div>\n<\/div>\n<\/div>\n<\/div>\n<\/div>\n<div class=\"elementor-element elementor-element-f3020e4 elementor-widget elementor-widget-heading\" data-id=\"f3020e4\" data-element_type=\"widget\" data-widget_type=\"heading.default\">\n<div class=\"elementor-widget-container\">\n<h2 class=\"elementor-heading-title elementor-size-default\">Appariement<\/h2>\n<\/div>\n<\/div>\n<div class=\"elementor-element elementor-element-4487e6f elementor-widget elementor-widget-text-editor\" data-id=\"4487e6f\" data-element_type=\"widget\" data-widget_type=\"text-editor.default\">\n<div class=\"elementor-widget-container\">\n<div class=\"elementor-text-editor elementor-clearfix\">\n<p>Vino fino, manzanilla de Jerez, bi\u00e8re blonde l\u00e9g\u00e8re ou jeune vermouth blanc de Reus accompagnent bien le jambon ib\u00e9rique nourri au gland Lopez Pascual.<\/p>\n<\/div>\n<\/div>\n<\/div>\n<p>Ingr\u00e9dients. jambon de porc ib\u00e9rique , sel marin, conservateurs E250, E252.<\/p>\n","protected":false},"excerpt":{"rendered":"<h2>Jambon ib\u00e9rique de bellota AOC Guijuelo 2021<\/h2>\n[caption id=\"attachment_5099\" align=\"alignnone\" width=\"300\"]<img decoding=\"async\" class=\"wp-image-5099 size-medium\" src=\"https:\/\/jamonesibericosmadrid.com\/wp-content\/uploads\/2021\/03\/La-Tirosina-en-el-jamon-300x169.jpg\" alt=\"Jambon ib\u00e9rique de bellota AOC Guijuelo 2021\" width=\"300\" height=\"169\" srcset=\"https:\/\/jamonesibericosmadrid.com\/wp-content\/uploads\/2021\/03\/La-Tirosina-en-el-jamon-200x113.jpg 200w, https:\/\/jamonesibericosmadrid.com\/wp-content\/uploads\/2021\/03\/La-Tirosina-en-el-jamon-300x169.jpg 300w, https:\/\/jamonesibericosmadrid.com\/wp-content\/uploads\/2021\/03\/La-Tirosina-en-el-jamon-400x225.jpg 400w, https:\/\/jamonesibericosmadrid.com\/wp-content\/uploads\/2021\/03\/La-Tirosina-en-el-jamon.jpg 480w\" sizes=\"(max-width: 300px) 100vw, 300px\" \/> Jambon ib\u00e9rique de bellota AOC Guijuelo 2021[\/caption]\n<p>Jambon ib\u00e9rique de bellota d\u00e9nomination d&rsquo;origine Guijuelo Etiquette Noire, Grande Selection. \u201cQualit\u00e9 certifi\u00e9e\u201d<\/p>\n<p>Le porte-drapeau du joyau de la gastronomie, car chaque pi\u00e8ce de jambon ib\u00e9rique est unique : l\u2019aboutissement de la confluence de la meilleure mati\u00e8re premi\u00e8re, de race pure et \u00e9lev\u00e9e dans les meilleurs p\u00e2turages, et du processus naturel de maturation dans nos caves de Guijuelo.<\/p>\n","protected":false},"featured_media":8144,"comment_status":"open","ping_status":"closed","template":"","meta":[],"product_brand":[],"product_cat":[333,66],"product_tag":[],"class_list":{"0":"post-6776","1":"product","2":"type-product","3":"status-publish","4":"has-post-thumbnail","6":"product_cat-entiers","7":"product_cat-jambon-iberique","8":"tm-has-options","10":"first","11":"instock","12":"taxable","13":"shipping-taxable","14":"purchasable","15":"product-type-variable","16":"has-default-attributes"},"_links":{"self":[{"href":"https:\/\/jamonesibericosmadrid.com\/fr\/wp-json\/wp\/v2\/product\/6776","targetHints":{"allow":["GET"]}}],"collection":[{"href":"https:\/\/jamonesibericosmadrid.com\/fr\/wp-json\/wp\/v2\/product"}],"about":[{"href":"https:\/\/jamonesibericosmadrid.com\/fr\/wp-json\/wp\/v2\/types\/product"}],"replies":[{"embeddable":true,"href":"https:\/\/jamonesibericosmadrid.com\/fr\/wp-json\/wp\/v2\/comments?post=6776"}],"wp:featuredmedia":[{"embeddable":true,"href":"https:\/\/jamonesibericosmadrid.com\/fr\/wp-json\/wp\/v2\/media\/8144"}],"wp:attachment":[{"href":"https:\/\/jamonesibericosmadrid.com\/fr\/wp-json\/wp\/v2\/media?parent=6776"}],"wp:term":[{"taxonomy":"product_brand","embeddable":true,"href":"https:\/\/jamonesibericosmadrid.com\/fr\/wp-json\/wp\/v2\/product_brand?post=6776"},{"taxonomy":"product_cat","embeddable":true,"href":"https:\/\/jamonesibericosmadrid.com\/fr\/wp-json\/wp\/v2\/product_cat?post=6776"},{"taxonomy":"product_tag","embeddable":true,"href":"https:\/\/jamonesibericosmadrid.com\/fr\/wp-json\/wp\/v2\/product_tag?post=6776"}],"curies":[{"name":"wp","href":"https:\/\/api.w.org\/{rel}","templated":true}]}}