{"id":6899,"date":"2023-09-18T11:12:04","date_gmt":"2023-09-18T09:12:05","guid":{"rendered":"https:\/\/jamonesibericosmadrid.com\/?post_type=product&#038;p=6899"},"modified":"2024-03-19T13:56:44","modified_gmt":"2024-03-19T12:56:44","slug":"jambon-75-iberique-appellation-cebo-de-campo-2019","status":"publish","type":"product","link":"https:\/\/jamonesibericosmadrid.com\/fr\/producto\/jambon-75-iberique-appellation-cebo-de-campo-2019\/","title":{"rendered":"Jambon 75% ib\u00e9rique appellation cebo de campo 2019"},"content":{"rendered":"<h1 class=\"fusion-title-heading title-heading-center\">Jambon 75 ib\u00e9rique appellation cebo de campo 2019<\/h1>\n<p>Ce jambon provient de porcs adultes de race ib\u00e9rique \u00e0 75 %, nourris avec des aliments naturels.<\/p>\n<p>\u00c0 la coupe, il pr\u00e9sente une grande variation de tons ros\u00e9s m\u00eal\u00e9s \u00e0 la graisse, en stries. Le tout combin\u00e9 \u00e0 un excellent ar\u00f4me, d\u00fb \u00e0 sa maturation de plus de 4 ans. Il s&rsquo;agit de pi\u00e8ces de grande taille, toujours sup\u00e9rieures \u00e0 8,5 kilos.<\/p>\n<p>Il provient de porcs ib\u00e9riques \u00e9lev\u00e9s de mani\u00e8re extensive dans les montagnes du nord de S\u00e9ville. Ils sont nourris de mani\u00e8re extensive avec des glands, des c\u00e9r\u00e9ales et des aliments naturels, riches en fibres.<\/p>\n<div id=\"attachment_5097\" style=\"width: 140px\" class=\"wp-caption alignleft\"><img decoding=\"async\" aria-describedby=\"caption-attachment-5097\" class=\"wp-image-5097\" src=\"https:\/\/jamonesibericosmadrid.com\/wp-content\/uploads\/2021\/03\/La-Tirosina-en-el-jamon-300x169.jpg\" alt=\"Jambon 75 ib\u00e9rique appellation cebo de campo 2019\" width=\"130\" height=\"73\" srcset=\"https:\/\/jamonesibericosmadrid.com\/wp-content\/uploads\/2021\/03\/La-Tirosina-en-el-jamon-200x113.jpg 200w, https:\/\/jamonesibericosmadrid.com\/wp-content\/uploads\/2021\/03\/La-Tirosina-en-el-jamon-300x169.jpg 300w, https:\/\/jamonesibericosmadrid.com\/wp-content\/uploads\/2021\/03\/La-Tirosina-en-el-jamon-400x225.jpg 400w, https:\/\/jamonesibericosmadrid.com\/wp-content\/uploads\/2021\/03\/La-Tirosina-en-el-jamon.jpg 480w\" sizes=\"(max-width: 130px) 100vw, 130px\" \/><p id=\"caption-attachment-5097\" class=\"wp-caption-text\">Jambon 75 ib\u00e9rique appellation cebo de campo 2019<\/p><\/div>\n<p>Lorsqu&rsquo;il est coup\u00e9, sa couleur varie du rouge fonc\u00e9 au rouge p\u00e2le.<\/p>\n<p>Jambon 75 race ib\u00e9rique cebo de campo 4 ans d&rsquo;\u00e2ge<\/p>\n<p>La viande \u00e9tant moins grasse, c&rsquo;est un produit qui m\u00fbrit plus facilement.<\/p>\n<p>Affin\u00e9 dans des grottes naturelles pendant au moins quatre ans. La production est limit\u00e9e.<\/p>\n<h2 class=\"fusion-title-heading title-heading-center\">Jambon 75 ib\u00e9rique appellation cebo de campo 2019<\/h2>\n<p>En ce qui concerne la d\u00e9gustation, en raison de l&rsquo;intensit\u00e9 de sa saveur, le jambon cebo de campo se marie magnifiquement avec des vins rouges jeunes, qui associent sa fra\u00eecheur \u00e0 la saveur puissante du jambon ib\u00e9rique.<\/p>\n<p>Parmi les options, les vins issus du c\u00e9page <a href=\"https:\/\/jamonesibericosmadrid.com\/fr\/produit\/castillo-ygay-2011\/\" target=\"_blank\" rel=\"noopener\">Tempranillo<\/a> conviennent parfaitement.<\/p>\n<p>Lorsqu&rsquo;il est coup\u00e9, il offre une grande vari\u00e9t\u00e9 de tons ros\u00e9s et fonc\u00e9s avec une grande pr\u00e9sence de graisse, ce qui offre une explosion de saveurs onctueuses au palais.<\/p>\n<p>Ce r\u00e9gime d&rsquo;herbe, de c\u00e9r\u00e9ales et d&rsquo;aliments naturels, qui s&rsquo;ajoute au r\u00e9gime de semi-libert\u00e9, est le v\u00e9ritable facteur d\u00e9terminant de la qualit\u00e9 des porcs et, par cons\u00e9quent, des jambons.<\/p>\n<p>\u00c0 notre avis, plus que le degr\u00e9 de puret\u00e9 de la race, c&rsquo;est ce facteur qui diff\u00e9rencie la qualit\u00e9 finale d&rsquo;un bon jambon ib\u00e9rique de<a href=\"https:\/\/es.wikipedia.org\/wiki\/Guijuelo\" target=\"_blank\" rel=\"noopener\"> Guijuelo<\/a>.<\/p>\n<p>Et la difficult\u00e9 d&rsquo;avoir ces animaux, le degr\u00e9 de diff\u00e9renciation des producteurs qui produisent un authentique jambon ib\u00e9rique nourri aux glands.<\/p>\n<h3 class=\"fusion-title-heading title-heading-center\">Jambon 75 ib\u00e9rique appellation cebo de campo 2019<\/h3>\n<p>Malgr\u00e9 sa grande popularit\u00e9 et son prestige, il existe actuellement de nombreux doutes sur ce qu&rsquo;est un jambon \u00ab\u00a0cebo de campo\u00a0\u00bb. En r\u00e9alit\u00e9, il s&rsquo;agit d&rsquo;un jambon provenant de porcs dont la puret\u00e9 raciale ib\u00e9rique est d&rsquo;au moins 50 %.<\/p>\n<p>Nous proc\u00e9dons \u00e0 une s\u00e9lection g\u00e9n\u00e9tique exhaustive des m\u00e8res g\u00e9nitrices afin de garantir la puret\u00e9 ib\u00e9rique des porcelets n\u00e9s dans ces p\u00e2turages.<\/p>\n<p>Cela d\u00e9termine la qualit\u00e9 de nos produits et fait de nous une marque de r\u00e9f\u00e9rence en mati\u00e8re de <a href=\"https:\/\/jamonesibericosmadrid.com\/fr\/produit\/lomito-petit-filet-iberique-de-bellota-gabriel-castano\/\" target=\"_blank\" rel=\"noopener\">viande ib\u00e9rique.<\/a><\/p>\n<p>Mais au-del\u00e0 de la race, il existe d&rsquo;autres diff\u00e9rences qui placent le jambon de cebo de campo au sommet du secteur. Fondamentalement, il doit avoir \u00e9t\u00e9 \u00e9lev\u00e9 en libert\u00e9 et en mouvement constant.<\/p>\n<p>Chez les professionnels du jambon ib\u00e9rique, cette caract\u00e9ristique est connue sous le nom de \u00ab\u00a0campeado\u00a0\u00bb.<\/p>\n<p>En d&rsquo;autres termes, les porcs \u00ab\u00a0campeados\u00a0\u00bb sont ceux qui ont v\u00e9cu dans les grandes plaines, en plein air, profitant ainsi de toutes les ressources naturelles fournies par la dehesa.<\/p>\n<p>C&rsquo;est pour cette raison que le jambon ib\u00e9rique de qualit\u00e9 pr\u00e9sente g\u00e9n\u00e9ralement une patte plus fine et plus exerc\u00e9e, ainsi qu&rsquo;un sabot us\u00e9. Ce n&rsquo;est l\u00e0 qu&rsquo;une des caract\u00e9ristiques qui le diff\u00e9rencient du jambon de base.<\/p>\n<h2>Jambon 75 ib\u00e9rique appellation cebo de campo 2019<\/h2>\n<div id=\"attachment_7581\" style=\"width: 131px\" class=\"wp-caption alignleft\"><img decoding=\"async\" aria-describedby=\"caption-attachment-7581\" class=\"wp-image-7581\" src=\"https:\/\/jamonesibericosmadrid.com\/wp-content\/uploads\/2024\/02\/CE-300x218.jpg\" alt=\"Jambon 75 ib\u00e9rique appellation cebo de campo 2019\" width=\"121\" height=\"88\" srcset=\"https:\/\/jamonesibericosmadrid.com\/wp-content\/uploads\/2024\/02\/CE-200x145.jpg 200w, https:\/\/jamonesibericosmadrid.com\/wp-content\/uploads\/2024\/02\/CE-300x218.jpg 300w, https:\/\/jamonesibericosmadrid.com\/wp-content\/uploads\/2024\/02\/CE-400x290.jpg 400w, https:\/\/jamonesibericosmadrid.com\/wp-content\/uploads\/2024\/02\/CE-500x363.jpg 500w, https:\/\/jamonesibericosmadrid.com\/wp-content\/uploads\/2024\/02\/CE-600x435.jpg 600w, https:\/\/jamonesibericosmadrid.com\/wp-content\/uploads\/2024\/02\/CE-700x508.jpg 700w, https:\/\/jamonesibericosmadrid.com\/wp-content\/uploads\/2024\/02\/CE-768x557.jpg 768w, https:\/\/jamonesibericosmadrid.com\/wp-content\/uploads\/2024\/02\/CE-800x580.jpg 800w, https:\/\/jamonesibericosmadrid.com\/wp-content\/uploads\/2024\/02\/CE.jpg 910w\" sizes=\"(max-width: 121px) 100vw, 121px\" \/><p id=\"caption-attachment-7581\" class=\"wp-caption-text\">Jambon 75 ib\u00e9rique appellation cebo de campo 2019<\/p><\/div>\n<p>L&rsquo;ib\u00e9rique de Campo est un jambon issu du cochon ib\u00e9rique, le fameux cochon aux pattes noires.<\/p>\n<p>Est-ce la m\u00eame chose que le 100% ib\u00e9rique ?<br \/>\nL&rsquo;ib\u00e9rique de Campo est un produit diff\u00e9rent. Il vit en plein air et se nourrit d&rsquo;herbes et de glands.<\/p>\n<p>Comme il ne mange pas ces derniers en quantit\u00e9 suffisante, il ne peut pas \u00eatre nomm\u00e9 Bellota. Son alimentation est compl\u00e9t\u00e9 par la main de l&rsquo;homme avec des c\u00e9r\u00e9ales v\u00e9g\u00e9tales.<\/p>\n<p>Est-ce que son go\u00fbt est diff\u00e9rent ?<br \/>\nOui, car il est un peu plus gras que le 100% ib\u00e9rique, il d\u00e9gage ainsi des saveurs plus douces, moins complexes. Son go\u00fbt\u00a0est plus accessible, tout comme son prix&#8230;<\/p>\n<h2 class=\"fusion-title-heading title-heading-center\">Jambon 75 ib\u00e9rique appellation cebo de campo 2019<\/h2>\n<p>Y el resultado no es otro sino un\u00a0<strong>producto selecto y exquisito<\/strong>,\u00a0<strong>con un sabor puro y caracter\u00edstico\u00a0<\/strong>capaz de transmitir sensaciones placenteras desde el primer bocado.<\/p>\n<p>\u00bfA\u00fan no lo has probado? Te recomendamos tener en cuenta el <strong>proceso de curaci\u00f3n<\/strong> antes de seleccionar el ib\u00e9rico que deseas poner sobre la mesa.<\/p>\n<p>En L\u00f3pez Pascual nos adherimos a un proceso lento y en bodega natural para <strong>optimizar los matices del aroma y el sabor de la carne<\/strong> durante los 48<strong>\u00a0meses que se somete a curaci\u00f3n<\/strong>.<\/p>\n","protected":false},"excerpt":{"rendered":"<h2 class=\"fusion-title-heading title-heading-center\">Jambon 75 ib\u00e9rique appellation cebo de campo 2019<\/h2>\n<p>Il provient de porcs ib\u00e9riques \u00e9lev\u00e9s de mani\u00e8re extensive dans les montagnes du nord de S\u00e9ville. Ils sont nourris de mani\u00e8re extensive avec des glands, des c\u00e9r\u00e9ales et des aliments naturels, riches en fibres.<\/p>\n<p>&nbsp;<\/p>\n","protected":false},"featured_media":8140,"comment_status":"open","ping_status":"closed","template":"","meta":[],"product_brand":[],"product_cat":[333,66,203],"product_tag":[],"class_list":{"0":"post-6899","1":"product","2":"type-product","3":"status-publish","4":"has-post-thumbnail","6":"product_cat-entiers","7":"product_cat-jambon-iberique","8":"product_cat-les-offres","9":"tm-has-options","11":"first","12":"outofstock","13":"taxable","14":"shipping-taxable","15":"purchasable","16":"product-type-variable","17":"has-default-attributes"},"_links":{"self":[{"href":"https:\/\/jamonesibericosmadrid.com\/fr\/wp-json\/wp\/v2\/product\/6899","targetHints":{"allow":["GET"]}}],"collection":[{"href":"https:\/\/jamonesibericosmadrid.com\/fr\/wp-json\/wp\/v2\/product"}],"about":[{"href":"https:\/\/jamonesibericosmadrid.com\/fr\/wp-json\/wp\/v2\/types\/product"}],"replies":[{"embeddable":true,"href":"https:\/\/jamonesibericosmadrid.com\/fr\/wp-json\/wp\/v2\/comments?post=6899"}],"wp:featuredmedia":[{"embeddable":true,"href":"https:\/\/jamonesibericosmadrid.com\/fr\/wp-json\/wp\/v2\/media\/8140"}],"wp:attachment":[{"href":"https:\/\/jamonesibericosmadrid.com\/fr\/wp-json\/wp\/v2\/media?parent=6899"}],"wp:term":[{"taxonomy":"product_brand","embeddable":true,"href":"https:\/\/jamonesibericosmadrid.com\/fr\/wp-json\/wp\/v2\/product_brand?post=6899"},{"taxonomy":"product_cat","embeddable":true,"href":"https:\/\/jamonesibericosmadrid.com\/fr\/wp-json\/wp\/v2\/product_cat?post=6899"},{"taxonomy":"product_tag","embeddable":true,"href":"https:\/\/jamonesibericosmadrid.com\/fr\/wp-json\/wp\/v2\/product_tag?post=6899"}],"curies":[{"name":"wp","href":"https:\/\/api.w.org\/{rel}","templated":true}]}}