{"id":6922,"date":"2023-09-21T18:22:09","date_gmt":"2023-09-21T16:22:09","guid":{"rendered":"https:\/\/jamonesibericosmadrid.com\/?post_type=product&#038;p=6922"},"modified":"2024-03-01T12:04:51","modified_gmt":"2024-03-01T11:04:51","slug":"890-gran-reserva-2010","status":"publish","type":"product","link":"https:\/\/jamonesibericosmadrid.com\/fr\/producto\/890-gran-reserva-2010\/","title":{"rendered":"890 Gran Reserva 2010"},"content":{"rendered":"<h2>890 Gran Reserva 2010<\/h2>\n<p>Vin complexe, ouvert et tr\u00e8s s\u00e9rieux au nez. Profusion d&rsquo;ar\u00f4mes de c\u00e8dre, de bois pr\u00e9cieux, de cave \u00e0 cigares, de tabac blond, et de nuances grill\u00e9es, presque cr\u00e9meuses, qui s&rsquo;ouvrent sur des notes de caf\u00e9 fra\u00eechement moulu, de cuir vieilli avec un fond liquoreux de pruneaux mac\u00e9r\u00e9s et de cerises m\u00fbres. Parfum\u00e9, \u00e9l\u00e9gant, direct, des pointes \u00e9pic\u00e9es \u00e0 foison qui affirment leur pr\u00e9sence \u00e0 l&rsquo;inspiration, laurier en poudre, clou de girofle, poivre noir, herbes aromatiques et un reste odorant de fleurs fan\u00e9es.<\/p>\n<p>L&rsquo;une des meilleures du 21\u00e8me si\u00e8cle. Les facteurs cl\u00e9s ont \u00e9t\u00e9 un tr\u00e8s bon climat, assurant d&rsquo;excellentes conditions v\u00e9g\u00e9tatives et sanitaires jusqu&rsquo;\u00e0 la fin du cycle, et de faibles rendements. Cela s&rsquo;est traduit par des grappes de taille moyenne, tr\u00e8s l\u00e2ches, avec de petites baies.<\/p>\n<h2>890 Gran Reserva 2010<\/h2>\n<p>De plus, les journ\u00e9es ensoleill\u00e9es du matin et les nuits fra\u00eeches ont \u00e9t\u00e9 fr\u00e9quentes, ce qui a favoris\u00e9 une maturation lente et homog\u00e8ne des raisins. C&rsquo;est l&rsquo;un des mill\u00e9simes les plus atlantiques de ces derni\u00e8res ann\u00e9es, qui nous a permis d&rsquo;obtenir des vins d&rsquo;une grande fra\u00eecheur et d&rsquo;une grande complexit\u00e9, id\u00e9aux pour une longue garde. Class\u00e9 officiellement Excellent.<\/p>\n<div id=\"attachment_7634\" style=\"width: 85px\" class=\"wp-caption alignleft\"><img decoding=\"async\" aria-describedby=\"caption-attachment-7634\" class=\"size-medium wp-image-7634\" src=\"https:\/\/jamonesibericosmadrid.com\/wp-content\/uploads\/2023\/09\/la-rioja-alta-gran-reserva-890-0x350-1-75x300.png\" alt=\"890 Gran Reserva 2010\" width=\"75\" height=\"300\" \/><p id=\"caption-attachment-7634\" class=\"wp-caption-text\">890 Gran Reserva 2010<\/p><\/div>\n<p>Tempranillo (95 %) et Mazuelo (2 %) provenant de nos propres vignobles \u00e0 Bri\u00f1as, Labastida et Villalba et Graciano (3 %) provenant de notre vignoble Montecillo \u00e0 Fuenmayor.Les raisins, provenant de certains de nos plus anciens vignobles, ont \u00e9t\u00e9 r\u00e9colt\u00e9s \u00e0 la main dans des caisses de 20 kg et transport\u00e9s dans des v\u00e9hicules r\u00e9frig\u00e9r\u00e9s jusqu&rsquo;\u00e0 la cave.Apr\u00e8s un \u00e9grappage et un foulage en douceur, les mo\u00fbts ont subi une fermentation alcoolique pendant 18 jours dans des cuves.<\/p>\n<h2>890 Gran Reserva 2010<\/h2>\n<p>Nous avons assembl\u00e9 les raisins Tempranillo et Mazuelo dans le vignoble et les avons fait fermenter ensemble, tandis que le Graciano a \u00e9t\u00e9 trait\u00e9 s\u00e9par\u00e9ment.La fermentation malolactique s&rsquo;est d\u00e9roul\u00e9e naturellement et a dur\u00e9 quatre mois. Apr\u00e8s stabilisation pendant l&rsquo;hiver, nous avons s\u00e9lectionn\u00e9 les meilleurs lots qui ont ensuite repos\u00e9 en barriques pendant six ans, avec dix soutirages traditionnels.<\/p>\n<p>Apr\u00e8s la stabilisation hivernale, nous avons s\u00e9lectionn\u00e9 les meilleurs lots qui ont \u00e9t\u00e9 transf\u00e9r\u00e9s en barriques pendant 6 ans avec 10 soutirages traditionnels. Avec des d\u00e9gustations et des analyses r\u00e9guli\u00e8res pendant cette p\u00e9riode, nous avons s\u00e9lectionn\u00e9 ceux qui repr\u00e9sentaient le mieux le caract\u00e8re de ce vin : 236 barriques qui ont \u00e9t\u00e9 embouteill\u00e9es en mars 2017 en 61 643 bouteilles de 75 cl., 4 189 magnums et 149 doubles magnums.<\/p>\n<p>Pour pr\u00e9server ses ar\u00f4mes, ce vin n&rsquo;a pas \u00e9t\u00e9 filtr\u00e9 avant la mise en bouteille.<br \/>\nTempranillo (95 %) et Mazuelo (2 %) provenant des vignobles de Bri\u00f1as, <a href=\"https:\/\/jamonesibericosmadrid.com\/fr\/produit\/jambon-iberique-de-bellota-gabriel-castano-naturel-2020\/\" target=\"_blank\" rel=\"noopener\">Labastida<\/a> et Villalba et Graciano (3 %) de notre vignoble de Montecillo.<\/p>\n<h2>890 Gran Reserva 2010<\/h2>\n<p>Il se distingue par sa couleur rouge grenat moyen, avec une teinte iod\u00e9e naissante sur le bord du verre. Le nez r\u00e9v\u00e8le les notes caract\u00e9ristiques du classicisme de la Rioja : confiture de cerises, compote de prunes noires, feuille de tabac, cannelle, vanille, poivre et poudre de chocolat.<\/p>\n<p>La finesse de ses tanins et sa douce fra\u00eecheur conf\u00e8rent \u00e0 ce vin une bouche \u00e9l\u00e9gante et agr\u00e9able.Bouquet classique de Rioja, ample, complexe, rond et d&rsquo;une grande \u00e9l\u00e9gance en fin de bouche.Ce Gran Reserva 890 a une longue vie devant lui.<\/p>\n<p>Le <a href=\"https:\/\/www.frigicoll.es\/blog\/diferencias-crianza-reserva-gran-reserva-y-tempranillo\/#:~:text=El%20vino%20gran%20reserva%20cuenta,los%20han%20pasado%20en%20barrica.\" target=\"_blank\" rel=\"noopener\">Gran Reserva<\/a> 890 est notre vin le plus sp\u00e9cial. Il est recommand\u00e9 pour accompagner les plats principaux avec des sauces l\u00e9g\u00e8res, les rago\u00fbts de viande aux herbes et les desserts au chocolat. Il est id\u00e9al en fin de repas.<\/p>\n<p>Un vin de grande pr\u00e9sence, puissant, et plein de vie.<\/p>\n<p><strong>97\/100 Parker <\/strong><\/p>\n<p><strong>99\/100 Suckling <\/strong><\/p>\n<p><strong>100\/100 Pe\u00f1\u00edn<\/strong><\/p>\n","protected":false},"excerpt":{"rendered":"<h2>890 Gran Reserva 2010<\/h2>\n[caption id=\"attachment_7438\" align=\"alignnone\" width=\"148\"]<img decoding=\"async\" class=\"wp-image-7438 \" src=\"https:\/\/jamonesibericosmadrid.com\/wp-content\/uploads\/2018\/02\/red-wine-pouring-from-bottle-glas.2e16d0ba.fill-1800x945-1-300x158.jpg\" alt=\"890 Gran Reserva 2010\" width=\"148\" height=\"78\" srcset=\"https:\/\/jamonesibericosmadrid.com\/wp-content\/uploads\/2018\/02\/red-wine-pouring-from-bottle-glas.2e16d0ba.fill-1800x945-1-200x105.jpg 200w, https:\/\/jamonesibericosmadrid.com\/wp-content\/uploads\/2018\/02\/red-wine-pouring-from-bottle-glas.2e16d0ba.fill-1800x945-1-300x158.jpg 300w, https:\/\/jamonesibericosmadrid.com\/wp-content\/uploads\/2018\/02\/red-wine-pouring-from-bottle-glas.2e16d0ba.fill-1800x945-1-400x210.jpg 400w, https:\/\/jamonesibericosmadrid.com\/wp-content\/uploads\/2018\/02\/red-wine-pouring-from-bottle-glas.2e16d0ba.fill-1800x945-1-500x263.jpg 500w, https:\/\/jamonesibericosmadrid.com\/wp-content\/uploads\/2018\/02\/red-wine-pouring-from-bottle-glas.2e16d0ba.fill-1800x945-1-600x315.jpg 600w, https:\/\/jamonesibericosmadrid.com\/wp-content\/uploads\/2018\/02\/red-wine-pouring-from-bottle-glas.2e16d0ba.fill-1800x945-1-700x368.jpg 700w, https:\/\/jamonesibericosmadrid.com\/wp-content\/uploads\/2018\/02\/red-wine-pouring-from-bottle-glas.2e16d0ba.fill-1800x945-1-768x403.jpg 768w, https:\/\/jamonesibericosmadrid.com\/wp-content\/uploads\/2018\/02\/red-wine-pouring-from-bottle-glas.2e16d0ba.fill-1800x945-1-800x420.jpg 800w, https:\/\/jamonesibericosmadrid.com\/wp-content\/uploads\/2018\/02\/red-wine-pouring-from-bottle-glas.2e16d0ba.fill-1800x945-1-1024x538.jpg 1024w, https:\/\/jamonesibericosmadrid.com\/wp-content\/uploads\/2018\/02\/red-wine-pouring-from-bottle-glas.2e16d0ba.fill-1800x945-1-1200x630.jpg 1200w, https:\/\/jamonesibericosmadrid.com\/wp-content\/uploads\/2018\/02\/red-wine-pouring-from-bottle-glas.2e16d0ba.fill-1800x945-1-1536x806.jpg 1536w, https:\/\/jamonesibericosmadrid.com\/wp-content\/uploads\/2018\/02\/red-wine-pouring-from-bottle-glas.2e16d0ba.fill-1800x945-1.jpg 1800w\" sizes=\"(max-width: 148px) 100vw, 148px\" \/> 890 Gran Reserva 2010[\/caption]\n<p>Le Gran Reserva 890 est notre vin le plus sp\u00e9cial. Il est recommand\u00e9 pour accompagner les plats principaux avec des sauces l\u00e9g\u00e8res, les rago\u00fbts de viande aux herbes et les desserts au chocolat. Il est id\u00e9al en fin de repas.<\/p>\n<p><strong>97\/100 Parker <\/strong><\/p>\n<p><strong>99\/100 Suckling <\/strong><\/p>\n<p><strong>100\/100 Pe\u00f1\u00edn<\/strong><\/p>\n<p>Vin complexe, ouvert et tr\u00e8s s\u00e9rieux au nez.<\/p>\n<p>Profusion d&rsquo;ar\u00f4mes de c\u00e8dre, de bois pr\u00e9cieux, de cave \u00e0 cigares, de tabac blond, et de nuances grill\u00e9es, presque cr\u00e9meuses, qui s&rsquo;ouvrent sur des notes de caf\u00e9 fra\u00eechement moulu.<\/p>\n","protected":false},"featured_media":7628,"comment_status":"open","ping_status":"closed","template":"","meta":[],"product_brand":[],"product_cat":[68],"product_tag":[],"class_list":{"0":"post-6922","1":"product","2":"type-product","3":"status-publish","4":"has-post-thumbnail","6":"product_cat-vins","7":"tm-no-options","9":"first","10":"instock","11":"taxable","12":"shipping-taxable","13":"purchasable","14":"product-type-simple"},"_links":{"self":[{"href":"https:\/\/jamonesibericosmadrid.com\/fr\/wp-json\/wp\/v2\/product\/6922","targetHints":{"allow":["GET"]}}],"collection":[{"href":"https:\/\/jamonesibericosmadrid.com\/fr\/wp-json\/wp\/v2\/product"}],"about":[{"href":"https:\/\/jamonesibericosmadrid.com\/fr\/wp-json\/wp\/v2\/types\/product"}],"replies":[{"embeddable":true,"href":"https:\/\/jamonesibericosmadrid.com\/fr\/wp-json\/wp\/v2\/comments?post=6922"}],"wp:featuredmedia":[{"embeddable":true,"href":"https:\/\/jamonesibericosmadrid.com\/fr\/wp-json\/wp\/v2\/media\/7628"}],"wp:attachment":[{"href":"https:\/\/jamonesibericosmadrid.com\/fr\/wp-json\/wp\/v2\/media?parent=6922"}],"wp:term":[{"taxonomy":"product_brand","embeddable":true,"href":"https:\/\/jamonesibericosmadrid.com\/fr\/wp-json\/wp\/v2\/product_brand?post=6922"},{"taxonomy":"product_cat","embeddable":true,"href":"https:\/\/jamonesibericosmadrid.com\/fr\/wp-json\/wp\/v2\/product_cat?post=6922"},{"taxonomy":"product_tag","embeddable":true,"href":"https:\/\/jamonesibericosmadrid.com\/fr\/wp-json\/wp\/v2\/product_tag?post=6922"}],"curies":[{"name":"wp","href":"https:\/\/api.w.org\/{rel}","templated":true}]}}