{"id":7311,"date":"2024-01-29T13:14:28","date_gmt":"2024-01-29T12:14:28","guid":{"rendered":"https:\/\/jamonesibericosmadrid.com\/?post_type=product&#038;p=7311"},"modified":"2024-10-26T14:59:16","modified_gmt":"2024-10-26T12:59:16","slug":"don-p-x-2020","status":"publish","type":"product","link":"https:\/\/jamonesibericosmadrid.com\/fr\/producto\/don-p-x-2020\/","title":{"rendered":"Don P.X. 2020"},"content":{"rendered":"<h1 class=\"sc-product-view-technical-inline\">Don PX 2020<\/h1>\n<div class=\"clearfix\">\n<p>Don PX est l&rsquo;un des fleurons de la l\u00e9gendaire cave Toro Albal\u00e1.<\/p>\n<p>Il s&rsquo;agit d&rsquo;un vin doux \u00e9labor\u00e9 \u00e0 partir de 100 % de raisins <a href=\"https:\/\/es.wikipedia.org\/wiki\/Pedro_xim%C3%A9nez_(uva)\" target=\"_blank\" rel=\"noopener\">Pedro Xim\u00e9nez<\/a>, qui est d&rsquo;une \u00e9l\u00e9gance pure.Apr\u00e8s que les raisins ont \u00e9t\u00e9 r\u00e9colt\u00e9s et que les grappes ont \u00e9t\u00e9 gorg\u00e9es de soleil pour obtenir une plus grande concentration de sucres, le vin est vieilli en f\u00fbts de ch\u00eane am\u00e9ricain pendant 20 ans, ce qui lui conf\u00e8re une complexit\u00e9 et une personnalit\u00e9 uniques.<br \/>\nParler de Toro Albal\u00e1, c&rsquo;est parler de la tradition andalouse la plus authentique et Don PX 2020, bien qu&rsquo;\u00e9tant la plus r\u00e9cente de ses cr\u00e9ations, en contient sans aucun doute toute l&rsquo;essence.<\/p>\n<h2>Don PX 2020<\/h2>\n<p>Bodegas Toro Albal\u00e1 \u00e9labore tous ses vins \u00e0 partir de raisins <a href=\"https:\/\/jamonesibericosmadrid.com\/fr\/produit\/vermut-la-dolores-copia\/\" target=\"_blank\" rel=\"noopener\">Pedro Xim\u00e9nez<\/a>. Les raisins utilis\u00e9s pour ce Don PX 2021 proviennent de leurs vignobles soigneusement entretenus \u00e0 La Noria, un domaine situ\u00e9 dans la municipalit\u00e9 d&rsquo;Aguilar de la Frontera.<\/p>\n<p>Apr\u00e8s les vendanges, les raisins ont \u00e9t\u00e9 \u00e9tal\u00e9s sur des nattes pour \u00eatre pass\u00e9s au soleil.<\/p>\n<p>Une fois qu&rsquo;ils ont atteint cet \u00e9tat, ils sont pass\u00e9s dans un pressoir hydraulique pour obtenir le pr\u00e9cieux mo\u00fbt, qui a ensuite s\u00e9journ\u00e9 dans des cuves en acier inoxydable pendant un an.<\/p>\n<p>Enfin, le vin a \u00e9t\u00e9 mis en bouteille, sans filtrage pr\u00e9alable, compte tenu de sa forte densit\u00e9. A d\u00e9guster seul ou avec des entr\u00e9es comme le foie gras et les fromages bleus, des plats d&rsquo;agneau et de porc ou des desserts comme la glace \u00e0 la vanille et aux fruits des bois.<\/p>\n<\/div>\n<h2>Don PX 2020<\/h2>\n<p>Au nez, le Don PX Cosecha 2020 est balsamique, avec des notes marqu\u00e9es de gousses de caroube, de cornichons, de pruneaux et de r\u00e9glisse noire. Il d\u00e9veloppe ensuite une fra\u00eecheur herbac\u00e9e (cypr\u00e8s) et des \u00e9chos de banane s\u00e9ch\u00e9e et d&rsquo;\u00e9pices comme le poivre de Madagascar.<\/p>\n<p>En bouche, il offre une persistance torr\u00e9fi\u00e9e, avec des notes de caramel et de miel.<\/p>\n<p>Long et \u00e9l\u00e9gant, il renoue avec les sensations de pruneaux et de fruits grill\u00e9s. C&rsquo;est un vin doux sans \u00eatre lourd, gr\u00e2ce \u00e0 son parfait \u00e9quilibre en acidit\u00e9, avec une bonne persistance en fin de bouche.<\/p>\n<h3>Don PX 2020<\/h3>\n<div id=\"attachment_7321\" style=\"width: 310px\" class=\"wp-caption alignnone\"><img decoding=\"async\" aria-describedby=\"caption-attachment-7321\" class=\"wp-image-7321 size-medium\" src=\"https:\/\/jamonesibericosmadrid.com\/wp-content\/uploads\/2024\/01\/202310021205390000001696241139.5331-300x179.jpg\" alt=\"Don PX 2020\" width=\"300\" height=\"179\" srcset=\"https:\/\/jamonesibericosmadrid.com\/wp-content\/uploads\/2024\/01\/202310021205390000001696241139.5331-200x119.jpg 200w, https:\/\/jamonesibericosmadrid.com\/wp-content\/uploads\/2024\/01\/202310021205390000001696241139.5331-300x179.jpg 300w, https:\/\/jamonesibericosmadrid.com\/wp-content\/uploads\/2024\/01\/202310021205390000001696241139.5331-400x239.jpg 400w, https:\/\/jamonesibericosmadrid.com\/wp-content\/uploads\/2024\/01\/202310021205390000001696241139.5331-500x299.jpg 500w, https:\/\/jamonesibericosmadrid.com\/wp-content\/uploads\/2024\/01\/202310021205390000001696241139.5331-600x358.jpg 600w, https:\/\/jamonesibericosmadrid.com\/wp-content\/uploads\/2024\/01\/202310021205390000001696241139.5331-700x418.jpg 700w, https:\/\/jamonesibericosmadrid.com\/wp-content\/uploads\/2024\/01\/202310021205390000001696241139.5331-768x459.jpg 768w, https:\/\/jamonesibericosmadrid.com\/wp-content\/uploads\/2024\/01\/202310021205390000001696241139.5331-800x478.jpg 800w, https:\/\/jamonesibericosmadrid.com\/wp-content\/uploads\/2024\/01\/202310021205390000001696241139.5331-1024x612.jpg 1024w, https:\/\/jamonesibericosmadrid.com\/wp-content\/uploads\/2024\/01\/202310021205390000001696241139.5331.jpg 1170w\" sizes=\"(max-width: 300px) 100vw, 300px\" \/><p id=\"caption-attachment-7321\" class=\"wp-caption-text\">Don PX 2020<\/p><\/div>\n<p>La robe est d&rsquo;un acajou fonc\u00e9 avec un beau mouvement dans le verre. Grande aromaticit\u00e9 avec des notes de caf\u00e9, de chocolat noir, de fruits secs, de raisin, de prune et d&rsquo;abricot sec, avec des nuances de cannelle et des sensations balsamiques et citriques (orange).<\/p>\n<p>L&rsquo;entr\u00e9e en bouche est douce et parfaitement \u00e9quilibr\u00e9e par l&rsquo;acidit\u00e9 citrique. C&rsquo;est un vin d&rsquo;une grande persistance.<\/p>\n<div id=\"attachment_5759\" style=\"width: 138px\" class=\"wp-caption alignleft\"><img decoding=\"async\" aria-describedby=\"caption-attachment-5759\" class=\"wp-image-5759\" src=\"https:\/\/jamonesibericosmadrid.com\/wp-content\/uploads\/2021\/05\/uva-chardonnay-300x200.jpg\" alt=\"Don PX 2020\" width=\"128\" height=\"85\" srcset=\"https:\/\/jamonesibericosmadrid.com\/wp-content\/uploads\/2021\/05\/uva-chardonnay-200x133.jpg 200w, https:\/\/jamonesibericosmadrid.com\/wp-content\/uploads\/2021\/05\/uva-chardonnay-300x200.jpg 300w, https:\/\/jamonesibericosmadrid.com\/wp-content\/uploads\/2021\/05\/uva-chardonnay-400x267.jpg 400w, https:\/\/jamonesibericosmadrid.com\/wp-content\/uploads\/2021\/05\/uva-chardonnay-500x333.jpg 500w, https:\/\/jamonesibericosmadrid.com\/wp-content\/uploads\/2021\/05\/uva-chardonnay.jpg 600w\" sizes=\"(max-width: 128px) 100vw, 128px\" \/><p id=\"caption-attachment-5759\" class=\"wp-caption-text\">Don PX 2020<\/p><\/div>\n<h2>Don PX 2020<\/h2>\n<p>VINIFICATION : Les raisins sont \u00ab\u00a0solan\u00e9s\u00a0\u00bb afin de les passer au semi raisin sec et d&rsquo;obtenir une quantit\u00e9 minimale de mo\u00fbt tr\u00e8s sucr\u00e9 qui sera ferment\u00e9 ult\u00e9rieurement.<\/p>\n<p>NOTES DE D\u00c9GUSTATION : Couleur topaze, texture huileuse, ar\u00f4mes de p\u00e2tisserie et de cannelle, bon \u00e9quilibre en bouche, moins sucr\u00e9 que le PX r\u00e9serve.<\/p>\n<p>ALLIANCE AVEC LES ALIMENTS : A d\u00e9guster seul en fin de repas, en ap\u00e9ritif ou avec n&rsquo;importe quoi, en particulier des desserts l\u00e9gers. Un vin avec de grandes possibilit\u00e9s, des desserts glac\u00e9s \u00e0 certains fruits au naturel, un vin de dessert, avec du chocolat amer et magnifique avec des <a href=\"https:\/\/jamonesibericosmadrid.com\/fr\/produit\/fromage-manchego-de-brebis-artisanal-du-lait-cru\/\" target=\"_blank\" rel=\"noopener\">fromages forts<\/a> et des viandes sal\u00e9es.<\/p>\n","protected":false},"excerpt":{"rendered":"<h1 class=\"sc-product-view-technical-inline\">Don PX 2020<\/h1>\n<div class=\"clearfix\">\n<p>Bodegas Toro Albal\u00e1 \u00e9labore tous ses vins \u00e0 partir de raisins Pedro Xim\u00e9nez.<\/p>\n[caption id=\"attachment_7314\" align=\"alignleft\" width=\"155\"]<img decoding=\"async\" class=\" wp-image-7314\" src=\"https:\/\/jamonesibericosmadrid.com\/wp-content\/uploads\/2024\/01\/v138570-300x300.jpg\" alt=\"Don PX 2020\" width=\"155\" height=\"155\" srcset=\"https:\/\/jamonesibericosmadrid.com\/wp-content\/uploads\/2024\/01\/v138570-66x66.jpg 66w, https:\/\/jamonesibericosmadrid.com\/wp-content\/uploads\/2024\/01\/v138570-100x100.jpg 100w, https:\/\/jamonesibericosmadrid.com\/wp-content\/uploads\/2024\/01\/v138570-150x150.jpg 150w, https:\/\/jamonesibericosmadrid.com\/wp-content\/uploads\/2024\/01\/v138570-200x200.jpg 200w, https:\/\/jamonesibericosmadrid.com\/wp-content\/uploads\/2024\/01\/v138570-300x300.jpg 300w, https:\/\/jamonesibericosmadrid.com\/wp-content\/uploads\/2024\/01\/v138570-400x400.jpg 400w, https:\/\/jamonesibericosmadrid.com\/wp-content\/uploads\/2024\/01\/v138570-500x500.jpg 500w, https:\/\/jamonesibericosmadrid.com\/wp-content\/uploads\/2024\/01\/v138570-600x600.jpg 600w, https:\/\/jamonesibericosmadrid.com\/wp-content\/uploads\/2024\/01\/v138570-700x700.jpg 700w, https:\/\/jamonesibericosmadrid.com\/wp-content\/uploads\/2024\/01\/v138570-768x768.jpg 768w, https:\/\/jamonesibericosmadrid.com\/wp-content\/uploads\/2024\/01\/v138570-800x800.jpg 800w, https:\/\/jamonesibericosmadrid.com\/wp-content\/uploads\/2024\/01\/v138570.jpg 900w\" sizes=\"(max-width: 155px) 100vw, 155px\" \/> Don PX 2020[\/caption]\n<p>Les raisins utilis\u00e9s pour ce Don PX 2020 proviennent de leurs vignobles soigneusement entretenus \u00e0 La Noria, un domaine situ\u00e9 dans la municipalit\u00e9 d&rsquo;Aguilar de la Frontera.<\/p>\n<p>Apr\u00e8s les vendanges, les raisins ont \u00e9t\u00e9 \u00e9tal\u00e9s sur des nattes pour \u00eatre pass\u00e9s au soleil.<\/p>\n<p>Une fois qu&rsquo;ils ont atteint cet \u00e9tat, ils sont pass\u00e9s dans un pressoir hydraulique pour obtenir le pr\u00e9cieux mo\u00fbt, qui a ensuite s\u00e9journ\u00e9 dans des cuves en acier inoxydable pendant un an.<\/p>\n<\/div>\n","protected":false},"featured_media":7324,"comment_status":"open","ping_status":"closed","template":"","meta":[],"product_brand":[],"product_cat":[68],"product_tag":[],"class_list":{"0":"post-7311","1":"product","2":"type-product","3":"status-publish","4":"has-post-thumbnail","6":"product_cat-vins","7":"tm-no-options","9":"first","10":"instock","11":"taxable","12":"shipping-taxable","13":"purchasable","14":"product-type-simple"},"_links":{"self":[{"href":"https:\/\/jamonesibericosmadrid.com\/fr\/wp-json\/wp\/v2\/product\/7311","targetHints":{"allow":["GET"]}}],"collection":[{"href":"https:\/\/jamonesibericosmadrid.com\/fr\/wp-json\/wp\/v2\/product"}],"about":[{"href":"https:\/\/jamonesibericosmadrid.com\/fr\/wp-json\/wp\/v2\/types\/product"}],"replies":[{"embeddable":true,"href":"https:\/\/jamonesibericosmadrid.com\/fr\/wp-json\/wp\/v2\/comments?post=7311"}],"wp:featuredmedia":[{"embeddable":true,"href":"https:\/\/jamonesibericosmadrid.com\/fr\/wp-json\/wp\/v2\/media\/7324"}],"wp:attachment":[{"href":"https:\/\/jamonesibericosmadrid.com\/fr\/wp-json\/wp\/v2\/media?parent=7311"}],"wp:term":[{"taxonomy":"product_brand","embeddable":true,"href":"https:\/\/jamonesibericosmadrid.com\/fr\/wp-json\/wp\/v2\/product_brand?post=7311"},{"taxonomy":"product_cat","embeddable":true,"href":"https:\/\/jamonesibericosmadrid.com\/fr\/wp-json\/wp\/v2\/product_cat?post=7311"},{"taxonomy":"product_tag","embeddable":true,"href":"https:\/\/jamonesibericosmadrid.com\/fr\/wp-json\/wp\/v2\/product_tag?post=7311"}],"curies":[{"name":"wp","href":"https:\/\/api.w.org\/{rel}","templated":true}]}}