{"id":7357,"date":"2024-02-06T11:43:52","date_gmt":"2024-02-06T10:43:52","guid":{"rendered":"https:\/\/jamonesibericosmadrid.com\/producto\/baron-de-ley-gran-reserva-2014\/"},"modified":"2024-02-21T18:40:58","modified_gmt":"2024-02-21T17:40:58","slug":"baron-de-ley-gran-reserva-2014","status":"publish","type":"product","link":"https:\/\/jamonesibericosmadrid.com\/fr\/producto\/baron-de-ley-gran-reserva-2014\/","title":{"rendered":"Bar\u00f3n de Ley Gran Reserva 2014"},"content":{"rendered":"<h2>Bar\u00f3n de Ley Gran Reserva 2014<\/h2>\n<p>Vieillissement en bois et en bouteille : Apr\u00e8s un vieillissement de 20 mois dans de nouveaux f\u00fbts de ch\u00eane am\u00e9ricain, ses 24 mois de repos en bouteille lui ont permis d&rsquo;atteindre son plein potentiel.<br \/>\nVari\u00e9t\u00e9s : <a href=\"https:\/\/jamonesibericosmadrid.com\/fr\/produit\/la-cuchareta-reserva-2015\/\" target=\"_blank\" rel=\"nofollow noopener\">Tempranillo<\/a><br \/>\nAOC RIOJA.<br \/>\nMill\u00e9sime : EXCELLENT<\/p>\n<p>&nbsp;<\/p>\n<h3>Bar\u00f3n de Ley Gran Reserva 2014<\/h3>\n<p>Couleur rouge rubis. Au nez, il surprend par son puissant caract\u00e8re fruit\u00e9 assembl\u00e9 \u00e0 des notes de son noble vieillissement, des traces de noix de coco, de caramel et des notes suggestives de garrigue. L&rsquo;attaque est puissante, d\u00e9veloppant une sensation de volume et de douceur qui conduit \u00e0 une longue finale. La fin de bouche rappelle les fruits rouges associ\u00e9s \u00e0 des notes de sous-bois. Sa puissance lui permet d&rsquo;\u00eatre associ\u00e9 \u00e0 un faux-filet ib\u00e9rique nourri aux glands.<\/p>\n<p>Vieillissement en bois et en bouteille : Apr\u00e8s un vieillissement de 20 mois dans de nouveaux f\u00fbts de ch\u00eane am\u00e9ricain, ses 24 mois de repos en bouteille lui ont permis d&rsquo;atteindre son plein potentiel.<br \/>\nVari\u00e9t\u00e9s : Tempranillo<br \/>\n<a href=\"https:\/\/riojawine.com\/\" target=\"_blank\" rel=\"nofollow noopener\">AOC RIOJA.<\/a><br \/>\nMill\u00e9sime : EXCELLENT<\/p>\n<div class=\"seccionTit\">\n<h4>Bar\u00f3n de Ley Gran Reserva 2014\u00a0 \u00a0 \u00a0Historia del Monasterio.<\/h4>\n<p>En la actualidad el Monasterio de Imas se ha convertido no s\u00f3lo en la sede social de <strong>Bar\u00f3n de Ley<\/strong>, sino que tambi\u00e9n acoge a algunos de sus mejores caldos. La restauraci\u00f3n del edificio hist\u00f3rico, acometida en los a\u00f1os 95 y 96, recrea con sus muebles de \u00e9poca los a\u00f1os dorados de la casa a finales del Siglo XIX, cuando la familia Jimenez era propietaria de la casa y administraba la finca agr\u00edcola.<\/p>\n<div id=\"attachment_4056\" style=\"width: 310px\" class=\"wp-caption alignleft\"><img decoding=\"async\" aria-describedby=\"caption-attachment-4056\" class=\"wp-image-4056 size-full\" src=\"https:\/\/jamonesibericosmadrid.com\/wp-content\/uploads\/2021\/02\/monasterio-benedictino-s-xvi-fachada-al-atardecer_3_3c244fac9ae80d19db7145cb06665087.jpg\" alt=\"Bar\u00f3n de Ley Gran Reserva 2014\" width=\"300\" height=\"225\" srcset=\"https:\/\/jamonesibericosmadrid.com\/wp-content\/uploads\/2021\/02\/monasterio-benedictino-s-xvi-fachada-al-atardecer_3_3c244fac9ae80d19db7145cb06665087-200x150.jpg 200w, https:\/\/jamonesibericosmadrid.com\/wp-content\/uploads\/2021\/02\/monasterio-benedictino-s-xvi-fachada-al-atardecer_3_3c244fac9ae80d19db7145cb06665087.jpg 300w\" sizes=\"(max-width: 300px) 100vw, 300px\" \/><p id=\"caption-attachment-4056\" class=\"wp-caption-text\">Bar\u00f3n de Ley Gran Reserva 2014<\/p><\/div>\n<p>En el mismo se pueden admirar dos zonas claramente diferenciadas; por un lado los aposentos de la familia y por otro las habitaciones que ocupaban de los trabajadores de la finca, en lo que anteriormente fueron las celdas de los monjes.<\/p>\n<p>Por \u00faltimo, la \u201c<strong>bodega del monasterio<\/strong>\u201d es el colof\u00f3n de la visita al edificio, ocupando las antiguas caballerizas del cenobio; una espectacular fusi\u00f3n entre la antigua tradici\u00f3n benedictina y los grandes vinos de hoy. Hasta seis \u201cfoudres\u201d de roble franc\u00e9s de \u00fanica factura y un bell\u00edsimo y enrejado botellero en rima dominan la estancia, en la que duermen algunos de los m\u00e1s grandes vinos de <a title=\"Bar\u00f3n de Ley\" href=\"https:\/\/jamonesibericosmadrid.com\/producto\/finca-monasterio-2016\/\" target=\"_blank\" rel=\"noopener\">Bar\u00f3n de Ley <\/a>.<\/p>\n<p>El edificio fue inicialmente construido por el conde de Egu\u00eda como un castillo-fortaleza en 1548. En aquellos tiempos, el conde de Egu\u00eda pose\u00eda una finca de 1.000 hect\u00e1reas en la ribera del Ebro, enclavada de lleno en lo que hasta 36 a\u00f1os antes hab\u00eda sido frontera entre los reinos de Castilla y Navarra.<\/p>\n<p>Dado lo reciente de la anexi\u00f3n del Reino de Navarra por parte de la corona de Castilla y Arag\u00f3n, segu\u00eda existiendo notable hostilidad entre los nobles navarros y castellanos, y Egu\u00eda era frecuentemente hostigado por fuerzas militares que cruzaban el r\u00edo Ebro por el vado de Alcanadre.<\/p>\n<p>Al cabo de los a\u00f1os siguientes, estas intrigas se fueron calmando, al tiempo que la situaci\u00f3n interna en Navarra se enrarec\u00eda progresivamente. La fortaleza de Imas va, pues, perdiendo parte de su importancia y Egu\u00eda se interesa por el Castillo de Monjard\u00edn, propiedad de la orden benedictina que sobre una colina dominaba la villa de Estella, enclave estrat\u00e9gico en la \u00e9poca.<\/p>\n<p>En aquel momento, la orden benedictina se encuentra con una finca de Imas interesante por su gran tama\u00f1o, ubicaci\u00f3n y proximidad al r\u00edo Ebro, y con que puede prescindir de Monjard\u00edn, pues ya contaba con el Monasterio de Irache cerca del lugar.<\/p>\n<\/div>\n<div id=\"cataVino\" class=\"fuente_2\">\n<p>Sin embargo, los tiempos benedictinos de la fortaleza de Egu\u00eda encontrar\u00edan su fin en el a\u00f1o 1836, a\u00f1o en el cual toda la finca de Imas es expropiada, al igual que gran parte de los bienes de la iglesia en Espa\u00f1a, en virtud de la desamortizaci\u00f3n de Mendiz\u00e1bal.<\/p>\n<p>Pocos a\u00f1os despu\u00e9s, en 1839, se producir\u00eda la toma de posesi\u00f3n de la finca Imas por parte del general Mart\u00edn Zurbano en virtud de sus m\u00e9ritos de guerra. Natural de Varea, Zurbano inici\u00f3 su carrera militar alist\u00e1ndose en 1808 para servir en la guerra de la Independencia contra Napole\u00f3n y consagr\u00e1ndose en la primera guerra carlista, tras la cual fue ascendido a general por el gobierno de la Reina Isabel.<\/p>\n<p>En los a\u00f1os siguientes, Zurbano ascender\u00eda a Comandante General del ej\u00e9rcito espa\u00f1ol y a Gobernador Militar de Gerona en 1843. Sin embargo, comenzaron tiempos dif\u00edciles para los liberales, en parte como consecuencia de la desamortizaci\u00f3n de Mendiz\u00e1bal en una Espa\u00f1a muy clerical, y Espartero fue desterrado.<\/p>\n<p>En 1844, con Narv\u00e1ez en el poder fue decretada prisi\u00f3n para Zurbano, quien a partir de ese momento se dar\u00eda la fuga con sus hijos hasta ser capturado, juzgado y fusilado en 1845. En 1844 se producir\u00eda un giro en la historia de la finca de Imas, cuando Zurbano jug\u00f3 y perdi\u00f3 toda la finca en una hist\u00f3rica partida de cartas contra un conde franc\u00e9s liberal que hab\u00eda venido a persuadirle de que huyese a Francia.<\/p>\n<p>No teniendo excesivo inter\u00e9s en mantener una finca de estas proporciones en Espa\u00f1a, el Conde optar\u00eda por valorar la finca al objeto de saldar la deuda con Zurbano y finalmente fue D. Cayo Muro, administrador de Zurbano, quien redimi\u00f3 la deuda y adquiri\u00f3 la propiedad.<\/p>\n<p>El Coronel Muro, tambi\u00e9n riojano, se cas\u00f3 en Mendavia con D\u00f1a. Carmen Elvira, que se convertir\u00eda en administradora de la finca por las prolongadas ausencias de Muro.Cayo Muro morir\u00eda en 1852, y Carmen Elvira, que contrajo segundas nupcias, vendi\u00f3 finalmente en 1880 toda la finca al matrimonio formado por D. Donato Jim\u00e9nez y D\u00f1a. Agueda de Maule\u00f3n.<\/p>\n<p>Es precisamente la familia Jim\u00e9nez, que permaneci\u00f3 en la finca durante tres generaciones, quien dio esplendor a la finca al administrarla por primera vez como una completa explotaci\u00f3n agraria y ganadera.<\/p>\n<h4>Bar\u00f3n de Ley Gran Reserva 2014<\/h4>\n<p>D. Angel Jim\u00e9nez de Maule\u00f3n se cas\u00f3 con D\u00f1a. Rosario de Palacios L\u00f3pez-Montenegro, quien ya viuda y sin descendencia por el fallecimiento de sus dos hijos legar\u00eda la propiedad a su sobrino Jos\u00e9 Mar\u00eda Sanz-Pastor en 1957.Es de destacar la gran afici\u00f3n cineg\u00e9tica de la familia Sanz-Pastor, cazadores que viajaron por todo el mundo y dejaron en el Monasterio, una vez \u00e9ste fue adquirido en los a\u00f1os ochenta por los fundadores de Bar\u00f3n de Ley, los m\u00e1s de 200 trofeos de caza que decoran sus paredes.<\/p>\n<\/div>\n","protected":false},"excerpt":{"rendered":"<h3>Bar\u00f3n de Ley Gran Reserva 2014<\/h3>\n[caption id=\"attachment_4062\" align=\"alignnone\" width=\"183\"]<img decoding=\"async\" class=\"wp-image-4062\" src=\"https:\/\/jamonesibericosmadrid.com\/wp-content\/uploads\/2020\/07\/baron-de-ley-reserva_2_16acd56ad0f498aafe1c59e01350bf65.jpg\" alt=\"Bar\u00f3n de Ley Gran Reserva 2014\" width=\"183\" height=\"137\" srcset=\"https:\/\/jamonesibericosmadrid.com\/wp-content\/uploads\/2020\/07\/baron-de-ley-reserva_2_16acd56ad0f498aafe1c59e01350bf65-200x150.jpg 200w, https:\/\/jamonesibericosmadrid.com\/wp-content\/uploads\/2020\/07\/baron-de-ley-reserva_2_16acd56ad0f498aafe1c59e01350bf65.jpg 300w\" sizes=\"(max-width: 183px) 100vw, 183px\" \/> Bar\u00f3n de Ley Gran Reserva 2014[\/caption]\n<p>Couleur rouge rubis. Au nez, il surprend par son puissant caract\u00e8re fruit\u00e9 assembl\u00e9 \u00e0 des notes de son noble vieillissement, des traces de noix de coco, de caramel et des notes suggestives de garrigue. L&rsquo;attaque est puissante, d\u00e9veloppant une sensation de volume et de douceur qui conduit \u00e0 une longue finale. La fin de bouche rappelle les fruits rouges associ\u00e9s \u00e0 des notes de sous-bois. Sa puissance lui permet d&rsquo;\u00eatre associ\u00e9 \u00e0 un faux-filet ib\u00e9rique nourri aux glands.<\/p>\n<p>Vieillissement en bois et en bouteille : Apr\u00e8s un vieillissement de 20 mois dans de nouveaux f\u00fbts de ch\u00eane am\u00e9ricain, ses 24 mois de repos en bouteille lui ont permis d&rsquo;atteindre son plein potentiel.<br \/>\nVari\u00e9t\u00e9s : Tempranillo<br \/>\nAOC RIOJA.<br \/>\nMill\u00e9sime : EXCELLENT<\/p>\n","protected":false},"featured_media":7529,"comment_status":"open","ping_status":"closed","template":"","meta":[],"product_brand":[],"product_cat":[68],"product_tag":[],"class_list":{"0":"post-7357","1":"product","2":"type-product","3":"status-publish","4":"has-post-thumbnail","6":"product_cat-vins","7":"tm-no-options","9":"first","10":"instock","11":"taxable","12":"shipping-taxable","13":"purchasable","14":"product-type-simple"},"_links":{"self":[{"href":"https:\/\/jamonesibericosmadrid.com\/fr\/wp-json\/wp\/v2\/product\/7357","targetHints":{"allow":["GET"]}}],"collection":[{"href":"https:\/\/jamonesibericosmadrid.com\/fr\/wp-json\/wp\/v2\/product"}],"about":[{"href":"https:\/\/jamonesibericosmadrid.com\/fr\/wp-json\/wp\/v2\/types\/product"}],"replies":[{"embeddable":true,"href":"https:\/\/jamonesibericosmadrid.com\/fr\/wp-json\/wp\/v2\/comments?post=7357"}],"wp:featuredmedia":[{"embeddable":true,"href":"https:\/\/jamonesibericosmadrid.com\/fr\/wp-json\/wp\/v2\/media\/7529"}],"wp:attachment":[{"href":"https:\/\/jamonesibericosmadrid.com\/fr\/wp-json\/wp\/v2\/media?parent=7357"}],"wp:term":[{"taxonomy":"product_brand","embeddable":true,"href":"https:\/\/jamonesibericosmadrid.com\/fr\/wp-json\/wp\/v2\/product_brand?post=7357"},{"taxonomy":"product_cat","embeddable":true,"href":"https:\/\/jamonesibericosmadrid.com\/fr\/wp-json\/wp\/v2\/product_cat?post=7357"},{"taxonomy":"product_tag","embeddable":true,"href":"https:\/\/jamonesibericosmadrid.com\/fr\/wp-json\/wp\/v2\/product_tag?post=7357"}],"curies":[{"name":"wp","href":"https:\/\/api.w.org\/{rel}","templated":true}]}}