{"id":7409,"date":"2024-02-08T13:38:46","date_gmt":"2024-02-08T12:38:46","guid":{"rendered":"https:\/\/jamonesibericosmadrid.com\/?post_type=product&#038;p=7409"},"modified":"2024-02-08T17:43:56","modified_gmt":"2024-02-08T16:43:56","slug":"allue-reserva-blanc-de-blancs-2018","status":"publish","type":"product","link":"https:\/\/jamonesibericosmadrid.com\/fr\/producto\/allue-reserva-blanc-de-blancs-2018\/","title":{"rendered":"Allue Reserva Blanc de Blancs 2018"},"content":{"rendered":"<h2>Allue Reserva Blanc de Blancs 2018<\/h2>\n<p>Cet excellent cava est \u00e9labor\u00e9 exclusivement \u00e0 partir de grappes s\u00e9lectionn\u00e9es au domaine Grimau de Pujades, de c\u00e9pages Chardonnay. A la d\u00e9gustation il pr\u00e9sente une couleur jaune p\u00e2le avec des reflets de paille, et ses bulles sont fines.\u00a0 Tr\u00e8s parfum\u00e9, avec un m\u00e9lange de notes grill\u00e9es, provenant de son \u00e9volution en contact avec les levures, et d&rsquo;autres ar\u00f4mes de fruit. En bouche, agr\u00e9able sensation de douceur et d&rsquo;\u00e9l\u00e9gance; il est robuste et charpent\u00e9.<\/p>\n<p>Il se marie\u00a0 aussi bien avec le gibier qu&rsquo;avec les fruits de mer, les p\u00e2tes et le riz.<\/p>\n<p>Servir entre 5\u00b0 et 7\u00b0.<\/p>\n","protected":false},"excerpt":{"rendered":"<h2>Allue Reserva Blanc de Blancs 2018<\/h2>\n<p>Cet excellent cava est \u00e9labor\u00e9 exclusivement \u00e0 partir de grappes s\u00e9lectionn\u00e9es au domaine Grimau de Pujades, de c\u00e9pages Chardonnay.<\/p>\n<p>&nbsp;<\/p>\n","protected":false},"featured_media":7415,"comment_status":"open","ping_status":"closed","template":"","meta":[],"product_brand":[],"product_cat":[62],"product_tag":[],"class_list":{"0":"post-7409","1":"product","2":"type-product","3":"status-publish","4":"has-post-thumbnail","6":"product_cat-champagnes-fr","7":"tm-no-options","9":"first","10":"instock","11":"taxable","12":"shipping-taxable","13":"purchasable","14":"product-type-simple"},"_links":{"self":[{"href":"https:\/\/jamonesibericosmadrid.com\/fr\/wp-json\/wp\/v2\/product\/7409","targetHints":{"allow":["GET"]}}],"collection":[{"href":"https:\/\/jamonesibericosmadrid.com\/fr\/wp-json\/wp\/v2\/product"}],"about":[{"href":"https:\/\/jamonesibericosmadrid.com\/fr\/wp-json\/wp\/v2\/types\/product"}],"replies":[{"embeddable":true,"href":"https:\/\/jamonesibericosmadrid.com\/fr\/wp-json\/wp\/v2\/comments?post=7409"}],"wp:featuredmedia":[{"embeddable":true,"href":"https:\/\/jamonesibericosmadrid.com\/fr\/wp-json\/wp\/v2\/media\/7415"}],"wp:attachment":[{"href":"https:\/\/jamonesibericosmadrid.com\/fr\/wp-json\/wp\/v2\/media?parent=7409"}],"wp:term":[{"taxonomy":"product_brand","embeddable":true,"href":"https:\/\/jamonesibericosmadrid.com\/fr\/wp-json\/wp\/v2\/product_brand?post=7409"},{"taxonomy":"product_cat","embeddable":true,"href":"https:\/\/jamonesibericosmadrid.com\/fr\/wp-json\/wp\/v2\/product_cat?post=7409"},{"taxonomy":"product_tag","embeddable":true,"href":"https:\/\/jamonesibericosmadrid.com\/fr\/wp-json\/wp\/v2\/product_tag?post=7409"}],"curies":[{"name":"wp","href":"https:\/\/api.w.org\/{rel}","templated":true}]}}