{"id":7476,"date":"2019-05-24T21:05:55","date_gmt":"2019-05-24T19:05:55","guid":{"rendered":"https:\/\/jamonesibericosmadrid.com\/producto\/bernard-remy-carte-blanche\/"},"modified":"2024-02-19T20:23:19","modified_gmt":"2024-02-19T19:23:19","slug":"bernard-remy-carte-blanche","status":"publish","type":"product","link":"https:\/\/jamonesibericosmadrid.com\/fr\/producto\/bernard-remy-carte-blanche\/","title":{"rendered":"Bernard Remy Carte Blanche"},"content":{"rendered":"<h1 class=\"product-title\">Bernard Remy Carte Blanche<\/h1>\n<h3>Cuv\u00e9e p\u00e9tillante et expressive, sa mise en bouche d\u00e9licatement fruit\u00e9e termine sa course dans un parfait \u00e9quilibre des sens.<\/h3>\n<p>La Carte Blanche se pare d\u2019une jolie robe dor\u00e9e.<br \/>\nSes bulles, vives et intenses, donnent naissance \u00e0 une mousse d\u00e9licate et persistante.<\/p>\n<p>Au nez, les ar\u00f4mes l\u00e9gers de tilleul, de miel et de citron se d\u00e9veloppent avec finesse avant de s\u2019\u00e9panouir sur le palais en notes fra\u00eeches et menthol\u00e9es.<\/p>\n<p>La Carte Blanche se mariera parfaitement avec un magret de canard aux \u00e9pices.<\/p>\n<p>Coupage<br \/>\n60% Pinot noir, 35% Chardonnay, 5% Meunier<\/p>\n","protected":false},"excerpt":{"rendered":"<p>&nbsp;<\/p>\n<h1 class=\"product-title\">Bernard Remy Carte Blanche<\/h1>\n<p>Au nez, les ar\u00f4mes l\u00e9gers de tilleul, de miel et de citron se d\u00e9veloppent avec finesse avant de s\u2019\u00e9panouir sur le palais en notes fra\u00eeches et menthol\u00e9es.<\/p>\n","protected":false},"featured_media":7401,"comment_status":"open","ping_status":"closed","template":"","meta":[],"product_brand":[],"product_cat":[62],"product_tag":[],"class_list":{"0":"post-7476","1":"product","2":"type-product","3":"status-publish","4":"has-post-thumbnail","6":"product_cat-champagnes-fr","7":"tm-no-options","9":"first","10":"instock","11":"taxable","12":"shipping-taxable","13":"purchasable","14":"product-type-simple"},"_links":{"self":[{"href":"https:\/\/jamonesibericosmadrid.com\/fr\/wp-json\/wp\/v2\/product\/7476","targetHints":{"allow":["GET"]}}],"collection":[{"href":"https:\/\/jamonesibericosmadrid.com\/fr\/wp-json\/wp\/v2\/product"}],"about":[{"href":"https:\/\/jamonesibericosmadrid.com\/fr\/wp-json\/wp\/v2\/types\/product"}],"replies":[{"embeddable":true,"href":"https:\/\/jamonesibericosmadrid.com\/fr\/wp-json\/wp\/v2\/comments?post=7476"}],"wp:featuredmedia":[{"embeddable":true,"href":"https:\/\/jamonesibericosmadrid.com\/fr\/wp-json\/wp\/v2\/media\/7401"}],"wp:attachment":[{"href":"https:\/\/jamonesibericosmadrid.com\/fr\/wp-json\/wp\/v2\/media?parent=7476"}],"wp:term":[{"taxonomy":"product_brand","embeddable":true,"href":"https:\/\/jamonesibericosmadrid.com\/fr\/wp-json\/wp\/v2\/product_brand?post=7476"},{"taxonomy":"product_cat","embeddable":true,"href":"https:\/\/jamonesibericosmadrid.com\/fr\/wp-json\/wp\/v2\/product_cat?post=7476"},{"taxonomy":"product_tag","embeddable":true,"href":"https:\/\/jamonesibericosmadrid.com\/fr\/wp-json\/wp\/v2\/product_tag?post=7476"}],"curies":[{"name":"wp","href":"https:\/\/api.w.org\/{rel}","templated":true}]}}