{"id":7484,"date":"2024-02-20T12:53:03","date_gmt":"2024-02-20T11:53:04","guid":{"rendered":"https:\/\/jamonesibericosmadrid.com\/?post_type=product&#038;p=7484"},"modified":"2024-02-21T17:40:27","modified_gmt":"2024-02-21T16:40:27","slug":"904-gran-reserva-2015","status":"publish","type":"product","link":"https:\/\/jamonesibericosmadrid.com\/fr\/producto\/904-gran-reserva-2015\/","title":{"rendered":"904 Gran Reserva 2015"},"content":{"rendered":"<h2>904 Gran Reserva 2015<\/h2>\n<p>Vin complexe, ouvert et tr\u00e8s s\u00e9rieux au nez. Profusion d&rsquo;ar\u00f4mes de c\u00e8dre, de bois pr\u00e9cieux, de cave \u00e0 cigares, de tabac blond, et de nuances grill\u00e9es, presque cr\u00e9meuses, qui s&rsquo;ouvrent sur des notes de caf\u00e9 fra\u00eechement moulu, de cuir vieilli avec un fond liquoreux de pruneaux mac\u00e9r\u00e9s et de cerises m\u00fbres.<\/p>\n<p>Parfum\u00e9, \u00e9l\u00e9gant, direct, des pointes \u00e9pic\u00e9es \u00e0 foison qui affirment leur pr\u00e9sence \u00e0 l&rsquo;inspiration, laurier en poudre, clou de girofle, poivre noir, herbes aromatiques et un reste odorant de fleurs fan\u00e9es.<\/p>\n<div id=\"attachment_7441\" style=\"width: 199px\" class=\"wp-caption alignnone\"><img decoding=\"async\" aria-describedby=\"caption-attachment-7441\" class=\"wp-image-7441 size-medium\" src=\"https:\/\/jamonesibericosmadrid.com\/wp-content\/uploads\/2018\/02\/bot-granreserva904-2004-189x300.jpg\" alt=\"904 Gran Reserva 2015\" width=\"189\" height=\"300\" srcset=\"https:\/\/jamonesibericosmadrid.com\/wp-content\/uploads\/2018\/02\/bot-granreserva904-2004-189x300.jpg 189w, https:\/\/jamonesibericosmadrid.com\/wp-content\/uploads\/2018\/02\/bot-granreserva904-2004-200x317.jpg 200w, https:\/\/jamonesibericosmadrid.com\/wp-content\/uploads\/2018\/02\/bot-granreserva904-2004-400x635.jpg 400w, https:\/\/jamonesibericosmadrid.com\/wp-content\/uploads\/2018\/02\/bot-granreserva904-2004-500x794.jpg 500w, https:\/\/jamonesibericosmadrid.com\/wp-content\/uploads\/2018\/02\/bot-granreserva904-2004.jpg 504w\" sizes=\"(max-width: 189px) 100vw, 189px\" \/><p id=\"caption-attachment-7441\" class=\"wp-caption-text\">904 <a href=\"https:\/\/www.frigicoll.es\/blog\/diferencias-crianza-reserva-gran-reserva-y-tempranillo\/#:~:text=El%20vino%20gran%20reserva%20cuenta,los%20han%20pasado%20en%20barrica.\" target=\"_blank\" rel=\"noopener\">Gran Reserva<\/a> 2015<\/p><\/div>\n<p>Nous avons assembl\u00e9 les raisins Tempranillo et Mazuelo dans le vignoble et les avons fait fermenter ensemble, tandis que le Graciano a \u00e9t\u00e9 trait\u00e9 s\u00e9par\u00e9ment.La fermentation malolactique s&rsquo;est d\u00e9roul\u00e9e naturellement et a dur\u00e9 quatre mois.<\/p>\n<p>Apr\u00e8s stabilisation pendant l&rsquo;hiver, nous avons s\u00e9lectionn\u00e9 les meilleurs lots qui ont ensuite repos\u00e9 en barriques pendant six ans, avec dix soutirages traditionnels.<\/p>\n<p>Apr\u00e8s la stabilisation hivernale, nous avons s\u00e9lectionn\u00e9 les meilleurs lots qui ont \u00e9t\u00e9 transf\u00e9r\u00e9s en barriques pendant 6 ans avec 10 soutirages traditionnels. Avec des d\u00e9gustations et des analyses r\u00e9guli\u00e8res pendant cette p\u00e9riode, nous avons s\u00e9lectionn\u00e9 ceux qui repr\u00e9sentaient le mieux le caract\u00e8re de ce vin : 236 barriques qui ont \u00e9t\u00e9 embouteill\u00e9es en mars 2017 en 61 643 bouteilles de 75 cl., 4 189 magnums et 149 doubles magnums.<\/p>\n<p>Pour pr\u00e9server ses ar\u00f4mes, ce vin n&rsquo;a pas \u00e9t\u00e9 filtr\u00e9 avant la mise en bouteille.<br \/>\nTempranillo (95 %) et Mazuelo (2 %) provenant des vignobles de Bri\u00f1as, <a href=\"https:\/\/jamonesibericosmadrid.com\/fr\/produit\/jambon-iberique-de-bellota-gabriel-castano-naturel-2020\/\" target=\"_blank\" rel=\"noopener\">Labastida<\/a> et Villalba et Graciano (3 %) de notre vignoble de Montecillo.<\/p>\n<p>Un vin de grande pr\u00e9sence, puissant, et plein de vie.<\/p>\n<p><strong>96\/100 Parker<br \/>\n95\/100 Pe\u00f1\u00edn<\/strong><\/p>\n","protected":false},"excerpt":{"rendered":"<h2>904 Gran Reserva 2015<\/h2>\n[caption id=\"attachment_7438\" align=\"alignnone\" width=\"300\"]<img decoding=\"async\" class=\"size-medium wp-image-7438\" src=\"https:\/\/jamonesibericosmadrid.com\/wp-content\/uploads\/2018\/02\/red-wine-pouring-from-bottle-glas.2e16d0ba.fill-1800x945-1-300x158.jpg\" alt=\"904 Gran Reserva 2015\" width=\"300\" height=\"158\" srcset=\"https:\/\/jamonesibericosmadrid.com\/wp-content\/uploads\/2018\/02\/red-wine-pouring-from-bottle-glas.2e16d0ba.fill-1800x945-1-200x105.jpg 200w, https:\/\/jamonesibericosmadrid.com\/wp-content\/uploads\/2018\/02\/red-wine-pouring-from-bottle-glas.2e16d0ba.fill-1800x945-1-300x158.jpg 300w, https:\/\/jamonesibericosmadrid.com\/wp-content\/uploads\/2018\/02\/red-wine-pouring-from-bottle-glas.2e16d0ba.fill-1800x945-1-400x210.jpg 400w, https:\/\/jamonesibericosmadrid.com\/wp-content\/uploads\/2018\/02\/red-wine-pouring-from-bottle-glas.2e16d0ba.fill-1800x945-1-500x263.jpg 500w, https:\/\/jamonesibericosmadrid.com\/wp-content\/uploads\/2018\/02\/red-wine-pouring-from-bottle-glas.2e16d0ba.fill-1800x945-1-600x315.jpg 600w, https:\/\/jamonesibericosmadrid.com\/wp-content\/uploads\/2018\/02\/red-wine-pouring-from-bottle-glas.2e16d0ba.fill-1800x945-1-700x368.jpg 700w, https:\/\/jamonesibericosmadrid.com\/wp-content\/uploads\/2018\/02\/red-wine-pouring-from-bottle-glas.2e16d0ba.fill-1800x945-1-768x403.jpg 768w, https:\/\/jamonesibericosmadrid.com\/wp-content\/uploads\/2018\/02\/red-wine-pouring-from-bottle-glas.2e16d0ba.fill-1800x945-1-800x420.jpg 800w, https:\/\/jamonesibericosmadrid.com\/wp-content\/uploads\/2018\/02\/red-wine-pouring-from-bottle-glas.2e16d0ba.fill-1800x945-1-1024x538.jpg 1024w, https:\/\/jamonesibericosmadrid.com\/wp-content\/uploads\/2018\/02\/red-wine-pouring-from-bottle-glas.2e16d0ba.fill-1800x945-1-1200x630.jpg 1200w, https:\/\/jamonesibericosmadrid.com\/wp-content\/uploads\/2018\/02\/red-wine-pouring-from-bottle-glas.2e16d0ba.fill-1800x945-1-1536x806.jpg 1536w, https:\/\/jamonesibericosmadrid.com\/wp-content\/uploads\/2018\/02\/red-wine-pouring-from-bottle-glas.2e16d0ba.fill-1800x945-1.jpg 1800w\" sizes=\"(max-width: 300px) 100vw, 300px\" \/> 904 Gran Reserva 2015[\/caption]\n<p><strong>96\/100 Parker<br \/>\n95\/100 Pe\u00f1\u00edn<\/strong><\/p>\n<p>Vin complexe, ouvert et tr\u00e8s s\u00e9rieux au nez.<\/p>\n<p>Profusion d&rsquo;ar\u00f4mes de c\u00e8dre, de bois pr\u00e9cieux, de cave \u00e0 cigares, de tabac blond, et de nuances grill\u00e9es, presque cr\u00e9meuses, qui s&rsquo;ouvrent sur des notes de caf\u00e9 fra\u00eechement moulu.<\/p>\n","protected":false},"featured_media":781,"comment_status":"open","ping_status":"closed","template":"","meta":[],"product_brand":[],"product_cat":[68],"product_tag":[],"class_list":{"0":"post-7484","1":"product","2":"type-product","3":"status-publish","4":"has-post-thumbnail","6":"product_cat-vins","7":"tm-no-options","9":"first","10":"instock","11":"taxable","12":"shipping-taxable","13":"purchasable","14":"product-type-simple"},"_links":{"self":[{"href":"https:\/\/jamonesibericosmadrid.com\/fr\/wp-json\/wp\/v2\/product\/7484","targetHints":{"allow":["GET"]}}],"collection":[{"href":"https:\/\/jamonesibericosmadrid.com\/fr\/wp-json\/wp\/v2\/product"}],"about":[{"href":"https:\/\/jamonesibericosmadrid.com\/fr\/wp-json\/wp\/v2\/types\/product"}],"replies":[{"embeddable":true,"href":"https:\/\/jamonesibericosmadrid.com\/fr\/wp-json\/wp\/v2\/comments?post=7484"}],"wp:featuredmedia":[{"embeddable":true,"href":"https:\/\/jamonesibericosmadrid.com\/fr\/wp-json\/wp\/v2\/media\/781"}],"wp:attachment":[{"href":"https:\/\/jamonesibericosmadrid.com\/fr\/wp-json\/wp\/v2\/media?parent=7484"}],"wp:term":[{"taxonomy":"product_brand","embeddable":true,"href":"https:\/\/jamonesibericosmadrid.com\/fr\/wp-json\/wp\/v2\/product_brand?post=7484"},{"taxonomy":"product_cat","embeddable":true,"href":"https:\/\/jamonesibericosmadrid.com\/fr\/wp-json\/wp\/v2\/product_cat?post=7484"},{"taxonomy":"product_tag","embeddable":true,"href":"https:\/\/jamonesibericosmadrid.com\/fr\/wp-json\/wp\/v2\/product_tag?post=7484"}],"curies":[{"name":"wp","href":"https:\/\/api.w.org\/{rel}","templated":true}]}}