{"id":7606,"date":"2024-02-28T16:14:43","date_gmt":"2024-02-28T15:14:43","guid":{"rendered":"https:\/\/jamonesibericosmadrid.com\/?post_type=product&#038;p=7606"},"modified":"2024-02-28T16:52:22","modified_gmt":"2024-02-28T15:52:22","slug":"aster-el-espino-2020","status":"publish","type":"product","link":"https:\/\/jamonesibericosmadrid.com\/fr\/producto\/aster-el-espino-2020\/","title":{"rendered":"Aster El Espino 2020"},"content":{"rendered":"<h1>Aster El Espino 2020<\/h1>\n<p>Lumineux couleur cerise de la couche moyenne sup\u00e9rieure et grante fond. Au nez, on d\u00e9couvre sa large gamme aromatique et forte intensit\u00e9. fruits m\u00fbrs, doux ar\u00f4mes de sous-bois, fond \u00e9pic\u00e9, avec des notes de bois franc, le c\u00e8dre, le sapin baumier, du caf\u00e9 et de r\u00e9glisse. En bouche, le pouvoir et l&rsquo;\u00e9quilibre d&rsquo;un Ribera del Duero \u00e0 c\u00f4t\u00e9 d&rsquo;une belle, des tanins ronds apprivois\u00e9s.<\/p>\n<p>C&rsquo;est un vin de grande race, provenant d&rsquo;un mill\u00e9sime de r\u00eave et \u00e9labor\u00e9 \u00e0 partir des vignes les plus anciennes du domaine. A la d\u00e9gustation: c&rsquo;est d&rsquo;abord une robe d&rsquo;un intense rouge cerise, au nez ce sont les ar\u00f4mes grill\u00e9s et de noisette dus \u00e0 l&rsquo;oxydation en cuve qui dominent.<\/p>\n<p>Il poss\u00e8de une palette de saveurs qui vont du bois vieilli aux tanins amers du ch\u00eane en passant par l&#8217;empreinte douce de l&rsquo;alcool.<\/p>\n<p class=\"migas\"><a class=\"rojo\" href=\"https:\/\/jamonesibericosmadrid.com\/fr\/champagnes-et-vins\/\" target=\"_blank\" rel=\"noopener\">Du Vin<\/a>\u00a0\/\u00a0<a class=\"rojo\" href=\"https:\/\/www.riberadelduero.es\/\" target=\"_blank\" rel=\"nofollow noopener\">Ribera del Duero\u00a0<\/a>\/\u00a0Rouge\u00a0\/\u00a0Aster<\/p>\n<div class=\"left p_column\">\n<div id=\"attachment_7438\" style=\"width: 310px\" class=\"wp-caption alignleft\"><img decoding=\"async\" aria-describedby=\"caption-attachment-7438\" class=\"wp-image-7438 size-medium\" src=\"https:\/\/jamonesibericosmadrid.com\/wp-content\/uploads\/2018\/02\/red-wine-pouring-from-bottle-glas.2e16d0ba.fill-1800x945-1-300x158.jpg\" alt=\"Aster El Espino 2020\" width=\"300\" height=\"158\" srcset=\"https:\/\/jamonesibericosmadrid.com\/wp-content\/uploads\/2018\/02\/red-wine-pouring-from-bottle-glas.2e16d0ba.fill-1800x945-1-200x105.jpg 200w, https:\/\/jamonesibericosmadrid.com\/wp-content\/uploads\/2018\/02\/red-wine-pouring-from-bottle-glas.2e16d0ba.fill-1800x945-1-300x158.jpg 300w, https:\/\/jamonesibericosmadrid.com\/wp-content\/uploads\/2018\/02\/red-wine-pouring-from-bottle-glas.2e16d0ba.fill-1800x945-1-400x210.jpg 400w, https:\/\/jamonesibericosmadrid.com\/wp-content\/uploads\/2018\/02\/red-wine-pouring-from-bottle-glas.2e16d0ba.fill-1800x945-1-500x263.jpg 500w, https:\/\/jamonesibericosmadrid.com\/wp-content\/uploads\/2018\/02\/red-wine-pouring-from-bottle-glas.2e16d0ba.fill-1800x945-1-600x315.jpg 600w, https:\/\/jamonesibericosmadrid.com\/wp-content\/uploads\/2018\/02\/red-wine-pouring-from-bottle-glas.2e16d0ba.fill-1800x945-1-700x368.jpg 700w, https:\/\/jamonesibericosmadrid.com\/wp-content\/uploads\/2018\/02\/red-wine-pouring-from-bottle-glas.2e16d0ba.fill-1800x945-1-768x403.jpg 768w, https:\/\/jamonesibericosmadrid.com\/wp-content\/uploads\/2018\/02\/red-wine-pouring-from-bottle-glas.2e16d0ba.fill-1800x945-1-800x420.jpg 800w, https:\/\/jamonesibericosmadrid.com\/wp-content\/uploads\/2018\/02\/red-wine-pouring-from-bottle-glas.2e16d0ba.fill-1800x945-1-1024x538.jpg 1024w, https:\/\/jamonesibericosmadrid.com\/wp-content\/uploads\/2018\/02\/red-wine-pouring-from-bottle-glas.2e16d0ba.fill-1800x945-1-1200x630.jpg 1200w, https:\/\/jamonesibericosmadrid.com\/wp-content\/uploads\/2018\/02\/red-wine-pouring-from-bottle-glas.2e16d0ba.fill-1800x945-1-1536x806.jpg 1536w, https:\/\/jamonesibericosmadrid.com\/wp-content\/uploads\/2018\/02\/red-wine-pouring-from-bottle-glas.2e16d0ba.fill-1800x945-1.jpg 1800w\" sizes=\"(max-width: 300px) 100vw, 300px\" \/><p id=\"caption-attachment-7438\" class=\"wp-caption-text\">Aster El Espino 2020<\/p><\/div>\n<h1>Aster El Espino 2020<\/h1>\n<div id=\"valoracionID\"><\/div>\n<div>\n<ul class=\"ficha\">\n<li><b>RAISIN CHANGE:<\/b>\u00a0<a class=\"h2 rojo\" href=\"https:\/\/www.iberowine.com\/fr\/vins\/tinta-del-pais-raisin\" target=\"_blank\" rel=\"noopener\">Tinta del pa\u00eds raisin<\/a><\/li>\n<li><b>TYPE DE VIN:<\/b>\u00a0<a class=\"h2 rojo\" href=\"https:\/\/www.iberowine.com\/fr\/vins\/rouge\" target=\"_blank\" rel=\"noopener\">Rouge<\/a><\/li>\n<li><b>APPELLATION D&rsquo;ORIGINE:<\/b>\u00a0<a class=\"h2 rojo\" href=\"https:\/\/www.iberowine.com\/fr\/vins\/ribera-del-duero\" target=\"_blank\" rel=\"noopener\">Ribera del Duero<\/a><\/li>\n<li><b>CONTENU DE L&rsquo;ALCOOL:<\/b>\u00a014,5\u00ba vol.<\/li>\n<li class=\"separador\"><b>TEMP\u00c9RATURE DE SERVICE:<\/b>\u00a016\u00ba C<\/li>\n<li><b>CAVE:<\/b>\u00a0<a class=\"h2 rojo\" href=\"https:\/\/www.iberowine.com\/fr\/vins\/aster\" target=\"_blank\" rel=\"noopener\">Aster<\/a><\/li>\n<li class=\"separador\"><b>NOTES DE D\u00c9GUSTATION:<\/b>\u00a0Lumineux couleur cerise de la couche moyenne sup\u00e9rieure et grante fond. Au nez, on d\u00e9couvre sa large gamme aromatique et forte intensit\u00e9. fruits m\u00fbrs, doux ar\u00f4mes de sous-bois, fond \u00e9pic\u00e9, avec des notes de bois franc, le c\u00e8dre, le sapin baumier, du caf\u00e9 et de r\u00e9glisse. En bouche, le pouvoir et l&rsquo;\u00e9quilibre d&rsquo;un Ribera del Duero \u00e0 c\u00f4t\u00e9 d&rsquo;une belle, des tanins ronds apprivois\u00e9s.<\/li>\n<li class=\"separador\"><b>BARREL VIEILLISSEMENT:<\/b>\u00a022 mois<\/li>\n<li><b>MARK \/ PRODUCTEUR:<\/b>\u00a0Aster<\/li>\n<li><b>ORIGINE:<\/b>\u00a0Burgos-Sapin<\/li>\n<\/ul>\n<\/div>\n<div>\n<div id=\"capa_texto_corto\">\n<p>Particularit\u00e9s du vin:<\/p>\n<h3><em><strong>Elaboration d&rsquo;Aster El Espino 2020<\/strong><\/em><\/h3>\n<p>Apr\u00e8s avoir franchi la table de s\u00e9lection, un l\u00e9ger \u00e9grappage et un \u00e9crasement et quelques jours de mac\u00e9ration pr\u00e9-fermentaire, les raisins ont \u00e9t\u00e9 transf\u00e9r\u00e9s dans des cuves o\u00f9 la fermentation alcoolique a \u00e9t\u00e9 effectu\u00e9e. Apr\u00e8s 16 jours de fermentation, le vin a fait le malolactique en f\u00fbts de ch\u00eane fran\u00e7ais avec battonages hebdomadaires.<\/p>\n<h2>Aster El Espino 2020<\/h2>\n<p>L&rsquo;\u00e9levage a \u00e9t\u00e9 r\u00e9alis\u00e9 pendant 22 mois en f\u00fbts de ch\u00eane fran\u00e7ais neufs (70%) et le reste, en f\u00fbts de ch\u00eane fran\u00e7ais, de deux vins. Trois soutirages ont \u00e9t\u00e9 r\u00e9alis\u00e9s selon la m\u00e9thode traditionnelle.<\/p>\n<h3><em><strong>La cave Aster\u00a0<\/strong><\/em><\/h3>\n<p>La cave est n\u00e9e en 1990. Les installations d\u2019Aster ont \u00e9t\u00e9 construites en 2002 avec une esth\u00e9tique intemporelle et \u00e9l\u00e9gante.<\/p>\n<p>Le manoir, ouvert au tourisme viticole, s\u2019int\u00e8gre naturellement dans les installations de la cave o\u00f9 se distingue la salle d\u2019\u00e9laboration, une nef diaphane, \u00e0 partir de laquelle on peut voir le vignoble, et pr\u00e9sentant un attrait visuel: plusieurs rang\u00e9es de bouches de r\u00e9servoirs en acier inoxydable.<\/p>\n<p>Ici se trouve, au moment des r\u00e9coltes, la table de s\u00e9lection \u00e0 travers laquelle passent toutes les grappes avant de commencer votre \u00abvoyage\u00bb par un \u00e9tablissement vinicole dot\u00e9 de la technologie la plus avanc\u00e9e.<\/p>\n<p>La nef en tonneau, d&rsquo;une capacit\u00e9 de 4 000 unit\u00e9s, constitue un autre attrait pour le visiteur.<br \/>\nActuellement, 2 700 f\u00fbts de ch\u00eane fran\u00e7ais sont stock\u00e9s dans cette cabane, \u00e0 l&rsquo;abri de l&rsquo;ext\u00e9rieur, dans laquelle sont \u00e9lev\u00e9s les vins destin\u00e9s \u00e0 \u00c1ster Finca El Otero et \u00c1ster Crianza avant d&rsquo;\u00eatre arrondis dans les casiers \u00e0 vins silencieux.<\/p>\n<h2>Aster El Espino 2020<\/h2>\n<p>Ribera del Duero, une d\u00e9nomination situ\u00e9e en <a href=\"https:\/\/jamonesibericosmadrid.com\/fr\/produit\/jambon-iberique-pureza-pedro-nieto\/\" target=\"_blank\" rel=\"noopener\">Castille-et-Le\u00f3n<\/a>, le long du fleuve Douro. Il occupe les provinces de Valladolid, Burgos, Segovia et Soria.<\/p>\n<h3><em><strong>Vari\u00e9t\u00e9 de raisins utilis\u00e9s dans le vin Aster\u00a0\u00a0<\/strong><\/em><\/h3>\n<p>100% Tinta del Pais de nos parcelles Fuentecojo, Otero Joven et La Cueva qui entourent la cave \u00e0 Anguix (Burgos), situ\u00e9e dans des sols limono-limoneux et \u00e0 une altitude proche de 780 m\u00e8tres. Nous vendangons les raisins manuellement t\u00f4t le matin, lorsque les temp\u00e9ratures sont plus basses, ne coupant que les grappes en parfait \u00e9tat de maturation et de sant\u00e9 et pr\u00e9servant l&rsquo;int\u00e9grit\u00e9 des f\u00e8ves jusqu&rsquo;\u00e0 leur entr\u00e9e dans la cave par petites bo\u00eetes de 20 kg.<\/p>\n<\/div>\n<\/div>\n<\/div>\n<p>&nbsp;<\/p>\n","protected":false},"excerpt":{"rendered":"<h1>Aster El Espino 2020<\/h1>\n[caption id=\"attachment_7615\" align=\"alignleft\" width=\"52\"]<img decoding=\"async\" class=\"wp-image-7615\" src=\"https:\/\/jamonesibericosmadrid.com\/wp-content\/uploads\/2024\/02\/El_Espino_2020.png.114x450_q85-75x300.png\" alt=\"Aster El Espino 2020\" width=\"52\" height=\"208\" srcset=\"https:\/\/jamonesibericosmadrid.com\/wp-content\/uploads\/2024\/02\/El_Espino_2020.png.114x450_q85-75x300.png 75w, https:\/\/jamonesibericosmadrid.com\/wp-content\/uploads\/2024\/02\/El_Espino_2020.png.114x450_q85.png 112w\" sizes=\"(max-width: 52px) 100vw, 52px\" \/> Aster El Espino 2020[\/caption]\n<p>C&rsquo;est un vin de grande race, provenant d&rsquo;un mill\u00e9sime de r\u00eave et \u00e9labor\u00e9 \u00e0 partir des vignes les plus anciennes du domaine.<\/p>\n<p>100% Tinta del Pais de nos parcelles Fuentecojo, Otero Joven et La Cueva qui entourent la cave \u00e0 Anguix (Burgos), situ\u00e9e dans des sols limono-limoneux et \u00e0 une altitude proche de 780 m\u00e8tres. Nous vendangons les raisins manuellement t\u00f4t le matin, lorsque les temp\u00e9ratures sont plus basses, ne coupant que les grappes en parfait \u00e9tat de maturation et de sant\u00e9 et pr\u00e9servant l&rsquo;int\u00e9grit\u00e9 des f\u00e8ves jusqu&rsquo;\u00e0 leur entr\u00e9e dans la cave par petites bo\u00eetes de 20 kg.<\/p>\n","protected":false},"featured_media":7618,"comment_status":"open","ping_status":"closed","template":"","meta":[],"product_brand":[],"product_cat":[68],"product_tag":[],"class_list":{"0":"post-7606","1":"product","2":"type-product","3":"status-publish","4":"has-post-thumbnail","6":"product_cat-vins","7":"tm-no-options","9":"first","10":"instock","11":"taxable","12":"shipping-taxable","13":"purchasable","14":"product-type-simple"},"_links":{"self":[{"href":"https:\/\/jamonesibericosmadrid.com\/fr\/wp-json\/wp\/v2\/product\/7606","targetHints":{"allow":["GET"]}}],"collection":[{"href":"https:\/\/jamonesibericosmadrid.com\/fr\/wp-json\/wp\/v2\/product"}],"about":[{"href":"https:\/\/jamonesibericosmadrid.com\/fr\/wp-json\/wp\/v2\/types\/product"}],"replies":[{"embeddable":true,"href":"https:\/\/jamonesibericosmadrid.com\/fr\/wp-json\/wp\/v2\/comments?post=7606"}],"wp:featuredmedia":[{"embeddable":true,"href":"https:\/\/jamonesibericosmadrid.com\/fr\/wp-json\/wp\/v2\/media\/7618"}],"wp:attachment":[{"href":"https:\/\/jamonesibericosmadrid.com\/fr\/wp-json\/wp\/v2\/media?parent=7606"}],"wp:term":[{"taxonomy":"product_brand","embeddable":true,"href":"https:\/\/jamonesibericosmadrid.com\/fr\/wp-json\/wp\/v2\/product_brand?post=7606"},{"taxonomy":"product_cat","embeddable":true,"href":"https:\/\/jamonesibericosmadrid.com\/fr\/wp-json\/wp\/v2\/product_cat?post=7606"},{"taxonomy":"product_tag","embeddable":true,"href":"https:\/\/jamonesibericosmadrid.com\/fr\/wp-json\/wp\/v2\/product_tag?post=7606"}],"curies":[{"name":"wp","href":"https:\/\/api.w.org\/{rel}","templated":true}]}}