{"id":7903,"date":"2024-11-15T19:41:10","date_gmt":"2024-11-15T18:41:10","guid":{"rendered":"https:\/\/jamonesibericosmadrid.com\/?post_type=product&#038;p=7903"},"modified":"2025-11-24T14:26:51","modified_gmt":"2025-11-24T13:26:51","slug":"jamon-iberico-de-bellota-75-do-guijuelo-2018","status":"publish","type":"product","link":"https:\/\/jamonesibericosmadrid.com\/fr\/producto\/jamon-iberico-de-bellota-75-do-guijuelo-2018\/","title":{"rendered":"Jam\u00f3n Ib\u00e9rico de bellota Vintage 2018"},"content":{"rendered":"<h1>Jam\u00f3n Ib\u00e9rico de bellota Vintage 2018<\/h1>\n<p>Jambon ib\u00e9rique\u00a0 Guijuelo , Grande Selection. Affinages de\u00a0 72-80 mois et \u00e9levage en libert\u00e9 et alimentation aux glands (bellotas)<br \/>\nLe producteur veille strictement \u00e0 la qualit\u00e9 des jambons de cette appellation.<\/p>\n<p>Cela donne comme r\u00e9sultat les jambons doux et aromatiques de la commune de <a href=\"https:\/\/es.wikipedia.org\/wiki\/Guijuelo\" target=\"_blank\" rel=\"noopener\">Guijuelo<\/a>, r\u00e9gion de Salamanca.\u201cQualit\u00e9 certifi\u00e9e\u201d.<\/p>\n<p>Nos porcs nourris au gland, de race ib\u00e9rique \u00e0 75%, atteignent 18 et m\u00eame 20 mois. Ils sont \u00e2g\u00e9s d\u2019un an et demi de plus que les porcs ib\u00e9riques normalement utilis\u00e9s dans cette cat\u00e9gorie et c\u2019est ce qui leur permet d\u2019avoir une double \u201cmontanera\u201d.<\/p>\n<p>C\u2019est pour cette raison qu\u2019ils atteignent ce d\u00e9veloppement musculaire et squelettique complet, toujours dans les p\u00e2turages, courant en libert\u00e9 et se nourrissant des glands extraordinaires des ch\u00eanes verts et des ch\u00eanes-li\u00e8ges.<\/p>\n<div id=\"attachment_6692\" style=\"width: 310px\" class=\"wp-caption alignleft\"><img decoding=\"async\" aria-describedby=\"caption-attachment-6692\" class=\"wp-image-6692 size-medium\" src=\"https:\/\/jamonesibericosmadrid.com\/wp-content\/uploads\/2023\/02\/el-mundo-del-jamon-y-el-jamon-en-el-mundo-300x169.jpg\" alt=\"Jambon ib\u00e9rique de Guijuelo Pureza 2021\" width=\"300\" height=\"169\" srcset=\"https:\/\/jamonesibericosmadrid.com\/wp-content\/uploads\/2023\/02\/el-mundo-del-jamon-y-el-jamon-en-el-mundo-200x112.jpg 200w, https:\/\/jamonesibericosmadrid.com\/wp-content\/uploads\/2023\/02\/el-mundo-del-jamon-y-el-jamon-en-el-mundo-300x169.jpg 300w, https:\/\/jamonesibericosmadrid.com\/wp-content\/uploads\/2023\/02\/el-mundo-del-jamon-y-el-jamon-en-el-mundo-400x225.jpg 400w, https:\/\/jamonesibericosmadrid.com\/wp-content\/uploads\/2023\/02\/el-mundo-del-jamon-y-el-jamon-en-el-mundo-500x281.jpg 500w, https:\/\/jamonesibericosmadrid.com\/wp-content\/uploads\/2023\/02\/el-mundo-del-jamon-y-el-jamon-en-el-mundo-600x337.jpg 600w, https:\/\/jamonesibericosmadrid.com\/wp-content\/uploads\/2023\/02\/el-mundo-del-jamon-y-el-jamon-en-el-mundo-700x393.jpg 700w, https:\/\/jamonesibericosmadrid.com\/wp-content\/uploads\/2023\/02\/el-mundo-del-jamon-y-el-jamon-en-el-mundo-768x432.jpg 768w, https:\/\/jamonesibericosmadrid.com\/wp-content\/uploads\/2023\/02\/el-mundo-del-jamon-y-el-jamon-en-el-mundo-800x450.jpg 800w, https:\/\/jamonesibericosmadrid.com\/wp-content\/uploads\/2023\/02\/el-mundo-del-jamon-y-el-jamon-en-el-mundo.jpg 1000w\" sizes=\"(max-width: 300px) 100vw, 300px\" \/><p id=\"caption-attachment-6692\" class=\"wp-caption-text\">Jambon ib\u00e9rique de bellota Vintage 2018<\/p><\/div>\n<h2>Jam\u00f3n Ib\u00e9rico de bellota Vintage 2018<\/h2>\n<p>De cette mani\u00e8re, ils prennent ou reconstituent jusqu\u2019\u00e0 70 kg au cours de la deuxi\u00e8me \u201cmontanera\u201d (p\u00e9riode d\u2019engraissement).<\/p>\n<p>C\u2019est de ces porcs que proviennent nos jambons ib\u00e9riques nourris aux glands \u00e0 75% Raza Ib\u00e9rica, qui sont affin\u00e9s pendant un minimum de 36 mois, toujours dans nos s\u00e9choirs naturels et nos caves de Guijuelo.<\/p>\n<p>Nos porcs nourris au gland, de race ib\u00e9rique\u00a0 atteignent 30 et m\u00eame 36 mois. Ils sont \u00e2g\u00e9s d\u2019un an et demi de plus que les porcs ib\u00e9riques normalement utilis\u00e9s dans cette cat\u00e9gorie et c\u2019est ce qui leur permet d\u2019avoir une double \u201cmontanera\u201d.<\/p>\n<p>C\u2019est pour cette raison qu\u2019ils atteignent ce d\u00e9veloppement musculaire et squelettique complet, toujours dans les p\u00e2turages, courant en libert\u00e9 et se nourrissant des glands extraordinaires des ch\u00eanes verts et des ch\u00eanes-li\u00e8ges.<\/p>\n<h2>Jam\u00f3n Ib\u00e9rico de bellota Vintage 2018<\/h2>\n<p>De cette mani\u00e8re, ils prennent ou reconstituent jusqu\u2019\u00e0 70 kg au cours de la deuxi\u00e8me \u201cmontanera\u201d (p\u00e9riode d\u2019engraissement).<\/p>\n<p>C\u2019est de ces porcs que proviennent nos jambons ib\u00e9riques nourris aux glands \u00e0 75% Raza Ib\u00e9rica, qui sont affin\u00e9s pendant un minimum de 72 mois, toujours dans nos s\u00e9choirs naturels et nos caves de Guijuelo.<\/p>\n<div class=\"elementor-column elementor-col-50 elementor-inner-column elementor-element elementor-element-d4e28d0\" data-id=\"d4e28d0\" data-element_type=\"column\">\n<div class=\"elementor-column-wrap elementor-element-populated\">\n<div class=\"elementor-widget-wrap\">\n<div class=\"elementor-element elementor-element-a2605ae elementor-widget elementor-widget-text-editor\" data-id=\"a2605ae\" data-element_type=\"widget\" data-widget_type=\"text-editor.default\">\n<div class=\"elementor-widget-container\">\n<div class=\"elementor-text-editor elementor-clearfix\">\n<p>ASPECT<\/p>\n<\/div>\n<\/div>\n<\/div>\n<div class=\"elementor-element elementor-element-8399280 elementor-widget elementor-widget-text-editor\" data-id=\"8399280\" data-element_type=\"widget\" data-widget_type=\"text-editor.default\">\n<div class=\"elementor-widget-container\">\n<div class=\"elementor-text-editor elementor-clearfix\">\n<p>Brillant et uniforme, avec une excellente couverture du gras.<\/p>\n<p>Des tranches d\u2019un rouge profond tachet\u00e9es de thyroxine, l\u2019acide amin\u00e9 qui se cristallise sous l\u2019effet d\u2019une excellente maturation.<\/p>\n<\/div>\n<\/div>\n<\/div>\n<div class=\"elementor-element elementor-element-6f91fe7 elementor-widget elementor-widget-text-editor\" data-id=\"6f91fe7\" data-element_type=\"widget\" data-widget_type=\"text-editor.default\">\n<div class=\"elementor-widget-container\">\n<div class=\"elementor-text-editor elementor-clearfix\">\n<p>AROMA<\/p>\n<\/div>\n<\/div>\n<\/div>\n<div class=\"elementor-element elementor-element-2ca2220 elementor-widget elementor-widget-text-editor\" data-id=\"2ca2220\" data-element_type=\"widget\" data-widget_type=\"text-editor.default\">\n<div class=\"elementor-widget-container\">\n<div class=\"elementor-text-editor elementor-clearfix\">\n<p>Ar\u00f4mes puissants, agr\u00e9ables, sp\u00e9cifiques, attractifs.<\/p>\n<p>Ils restent longs, tr\u00e8s francs et clairs.<br \/>\nEn arri\u00e8re-plan, il pr\u00e9sente des notes tr\u00e8s sinc\u00e8res de fruits secs frais et de noix.<\/p>\n<\/div>\n<\/div>\n<\/div>\n<\/div>\n<\/div>\n<\/div>\n<div class=\"elementor-column elementor-col-50 elementor-inner-column elementor-element elementor-element-1e5484b\" data-id=\"1e5484b\" data-element_type=\"column\">\n<div class=\"elementor-column-wrap elementor-element-populated\">\n<div class=\"elementor-widget-wrap\">\n<div class=\"elementor-element elementor-element-0268830 elementor-widget elementor-widget-text-editor\" data-id=\"0268830\" data-element_type=\"widget\" data-widget_type=\"text-editor.default\">\n<div class=\"elementor-widget-container\">\n<div class=\"elementor-text-editor elementor-clearfix\">\n<h3>Jam\u00f3n Ib\u00e9rico de bellota Vintage 2018<\/h3>\n<p>TEXTURE<\/p>\n<\/div>\n<\/div>\n<\/div>\n<div class=\"elementor-element elementor-element-3149285 elementor-widget elementor-widget-text-editor\" data-id=\"3149285\" data-element_type=\"widget\" data-widget_type=\"text-editor.default\">\n<div class=\"elementor-widget-container\">\n<div class=\"elementor-text-editor elementor-clearfix\">\n<p>Texture juteuse, tr\u00e8s agr\u00e9able en bouche.<\/p>\n<p>Tendre mais ferme : conserve sa structure pendant la mastication.<\/p>\n<\/div>\n<\/div>\n<\/div>\n<div class=\"elementor-element elementor-element-d0834bc elementor-widget elementor-widget-text-editor\" data-id=\"d0834bc\" data-element_type=\"widget\" data-widget_type=\"text-editor.default\">\n<div class=\"elementor-widget-container\">\n<div class=\"elementor-text-editor elementor-clearfix\">\n<p>TASTE<\/p>\n<\/div>\n<\/div>\n<\/div>\n<div class=\"elementor-element elementor-element-11ecb1e elementor-widget elementor-widget-text-editor\" data-id=\"11ecb1e\" data-element_type=\"widget\" data-widget_type=\"text-editor.default\">\n<div class=\"elementor-widget-container\">\n<div class=\"elementor-text-editor elementor-clearfix\">\n<p>Fin, personnel, \u00e9quilibr\u00e9, savoureux. C\u2019est un jambon \u00e9l\u00e9gant qui impr\u00e8gne ses saveurs fondamentales d\u00e9j\u00e0 en bouche.<\/p>\n<p>Son excellent \u00e9quilibre en salinit\u00e9 r\u00e9v\u00e8le les justes notes sucr\u00e9es, l\u00e9g\u00e8res et claires, qui nuancent pr\u00e9cis\u00e9ment les points caract\u00e9ristiques de l\u2019amertume.<\/p>\n<\/div>\n<\/div>\n<\/div>\n<\/div>\n<\/div>\n<\/div>\n<div class=\"elementor-element elementor-element-f3020e4 elementor-widget elementor-widget-heading\" data-id=\"f3020e4\" data-element_type=\"widget\" data-widget_type=\"heading.default\">\n<div class=\"elementor-widget-container\">\n<h2 class=\"elementor-heading-title elementor-size-default\">Appariement<\/h2>\n<\/div>\n<\/div>\n<div class=\"elementor-element elementor-element-4487e6f elementor-widget elementor-widget-text-editor\" data-id=\"4487e6f\" data-element_type=\"widget\" data-widget_type=\"text-editor.default\">\n<div class=\"elementor-widget-container\">\n<div class=\"elementor-text-editor elementor-clearfix\">\n<p>Vino fino, manzanilla de Jerez, bi\u00e8re blonde l\u00e9g\u00e8re ou jeune <a href=\"https:\/\/jamonesibericosmadrid.com\/fr\/?attachment_id=201\" target=\"_blank\" rel=\"noopener\">vermouth blanc<\/a> de Reus accompagnent bien le jambon ib\u00e9rique nourri au gland Lopez Pascual.<\/p>\n<\/div>\n<\/div>\n<\/div>\n<h3>Jam\u00f3n Ib\u00e9rico de bellota Vintage 2018<\/h3>\n<p>Ingr\u00e9dients. jambon de porc ib\u00e9rique , sel marin.<\/p>\n","protected":false},"excerpt":{"rendered":"<h1>Jam\u00f3n Ib\u00e9rico de bellota Vintage 2018<\/h1>\n<h3>Derniers sp\u00e9cimens avec plus de 7 ans de maturation. Un bijou unique<\/h3>\n[caption id=\"attachment_5019\" align=\"alignleft\" width=\"189\"]<img decoding=\"async\" class=\"wp-image-5019\" src=\"https:\/\/jamonesibericosmadrid.com\/wp-content\/uploads\/2021\/02\/FOTO-DE-PRODUCTOS-JAMON-1-300x206.jpg\" alt=\"Jambon ib\u00e9rique de Guijuelo Pureza 2021\" width=\"189\" height=\"130\" srcset=\"https:\/\/jamonesibericosmadrid.com\/wp-content\/uploads\/2021\/02\/FOTO-DE-PRODUCTOS-JAMON-1-200x137.jpg 200w, https:\/\/jamonesibericosmadrid.com\/wp-content\/uploads\/2021\/02\/FOTO-DE-PRODUCTOS-JAMON-1-300x206.jpg 300w, https:\/\/jamonesibericosmadrid.com\/wp-content\/uploads\/2021\/02\/FOTO-DE-PRODUCTOS-JAMON-1-400x275.jpg 400w, https:\/\/jamonesibericosmadrid.com\/wp-content\/uploads\/2021\/02\/FOTO-DE-PRODUCTOS-JAMON-1-500x343.jpg 500w, https:\/\/jamonesibericosmadrid.com\/wp-content\/uploads\/2021\/02\/FOTO-DE-PRODUCTOS-JAMON-1.jpg 510w\" sizes=\"(max-width: 189px) 100vw, 189px\" \/> Jambon ib\u00e9rique de bellota Vintage 2018[\/caption]\n<p>C\u2019est pour cette raison qu\u2019ils atteignent ce d\u00e9veloppement musculaire et squelettique complet, toujours dans les p\u00e2turages, courant en libert\u00e9 et se nourrissant des glands extraordinaires des ch\u00eanes verts et des ch\u00eanes-li\u00e8ges.<\/p>\n<p>Le producteur veille strictement \u00e0 la qualit\u00e9 des jambons de cette appellation.Cela donne comme r\u00e9sultat les jambons doux et aromatiques de la commune de <a href=\"https:\/\/es.wikipedia.org\/wiki\/Guijuelo\" target=\"_blank\" rel=\"noopener\">Guijuelo<\/a>, r\u00e9gion de Salamanca.\u201cQualit\u00e9 certifi\u00e9e\u201d.<\/p>\n","protected":false},"featured_media":863,"comment_status":"open","ping_status":"closed","template":"","meta":[],"product_brand":[],"product_cat":[267,66],"product_tag":[],"class_list":{"0":"post-7903","1":"product","2":"type-product","3":"status-publish","4":"has-post-thumbnail","6":"product_cat-coupe-a-la-main","7":"product_cat-jambon-iberique","8":"tm-no-options","10":"first","11":"instock","12":"taxable","13":"shipping-taxable","14":"purchasable","15":"product-type-variable"},"_links":{"self":[{"href":"https:\/\/jamonesibericosmadrid.com\/fr\/wp-json\/wp\/v2\/product\/7903","targetHints":{"allow":["GET"]}}],"collection":[{"href":"https:\/\/jamonesibericosmadrid.com\/fr\/wp-json\/wp\/v2\/product"}],"about":[{"href":"https:\/\/jamonesibericosmadrid.com\/fr\/wp-json\/wp\/v2\/types\/product"}],"replies":[{"embeddable":true,"href":"https:\/\/jamonesibericosmadrid.com\/fr\/wp-json\/wp\/v2\/comments?post=7903"}],"wp:featuredmedia":[{"embeddable":true,"href":"https:\/\/jamonesibericosmadrid.com\/fr\/wp-json\/wp\/v2\/media\/863"}],"wp:attachment":[{"href":"https:\/\/jamonesibericosmadrid.com\/fr\/wp-json\/wp\/v2\/media?parent=7903"}],"wp:term":[{"taxonomy":"product_brand","embeddable":true,"href":"https:\/\/jamonesibericosmadrid.com\/fr\/wp-json\/wp\/v2\/product_brand?post=7903"},{"taxonomy":"product_cat","embeddable":true,"href":"https:\/\/jamonesibericosmadrid.com\/fr\/wp-json\/wp\/v2\/product_cat?post=7903"},{"taxonomy":"product_tag","embeddable":true,"href":"https:\/\/jamonesibericosmadrid.com\/fr\/wp-json\/wp\/v2\/product_tag?post=7903"}],"curies":[{"name":"wp","href":"https:\/\/api.w.org\/{rel}","templated":true}]}}